{"id":1621,"date":"2020-12-14T19:15:44","date_gmt":"2020-12-14T19:15:44","guid":{"rendered":"http:\/\/ortopediagorgo.com.ar\/?post_type=product&#038;p=1621"},"modified":"2020-12-14T19:20:55","modified_gmt":"2020-12-14T19:20:55","slug":"tensiometro-automatico-omron-hem-7120","status":"publish","type":"product","link":"https:\/\/ortopediagorgo.com.ar\/?product=tensiometro-automatico-omron-hem-7120","title":{"rendered":"TENSIOMETRO AUTOMATICO OMRON HEM-7120"},"content":{"rendered":"<p>Monitor de Presi\u00f3n Control que realiza lecturas de presi\u00f3n sist\u00f3lica, presi\u00f3n diast\u00f3lica y del pulso y<br \/>\nalerta al usuario cuando se detecta hipertensi\u00f3n. Con su Detector de Latido Irregular, tambi\u00e9n alerta<br \/>\nla presencia de latidos irregulares potencialmente peligrosos. Adicionalmente, cuenta con un<br \/>\nBrazalete Universal que se ajusta f\u00e1cil y c\u00f3modamente a brazos de 22 a 42 cm de circunferencia.<br \/>\n&#8211; Gu\u00eda de ajuste del brazalete.<br \/>\n&#8211; Detector de Latido Irregular.<br \/>\n&#8211; \u00daltima memoria. Almacena el resultado de la \u00faltima medici\u00f3n.<br \/>\n&#8211; 5 a\u00f1os de garant\u00eda.<br \/>\n&#8211; Con Validaci\u00f3n Cl\u00ednica Internacional.<\/p>\n","protected":false},"excerpt":{"rendered":"<p>Realiza lecturas de presi\u00f3n sist\u00f3lica, presi\u00f3n diast\u00f3lica y del pulso. Alerta al usuario cuando detecta colocaci\u00f3n incorrecta de brazalete y latidos.<\/p>\n","protected":false},"featured_media":1623,"comment_status":"open","ping_status":"closed","template":"","meta":{"_monsterinsights_skip_tracking":false,"_monsterinsights_sitenote_active":false,"_monsterinsights_sitenote_note":"","_monsterinsights_sitenote_category":0},"product_brand":[],"product_cat":[39],"product_tag":[43,41,44,42,40],"class_list":{"0":"post-1621","1":"product","2":"type-product","3":"status-publish","4":"has-post-thumbnail","6":"product_cat-tensiometro-digital-automatico-aneroide","7":"product_tag-arterial","8":"product_tag-automatico","9":"product_tag-control","10":"product_tag-omron","11":"product_tag-tensiometro","13":"first","14":"instock","15":"shipping-taxable","16":"product-type-simple"},"_links":{"self":[{"href":"https:\/\/ortopediagorgo.com.ar\/index.php?rest_route=\/wp\/v2\/product\/1621","targetHints":{"allow":["GET"]}}],"collection":[{"href":"https:\/\/ortopediagorgo.com.ar\/index.php?rest_route=\/wp\/v2\/product"}],"about":[{"href":"https:\/\/ortopediagorgo.com.ar\/index.php?rest_route=\/wp\/v2\/types\/product"}],"replies":[{"embeddable":true,"href":"https:\/\/ortopediagorgo.com.ar\/index.php?rest_route=%2Fwp%2Fv2%2Fcomments&post=1621"}],"version-history":[{"count":2,"href":"https:\/\/ortopediagorgo.com.ar\/index.php?rest_route=\/wp\/v2\/product\/1621\/revisions"}],"predecessor-version":[{"id":1625,"href":"https:\/\/ortopediagorgo.com.ar\/index.php?rest_route=\/wp\/v2\/product\/1621\/revisions\/1625"}],"wp:featuredmedia":[{"embeddable":true,"href":"https:\/\/ortopediagorgo.com.ar\/index.php?rest_route=\/wp\/v2\/media\/1623"}],"wp:attachment":[{"href":"https:\/\/ortopediagorgo.com.ar\/index.php?rest_route=%2Fwp%2Fv2%2Fmedia&parent=1621"}],"wp:term":[{"taxonomy":"product_brand","embeddable":true,"href":"https:\/\/ortopediagorgo.com.ar\/index.php?rest_route=%2Fwp%2Fv2%2Fproduct_brand&post=1621"},{"taxonomy":"product_cat","embeddable":true,"href":"https:\/\/ortopediagorgo.com.ar\/index.php?rest_route=%2Fwp%2Fv2%2Fproduct_cat&post=1621"},{"taxonomy":"product_tag","embeddable":true,"href":"https:\/\/ortopediagorgo.com.ar\/index.php?rest_route=%2Fwp%2Fv2%2Fproduct_tag&post=1621"}],"curies":[{"name":"wp","href":"https:\/\/api.w.org\/{rel}","templated":true}]}}