{"id":1657,"date":"2020-12-14T21:34:54","date_gmt":"2020-12-14T21:34:54","guid":{"rendered":"http:\/\/ortopediagorgo.com.ar\/?post_type=product&#038;p=1657"},"modified":"2020-12-14T21:34:54","modified_gmt":"2020-12-14T21:34:54","slug":"podometro-hj-321","status":"publish","type":"product","link":"https:\/\/ortopediagorgo.com.ar\/?product=podometro-hj-321","title":{"rendered":"Podometro HJ-321"},"content":{"rendered":"<p>Este pod\u00f3metro Tri-Axis cuenta con tecnolog\u00eda avanzada Smart Sensor 3D, que detecta exactamente cuando el usuario da un paso. C\u00f3modo de usar, se puede colocar en un bolsillo, bolso o en la cadera. Permite almacenar hasta 7 d\u00edas de actividad, facilitando el seguimiento diario y la consecuci\u00f3n de objetivos de actividad f\u00edsica.<\/p>\n<p>&#8211; Calor\u00edas quemadas.<br \/>\n&#8211; Pasos\/distancia.<br \/>\n&#8211; Pasos aer\u00f3bicos.<br \/>\n&#8211; Memoria para 7 d\u00edas.<br \/>\n&#8211; 1 a\u00f1o de Garant\u00eda.<\/p>\n","protected":false},"excerpt":{"rendered":"<p>Te muestra el n\u00famero de pasos realizados en cada sesi\u00f3n de marcha deportiva, la distancia recorrida, el tiempo transcurrido.<\/p>\n","protected":false},"featured_media":1658,"comment_status":"open","ping_status":"closed","template":"","meta":{"_monsterinsights_skip_tracking":false,"_monsterinsights_sitenote_active":false,"_monsterinsights_sitenote_note":"","_monsterinsights_sitenote_category":0},"product_brand":[],"product_cat":[48],"product_tag":[54,42,53],"class_list":{"0":"post-1657","1":"product","2":"type-product","3":"status-publish","4":"has-post-thumbnail","6":"product_cat-balanzas-y-fitness","7":"product_tag-deporte","8":"product_tag-omron","9":"product_tag-podometro","11":"first","12":"instock","13":"shipping-taxable","14":"product-type-simple"},"_links":{"self":[{"href":"https:\/\/ortopediagorgo.com.ar\/index.php?rest_route=\/wp\/v2\/product\/1657","targetHints":{"allow":["GET"]}}],"collection":[{"href":"https:\/\/ortopediagorgo.com.ar\/index.php?rest_route=\/wp\/v2\/product"}],"about":[{"href":"https:\/\/ortopediagorgo.com.ar\/index.php?rest_route=\/wp\/v2\/types\/product"}],"replies":[{"embeddable":true,"href":"https:\/\/ortopediagorgo.com.ar\/index.php?rest_route=%2Fwp%2Fv2%2Fcomments&post=1657"}],"version-history":[{"count":1,"href":"https:\/\/ortopediagorgo.com.ar\/index.php?rest_route=\/wp\/v2\/product\/1657\/revisions"}],"predecessor-version":[{"id":1660,"href":"https:\/\/ortopediagorgo.com.ar\/index.php?rest_route=\/wp\/v2\/product\/1657\/revisions\/1660"}],"wp:featuredmedia":[{"embeddable":true,"href":"https:\/\/ortopediagorgo.com.ar\/index.php?rest_route=\/wp\/v2\/media\/1658"}],"wp:attachment":[{"href":"https:\/\/ortopediagorgo.com.ar\/index.php?rest_route=%2Fwp%2Fv2%2Fmedia&parent=1657"}],"wp:term":[{"taxonomy":"product_brand","embeddable":true,"href":"https:\/\/ortopediagorgo.com.ar\/index.php?rest_route=%2Fwp%2Fv2%2Fproduct_brand&post=1657"},{"taxonomy":"product_cat","embeddable":true,"href":"https:\/\/ortopediagorgo.com.ar\/index.php?rest_route=%2Fwp%2Fv2%2Fproduct_cat&post=1657"},{"taxonomy":"product_tag","embeddable":true,"href":"https:\/\/ortopediagorgo.com.ar\/index.php?rest_route=%2Fwp%2Fv2%2Fproduct_tag&post=1657"}],"curies":[{"name":"wp","href":"https:\/\/api.w.org\/{rel}","templated":true}]}}