{"id":1755,"date":"2020-12-17T21:05:33","date_gmt":"2020-12-17T21:05:33","guid":{"rendered":"http:\/\/ortopediagorgo.com.ar\/?post_type=product&#038;p=1755"},"modified":"2020-12-17T21:05:33","modified_gmt":"2020-12-17T21:05:33","slug":"aerocamara","status":"publish","type":"product","link":"https:\/\/ortopediagorgo.com.ar\/?product=aerocamara","title":{"rendered":"Aeroc\u00e1mara"},"content":{"rendered":"<p>Ventajas del uso de la aeroc\u00e1mara:\u2063\u2063<br \/>\n\u2063<br \/>\n-Facilita la coordinaci\u00f3n del disparo del MDI (Inhalador de dosis medida) con la inhalaci\u00f3n del paciente, mejorando la eficacia terap\u00e9utica.\u2063\u2063<br \/>\n-Enlentece en la velocidad de salida del aerosol, consiguiendo que una menor cantidad de f\u00e1rmaco impacte en la orofaringe\u2063\u2063<br \/>\n-Aumenta la evaporaci\u00f3n del propelente.\u2063\u2063<br \/>\n\u2063\u2063<br \/>\nLas Aeroc\u00e1maras SILFAB son las \u00fanicas avaladas por la Asociaci\u00f3n Argentina de Medicina Respiratoria. \ud83c\udfc5\u2063\u2063<br \/>\nEleg\u00ed productos avalados. Eleg\u00ed SILFAB. \u2063\u2063<br \/>\n\u2063\u2063<br \/>\nDisponible en modelos para Uso Adulto, Pedi\u00e1trica y Neonatal.\u2063\u2063\u2063<\/p>\n","protected":false},"excerpt":{"rendered":"<p>Las aeroc\u00e1maras Silfab sirven para administrar medicamentos por v\u00eda inhalatoria. \u2063\u2063<\/p>\n","protected":false},"featured_media":1760,"comment_status":"open","ping_status":"closed","template":"","meta":{"_monsterinsights_skip_tracking":false,"_monsterinsights_sitenote_active":false,"_monsterinsights_sitenote_note":"","_monsterinsights_sitenote_category":0},"product_brand":[],"product_cat":[55],"product_tag":[76,57,58],"class_list":{"0":"post-1755","1":"product","2":"type-product","3":"status-publish","4":"has-post-thumbnail","6":"product_cat-nebulizadores-aspiradores-aerocamaras","7":"product_tag-aerocamaras","8":"product_tag-salud","9":"product_tag-silfab","11":"first","12":"instock","13":"shipping-taxable","14":"product-type-simple"},"_links":{"self":[{"href":"https:\/\/ortopediagorgo.com.ar\/index.php?rest_route=\/wp\/v2\/product\/1755","targetHints":{"allow":["GET"]}}],"collection":[{"href":"https:\/\/ortopediagorgo.com.ar\/index.php?rest_route=\/wp\/v2\/product"}],"about":[{"href":"https:\/\/ortopediagorgo.com.ar\/index.php?rest_route=\/wp\/v2\/types\/product"}],"replies":[{"embeddable":true,"href":"https:\/\/ortopediagorgo.com.ar\/index.php?rest_route=%2Fwp%2Fv2%2Fcomments&post=1755"}],"version-history":[{"count":2,"href":"https:\/\/ortopediagorgo.com.ar\/index.php?rest_route=\/wp\/v2\/product\/1755\/revisions"}],"predecessor-version":[{"id":1785,"href":"https:\/\/ortopediagorgo.com.ar\/index.php?rest_route=\/wp\/v2\/product\/1755\/revisions\/1785"}],"wp:featuredmedia":[{"embeddable":true,"href":"https:\/\/ortopediagorgo.com.ar\/index.php?rest_route=\/wp\/v2\/media\/1760"}],"wp:attachment":[{"href":"https:\/\/ortopediagorgo.com.ar\/index.php?rest_route=%2Fwp%2Fv2%2Fmedia&parent=1755"}],"wp:term":[{"taxonomy":"product_brand","embeddable":true,"href":"https:\/\/ortopediagorgo.com.ar\/index.php?rest_route=%2Fwp%2Fv2%2Fproduct_brand&post=1755"},{"taxonomy":"product_cat","embeddable":true,"href":"https:\/\/ortopediagorgo.com.ar\/index.php?rest_route=%2Fwp%2Fv2%2Fproduct_cat&post=1755"},{"taxonomy":"product_tag","embeddable":true,"href":"https:\/\/ortopediagorgo.com.ar\/index.php?rest_route=%2Fwp%2Fv2%2Fproduct_tag&post=1755"}],"curies":[{"name":"wp","href":"https:\/\/api.w.org\/{rel}","templated":true}]}}