{"id":1958,"date":"2020-12-22T20:15:20","date_gmt":"2020-12-22T20:15:20","guid":{"rendered":"http:\/\/ortopediagorgo.com.ar\/?post_type=product&#038;p=1958"},"modified":"2020-12-22T20:15:21","modified_gmt":"2020-12-22T20:15:21","slug":"munequera-elastica","status":"publish","type":"product","link":"https:\/\/ortopediagorgo.com.ar\/?product=munequera-elastica","title":{"rendered":"Mu\u00f1equera El\u00e1stica"},"content":{"rendered":"<h5 class=\"color\">Descripci\u00f3n \/ Indicaciones<\/h5>\n<ul>\n<li>Contribuye a una r\u00e1pida desinflamaci\u00f3n y rehabilitaci\u00f3n de lesiones, aplicando compresi\u00f3n y calor terap\u00e9utico.<\/li>\n<li>El ajuste moderado y peso ligero conforman un producto ideal para utilizar durante la pr\u00e1ctica deportiva.<\/li>\n<li>Mantiene la articulaci\u00f3n en una posici\u00f3n neutra, ayudando a prevenir esguinces y dolores articulares.<\/li>\n<li>Elaborada a partir de un tejido el\u00e1stico tubular sin costuras, de baja compresi\u00f3n.<\/li>\n<li>El pack contiene un par de mu\u00f1equeras, pueden utilizarse de manera indistinta en ambas manos.<\/li>\n<li>Talles: S &#8211; M &#8211; L -XL<\/li>\n<\/ul>\n","protected":false},"excerpt":{"rendered":"<p>Mu\u00f1equera el\u00e1stica<\/p>\n","protected":false},"featured_media":1934,"comment_status":"open","ping_status":"closed","template":"","meta":{"_monsterinsights_skip_tracking":false,"_monsterinsights_sitenote_active":false,"_monsterinsights_sitenote_note":"","_monsterinsights_sitenote_category":0},"product_brand":[],"product_cat":[107],"product_tag":[106,108],"class_list":{"0":"post-1958","1":"product","2":"type-product","3":"status-publish","4":"has-post-thumbnail","6":"product_cat-brazo-codo-muneca-miembre-superio","7":"product_tag-elastica","8":"product_tag-munequera","10":"first","11":"instock","12":"shipping-taxable","13":"product-type-simple"},"_links":{"self":[{"href":"https:\/\/ortopediagorgo.com.ar\/index.php?rest_route=\/wp\/v2\/product\/1958","targetHints":{"allow":["GET"]}}],"collection":[{"href":"https:\/\/ortopediagorgo.com.ar\/index.php?rest_route=\/wp\/v2\/product"}],"about":[{"href":"https:\/\/ortopediagorgo.com.ar\/index.php?rest_route=\/wp\/v2\/types\/product"}],"replies":[{"embeddable":true,"href":"https:\/\/ortopediagorgo.com.ar\/index.php?rest_route=%2Fwp%2Fv2%2Fcomments&post=1958"}],"version-history":[{"count":1,"href":"https:\/\/ortopediagorgo.com.ar\/index.php?rest_route=\/wp\/v2\/product\/1958\/revisions"}],"predecessor-version":[{"id":1959,"href":"https:\/\/ortopediagorgo.com.ar\/index.php?rest_route=\/wp\/v2\/product\/1958\/revisions\/1959"}],"wp:featuredmedia":[{"embeddable":true,"href":"https:\/\/ortopediagorgo.com.ar\/index.php?rest_route=\/wp\/v2\/media\/1934"}],"wp:attachment":[{"href":"https:\/\/ortopediagorgo.com.ar\/index.php?rest_route=%2Fwp%2Fv2%2Fmedia&parent=1958"}],"wp:term":[{"taxonomy":"product_brand","embeddable":true,"href":"https:\/\/ortopediagorgo.com.ar\/index.php?rest_route=%2Fwp%2Fv2%2Fproduct_brand&post=1958"},{"taxonomy":"product_cat","embeddable":true,"href":"https:\/\/ortopediagorgo.com.ar\/index.php?rest_route=%2Fwp%2Fv2%2Fproduct_cat&post=1958"},{"taxonomy":"product_tag","embeddable":true,"href":"https:\/\/ortopediagorgo.com.ar\/index.php?rest_route=%2Fwp%2Fv2%2Fproduct_tag&post=1958"}],"curies":[{"name":"wp","href":"https:\/\/api.w.org\/{rel}","templated":true}]}}