{"id":1975,"date":"2020-12-22T21:46:55","date_gmt":"2020-12-22T21:46:55","guid":{"rendered":"http:\/\/ortopediagorgo.com.ar\/?post_type=product&#038;p=1975"},"modified":"2020-12-22T21:46:55","modified_gmt":"2020-12-22T21:46:55","slug":"faja-elastica-alta-compresion","status":"publish","type":"product","link":"https:\/\/ortopediagorgo.com.ar\/?product=faja-elastica-alta-compresion","title":{"rendered":"Faja El\u00e1stica Alta Compresi\u00f3n"},"content":{"rendered":"<h5 class=\"color\">Descripci\u00f3n \/ Indicaciones<\/h5>\n<ul>\n<li>Brinda soporte firme, calor terap\u00e9utico y compresi\u00f3n a la zona media y alta del tronco.<\/li>\n<li>Indicada para el tratamiento de dolencias y traumatismos asociados al \u00e1rea tor\u00e1cica y abdominal.<\/li>\n<li>Dise\u00f1o que permite colocar la faja en cualquier parte del t\u00f3rax de manera localizada.<\/li>\n<li>Su sistema de cierre permite regular la compresi\u00f3n acorde al tratamiento indicado.<\/li>\n<li>Confeccionada con materiales de alta resistencia y elasticidad.<\/li>\n<li>Altura: 15cm<\/li>\n<li>Talles: S al XXL<\/li>\n<\/ul>\n","protected":false},"excerpt":{"rendered":"<p>Faja el\u00e1stica, de alta compresi\u00f3n. Indicada para el \u00e1rea tor\u00e1cica y abdominal.<\/p>\n","protected":false},"featured_media":1944,"comment_status":"open","ping_status":"closed","template":"","meta":{"_monsterinsights_skip_tracking":false,"_monsterinsights_sitenote_active":false,"_monsterinsights_sitenote_note":"","_monsterinsights_sitenote_category":0},"product_brand":[],"product_cat":[115],"product_tag":[120,121,36,122],"class_list":{"0":"post-1975","1":"product","2":"type-product","3":"status-publish","4":"has-post-thumbnail","6":"product_cat-espalda-cuello-hombros","7":"product_tag-alta","8":"product_tag-compresion","9":"product_tag-faja","10":"product_tag-toraxica","12":"first","13":"instock","14":"shipping-taxable","15":"product-type-simple"},"_links":{"self":[{"href":"https:\/\/ortopediagorgo.com.ar\/index.php?rest_route=\/wp\/v2\/product\/1975","targetHints":{"allow":["GET"]}}],"collection":[{"href":"https:\/\/ortopediagorgo.com.ar\/index.php?rest_route=\/wp\/v2\/product"}],"about":[{"href":"https:\/\/ortopediagorgo.com.ar\/index.php?rest_route=\/wp\/v2\/types\/product"}],"replies":[{"embeddable":true,"href":"https:\/\/ortopediagorgo.com.ar\/index.php?rest_route=%2Fwp%2Fv2%2Fcomments&post=1975"}],"version-history":[{"count":1,"href":"https:\/\/ortopediagorgo.com.ar\/index.php?rest_route=\/wp\/v2\/product\/1975\/revisions"}],"predecessor-version":[{"id":1976,"href":"https:\/\/ortopediagorgo.com.ar\/index.php?rest_route=\/wp\/v2\/product\/1975\/revisions\/1976"}],"wp:featuredmedia":[{"embeddable":true,"href":"https:\/\/ortopediagorgo.com.ar\/index.php?rest_route=\/wp\/v2\/media\/1944"}],"wp:attachment":[{"href":"https:\/\/ortopediagorgo.com.ar\/index.php?rest_route=%2Fwp%2Fv2%2Fmedia&parent=1975"}],"wp:term":[{"taxonomy":"product_brand","embeddable":true,"href":"https:\/\/ortopediagorgo.com.ar\/index.php?rest_route=%2Fwp%2Fv2%2Fproduct_brand&post=1975"},{"taxonomy":"product_cat","embeddable":true,"href":"https:\/\/ortopediagorgo.com.ar\/index.php?rest_route=%2Fwp%2Fv2%2Fproduct_cat&post=1975"},{"taxonomy":"product_tag","embeddable":true,"href":"https:\/\/ortopediagorgo.com.ar\/index.php?rest_route=%2Fwp%2Fv2%2Fproduct_tag&post=1975"}],"curies":[{"name":"wp","href":"https:\/\/api.w.org\/{rel}","templated":true}]}}