{"id":1981,"date":"2020-12-22T21:57:42","date_gmt":"2020-12-22T21:57:42","guid":{"rendered":"http:\/\/ortopediagorgo.com.ar\/?post_type=product&#038;p=1981"},"modified":"2020-12-22T21:57:42","modified_gmt":"2020-12-22T21:57:42","slug":"faja-de-mediana-compresion-3-bandas","status":"publish","type":"product","link":"https:\/\/ortopediagorgo.com.ar\/?product=faja-de-mediana-compresion-3-bandas","title":{"rendered":"Faja de Mediana Compresi\u00f3n 3 bandas"},"content":{"rendered":"<h5 class=\"color\">Descripci\u00f3n \/ Indicaciones<\/h5>\n<ul>\n<li>Brinda soporte firme, calor terap\u00e9utico \u00a0y compresi\u00f3n a la zona media y alta del tronco.<\/li>\n<li>Indicada para el tratamiento de dolencias y traumatismos asociados al \u00e1rea tor\u00e1cica y abdominal, post-operatorios y post-partos por ces\u00e1rea.<\/li>\n<li>La divisi\u00f3n de su estructura en bandas horizontales facilita el movimiento, permitiendo flexionar y extender el tronco.<\/li>\n<li>Su sistema de cierre permite regular la compresi\u00f3n acorde al tratamiento indicado.<\/li>\n<li>Confeccionada con materiales de alta resistencia y elasticidad.<\/li>\n<li>Altura: 24 cm<\/li>\n<li>Talles: S al XXL<\/li>\n<\/ul>\n","protected":false},"excerpt":{"rendered":"<p>Faja el\u00e1stica de mediana compresi\u00f3n<\/p>\n","protected":false},"featured_media":1948,"comment_status":"open","ping_status":"closed","template":"","meta":{"_monsterinsights_skip_tracking":false,"_monsterinsights_sitenote_active":false,"_monsterinsights_sitenote_note":"","_monsterinsights_sitenote_category":0},"product_brand":[],"product_cat":[115],"product_tag":[127,126,106,36],"class_list":{"0":"post-1981","1":"product","2":"type-product","3":"status-publish","4":"has-post-thumbnail","6":"product_cat-espalda-cuello-hombros","7":"product_tag-abdominal","8":"product_tag-comporesion","9":"product_tag-elastica","10":"product_tag-faja","12":"first","13":"instock","14":"shipping-taxable","15":"product-type-simple"},"_links":{"self":[{"href":"https:\/\/ortopediagorgo.com.ar\/index.php?rest_route=\/wp\/v2\/product\/1981","targetHints":{"allow":["GET"]}}],"collection":[{"href":"https:\/\/ortopediagorgo.com.ar\/index.php?rest_route=\/wp\/v2\/product"}],"about":[{"href":"https:\/\/ortopediagorgo.com.ar\/index.php?rest_route=\/wp\/v2\/types\/product"}],"replies":[{"embeddable":true,"href":"https:\/\/ortopediagorgo.com.ar\/index.php?rest_route=%2Fwp%2Fv2%2Fcomments&post=1981"}],"version-history":[{"count":1,"href":"https:\/\/ortopediagorgo.com.ar\/index.php?rest_route=\/wp\/v2\/product\/1981\/revisions"}],"predecessor-version":[{"id":1982,"href":"https:\/\/ortopediagorgo.com.ar\/index.php?rest_route=\/wp\/v2\/product\/1981\/revisions\/1982"}],"wp:featuredmedia":[{"embeddable":true,"href":"https:\/\/ortopediagorgo.com.ar\/index.php?rest_route=\/wp\/v2\/media\/1948"}],"wp:attachment":[{"href":"https:\/\/ortopediagorgo.com.ar\/index.php?rest_route=%2Fwp%2Fv2%2Fmedia&parent=1981"}],"wp:term":[{"taxonomy":"product_brand","embeddable":true,"href":"https:\/\/ortopediagorgo.com.ar\/index.php?rest_route=%2Fwp%2Fv2%2Fproduct_brand&post=1981"},{"taxonomy":"product_cat","embeddable":true,"href":"https:\/\/ortopediagorgo.com.ar\/index.php?rest_route=%2Fwp%2Fv2%2Fproduct_cat&post=1981"},{"taxonomy":"product_tag","embeddable":true,"href":"https:\/\/ortopediagorgo.com.ar\/index.php?rest_route=%2Fwp%2Fv2%2Fproduct_tag&post=1981"}],"curies":[{"name":"wp","href":"https:\/\/api.w.org\/{rel}","templated":true}]}}