{"id":2130,"date":"2020-12-26T17:27:31","date_gmt":"2020-12-26T17:27:31","guid":{"rendered":"http:\/\/ortopediagorgo.com.ar\/?post_type=product&#038;p=2130"},"modified":"2024-07-09T18:33:34","modified_gmt":"2024-07-09T21:33:34","slug":"biatain-silicone","status":"publish","type":"product","link":"https:\/\/ortopediagorgo.com.ar\/?product=biatain-silicone","title":{"rendered":"Biatain Silicone"},"content":{"rendered":"<p>Biatain<sup data-char=\"\u00ae\">\u00ae<\/sup><sup data-char=\"\u00ae\">\u00ae<\/sup>\u00a0Silicone est\u00e1 indicado para una amplia gama de heridas cr\u00f3nicas y agudas con exudado, tales como \u00falceras de pierna, \u00falceras por presi\u00f3n, \u00falceras de pie diab\u00e9tico no infectadas, sitios donantes, heridas posoperatorias y heridas traum\u00e1ticas (p.\u00a0ej., abrasiones cut\u00e1neas, desgarros cut\u00e1neos, cortes). Puede utilizarse en combinaci\u00f3n con terapia de compresi\u00f3n y puede dejarse colocado hasta 7\u00a0d\u00edas.<\/p>\n<p><b>Presentaci\u00f3n<\/b><\/p>\n<table class=\"table-data product-variations-table\">\n<thead>\n<tr>\n<th class=\"sort sort-up\">Nombre del Producto<\/th>\n<th>C\u00f3digo del \u00edtem<\/th>\n<th>Medida<\/th>\n<th><\/th>\n<\/tr>\n<\/thead>\n<tbody>\n<tr>\n<td data-title=\"Nombre del Producto\">Biatain Silicone<\/td>\n<td data-title=\"C\u00f3digo del \u00edtem\">334343<\/td>\n<td data-title=\"Medida\">7,5 x 7,5 cm<\/td>\n<td data-title=\"Unidades\/Caja\"><\/td>\n<\/tr>\n<tr>\n<td data-title=\"Nombre del Producto\">Biatain Silicone<\/td>\n<td data-title=\"C\u00f3digo del \u00edtem\">334353<\/td>\n<td data-title=\"Medida\">10 x 10 cm<\/td>\n<td data-title=\"Unidades\/Caja\"><\/td>\n<\/tr>\n<tr>\n<td data-title=\"Nombre del Producto\">Biatain Silicone<\/td>\n<td data-title=\"C\u00f3digo del \u00edtem\">334363<\/td>\n<td data-title=\"Medida\">12,5 x 12,5 cm<\/td>\n<td data-title=\"Unidades\/Caja\"><\/td>\n<\/tr>\n<tr>\n<td data-title=\"Nombre del Producto\">Biatain Silicone<\/td>\n<td data-title=\"C\u00f3digo del \u00edtem\">334373<\/td>\n<td data-title=\"Medida\">15 x 15 cm<\/td>\n<td data-title=\"Unidades\/Caja\"><\/td>\n<\/tr>\n<tr>\n<td data-title=\"Nombre del Producto\">Biatain Silicone<\/td>\n<td data-title=\"C\u00f3digo del \u00edtem\">334383<\/td>\n<td data-title=\"Medida\">17,5 x 17,5 cm<\/td>\n<td data-title=\"Unidades\/Caja\"><\/td>\n<\/tr>\n<tr>\n<td data-title=\"Nombre del Producto\">Biatain Silicone Sacro<\/td>\n<td data-title=\"C\u00f3digo del \u00edtem\">334040<\/td>\n<td data-title=\"Medida\">15 x 19 cm<\/td>\n<td data-title=\"Unidades\/Caja\"><\/td>\n<\/tr>\n<tr>\n<td data-title=\"Nombre del Producto\">Biatain Silicone Sacro<\/td>\n<td data-title=\"C\u00f3digo del \u00edtem\">334050<\/td>\n<td data-title=\"Medida\">25 x 25 cm<\/td>\n<td data-title=\"Unidades\/Caja\"><\/td>\n<\/tr>\n<tr>\n<td data-title=\"Nombre del Producto\">Biatain Silicone Tal\u00f3n<\/td>\n<td data-title=\"C\u00f3digo del \u00edtem\">334060<\/td>\n<td data-title=\"Medida\">18 x 18 cm<\/td>\n<td data-title=\"Unidades\/Caja\"><\/td>\n<\/tr>\n<tr>\n<td data-title=\"Nombre del Producto\">Biatain Silicone Multiforma<\/td>\n<td data-title=\"C\u00f3digo del \u00edtem\">334080<\/td>\n<td data-title=\"Medida\">14 x 19,5 cm<\/td>\n<td data-title=\"Unidades\/Caja\"><\/td>\n<\/tr>\n<\/tbody>\n<\/table>\n","protected":false},"excerpt":{"rendered":"<p>Biatain<sup data-char=\"\u00ae\">\u00ae<\/sup><sup data-char=\"\u00ae\">\u00ae<\/sup>\u00a0Silicone es un ap\u00f3sito de espuma suave, flexible y absorbente con delicado adhesivo de silicona. Se puede utilizar en una amplia gama de heridas con exudado, lo que convierte a Biatain<sup data-char=\"\u00ae\">\u00ae<\/sup>\u00a0Silicone en la\u00a0mejor elecci\u00f3n para la cicatrizaci\u00f3n de heridas h\u00famedas que ocurren com\u00fanmente.<\/p>\n","protected":false},"featured_media":2436,"comment_status":"open","ping_status":"closed","template":"","meta":{"_monsterinsights_skip_tracking":false,"_monsterinsights_sitenote_active":false,"_monsterinsights_sitenote_note":"","_monsterinsights_sitenote_category":0},"product_brand":[],"product_cat":[166],"product_tag":[167,170,168,169],"class_list":{"0":"post-2130","1":"product","2":"type-product","3":"status-publish","4":"has-post-thumbnail","6":"product_cat-coloplast-cuidador-heridas","7":"product_tag-coloplast","8":"product_tag-escaras","9":"product_tag-heridas","10":"product_tag-ulceras","12":"first","13":"instock","14":"shipping-taxable","15":"product-type-simple"},"_links":{"self":[{"href":"https:\/\/ortopediagorgo.com.ar\/index.php?rest_route=\/wp\/v2\/product\/2130","targetHints":{"allow":["GET"]}}],"collection":[{"href":"https:\/\/ortopediagorgo.com.ar\/index.php?rest_route=\/wp\/v2\/product"}],"about":[{"href":"https:\/\/ortopediagorgo.com.ar\/index.php?rest_route=\/wp\/v2\/types\/product"}],"replies":[{"embeddable":true,"href":"https:\/\/ortopediagorgo.com.ar\/index.php?rest_route=%2Fwp%2Fv2%2Fcomments&post=2130"}],"version-history":[{"count":1,"href":"https:\/\/ortopediagorgo.com.ar\/index.php?rest_route=\/wp\/v2\/product\/2130\/revisions"}],"predecessor-version":[{"id":2131,"href":"https:\/\/ortopediagorgo.com.ar\/index.php?rest_route=\/wp\/v2\/product\/2130\/revisions\/2131"}],"wp:featuredmedia":[{"embeddable":true,"href":"https:\/\/ortopediagorgo.com.ar\/index.php?rest_route=\/wp\/v2\/media\/2436"}],"wp:attachment":[{"href":"https:\/\/ortopediagorgo.com.ar\/index.php?rest_route=%2Fwp%2Fv2%2Fmedia&parent=2130"}],"wp:term":[{"taxonomy":"product_brand","embeddable":true,"href":"https:\/\/ortopediagorgo.com.ar\/index.php?rest_route=%2Fwp%2Fv2%2Fproduct_brand&post=2130"},{"taxonomy":"product_cat","embeddable":true,"href":"https:\/\/ortopediagorgo.com.ar\/index.php?rest_route=%2Fwp%2Fv2%2Fproduct_cat&post=2130"},{"taxonomy":"product_tag","embeddable":true,"href":"https:\/\/ortopediagorgo.com.ar\/index.php?rest_route=%2Fwp%2Fv2%2Fproduct_tag&post=2130"}],"curies":[{"name":"wp","href":"https:\/\/api.w.org\/{rel}","templated":true}]}}