{"id":2132,"date":"2020-12-26T17:29:57","date_gmt":"2020-12-26T17:29:57","guid":{"rendered":"http:\/\/ortopediagorgo.com.ar\/?post_type=product&#038;p=2132"},"modified":"2022-04-09T03:44:11","modified_gmt":"2022-04-09T06:44:11","slug":"biatain-ag-adhesivo","status":"publish","type":"product","link":"https:\/\/ortopediagorgo.com.ar\/?product=biatain-ag-adhesivo","title":{"rendered":"Biatain Ag Adhesivo"},"content":{"rendered":"<p>Biatain<sup data-char=\"\u00ae\">\u00ae<\/sup>\u00a0Ag Adhesivo puede utilizarse para una amplia variedad de heridas con exudado, con cicatrizaci\u00f3n retardada a causa de bacterias, o cuando existe riesgo de infecci\u00f3n, lo que incluye \u00falceras de pierna, \u00falceras por presi\u00f3n, quemaduras de segundo grado, sitios donantes, heridas postoperatorias y excoriaciones cut\u00e1neas. Biatain<sup data-char=\"\u00ae\">\u00ae<\/sup>\u00a0Ag Adhesivo puede utilizarse en combinaci\u00f3n con un tratamiento de compresi\u00f3n.<\/p>\n<p><b>Presentaci\u00f3n<\/b><\/p>\n<table class=\"table-data product-variations-table\">\n<thead>\n<tr>\n<th class=\"sort sort-up\">Nombre del Producto<\/th>\n<th>C\u00f3digo del \u00edtem<\/th>\n<th>Medida<\/th>\n<th><\/th>\n<\/tr>\n<\/thead>\n<tbody>\n<tr>\n<td data-title=\"Nombre del Producto\">Biatain AG Adhesivo<\/td>\n<td data-title=\"C\u00f3digo del \u00edtem\">334640<\/td>\n<td data-title=\"Medida\">15&#215;15 cm<\/td>\n<td data-title=\"Unidades\/Caja\"><\/td>\n<\/tr>\n<tr>\n<td data-title=\"Nombre del Producto\">Biatain AG Adhesivo<\/td>\n<td data-title=\"C\u00f3digo del \u00edtem\">396320<\/td>\n<td data-title=\"Medida\">12.5&#215;12.5 cm<\/td>\n<\/tr>\n<\/tbody>\n<\/table>\n","protected":false},"excerpt":{"rendered":"<p>Biatain<sup data-char=\"\u00ae\">\u00ae<\/sup>\u00a0Ag Adhesivo es un ap\u00f3sito de espuma de plata suave y adaptable cuya acci\u00f3n ha demostrado facilitar una cicatrizaci\u00f3n m\u00e1s r\u00e1pida de las heridas infectadas<\/p>\n","protected":false},"featured_media":0,"comment_status":"open","ping_status":"closed","template":"","meta":{"_monsterinsights_skip_tracking":false,"_monsterinsights_sitenote_active":false,"_monsterinsights_sitenote_note":"","_monsterinsights_sitenote_category":0},"product_brand":[],"product_cat":[166],"product_tag":[171,167,170,168,169],"class_list":{"0":"post-2132","1":"product","2":"type-product","3":"status-publish","5":"product_cat-coloplast-cuidador-heridas","6":"product_tag-biatain","7":"product_tag-coloplast","8":"product_tag-escaras","9":"product_tag-heridas","10":"product_tag-ulceras","12":"first","13":"instock","14":"shipping-taxable","15":"product-type-simple"},"_links":{"self":[{"href":"https:\/\/ortopediagorgo.com.ar\/index.php?rest_route=\/wp\/v2\/product\/2132","targetHints":{"allow":["GET"]}}],"collection":[{"href":"https:\/\/ortopediagorgo.com.ar\/index.php?rest_route=\/wp\/v2\/product"}],"about":[{"href":"https:\/\/ortopediagorgo.com.ar\/index.php?rest_route=\/wp\/v2\/types\/product"}],"replies":[{"embeddable":true,"href":"https:\/\/ortopediagorgo.com.ar\/index.php?rest_route=%2Fwp%2Fv2%2Fcomments&post=2132"}],"version-history":[{"count":1,"href":"https:\/\/ortopediagorgo.com.ar\/index.php?rest_route=\/wp\/v2\/product\/2132\/revisions"}],"predecessor-version":[{"id":2133,"href":"https:\/\/ortopediagorgo.com.ar\/index.php?rest_route=\/wp\/v2\/product\/2132\/revisions\/2133"}],"wp:attachment":[{"href":"https:\/\/ortopediagorgo.com.ar\/index.php?rest_route=%2Fwp%2Fv2%2Fmedia&parent=2132"}],"wp:term":[{"taxonomy":"product_brand","embeddable":true,"href":"https:\/\/ortopediagorgo.com.ar\/index.php?rest_route=%2Fwp%2Fv2%2Fproduct_brand&post=2132"},{"taxonomy":"product_cat","embeddable":true,"href":"https:\/\/ortopediagorgo.com.ar\/index.php?rest_route=%2Fwp%2Fv2%2Fproduct_cat&post=2132"},{"taxonomy":"product_tag","embeddable":true,"href":"https:\/\/ortopediagorgo.com.ar\/index.php?rest_route=%2Fwp%2Fv2%2Fproduct_tag&post=2132"}],"curies":[{"name":"wp","href":"https:\/\/api.w.org\/{rel}","templated":true}]}}