{"id":2141,"date":"2020-12-26T17:46:06","date_gmt":"2020-12-26T17:46:06","guid":{"rendered":"http:\/\/ortopediagorgo.com.ar\/?post_type=product&#038;p=2141"},"modified":"2023-01-10T06:59:58","modified_gmt":"2023-01-10T09:59:58","slug":"comfeel-crema-barrera","status":"publish","type":"product","link":"https:\/\/ortopediagorgo.com.ar\/?product=comfeel-crema-barrera","title":{"rendered":"Comfeel\u00ae Crema Barrera"},"content":{"rendered":"<p><strong>Comfeel<sup data-char=\"\u00ae\">\u00ae<\/sup>\u00a0Crema Barrera<\/strong><\/p>\n<p>La Crema Barrera es ideal para el tratamiento de la piel seca o irritada, provocada por exudados de la herida de la piel circundante. La crema es altamente impermeable a l\u00edquidos. Suaviza la piel y contiene una soluci\u00f3n amortiguadora del pH que restablece el valor correcto del pH de la piel, lo cual previene el da\u00f1o cut\u00e1neo.<\/p>\n<p><strong>\u00c1reas de aplicaci\u00f3n<\/strong><\/p>\n<p>Protege la piel circundante expuesta al exudado de la herida.<\/p>\n<p><strong>Modo de uso<\/strong><\/p>\n<p>Frote delicadamente una capa muy delgada sobre la piel limpia. Retire el exceso de crema con un pa\u00f1uelo. D\u00e9jela secar durante unos minutos antes de aplicar los adhesivos.<\/p>\n","protected":false},"excerpt":{"rendered":"<div>Comfeel<sup data-char=\"\u00ae\">\u00ae<\/sup>\u00a0Crema Barrera<\/div>\n<ul>\n<li>Humecta la piel seca y lastimada<\/li>\n<\/ul>\n","protected":false},"featured_media":0,"comment_status":"open","ping_status":"closed","template":"","meta":{"_monsterinsights_skip_tracking":false,"_monsterinsights_sitenote_active":false,"_monsterinsights_sitenote_note":"","_monsterinsights_sitenote_category":0},"product_brand":[],"product_cat":[166],"product_tag":[173,174,175,176],"class_list":{"0":"post-2141","1":"product","2":"type-product","3":"status-publish","5":"product_cat-coloplast-cuidador-heridas","6":"product_tag-colplast","7":"product_tag-crema","8":"product_tag-dermatitis","9":"product_tag-piel","11":"first","12":"instock","13":"shipping-taxable","14":"product-type-simple"},"_links":{"self":[{"href":"https:\/\/ortopediagorgo.com.ar\/index.php?rest_route=\/wp\/v2\/product\/2141","targetHints":{"allow":["GET"]}}],"collection":[{"href":"https:\/\/ortopediagorgo.com.ar\/index.php?rest_route=\/wp\/v2\/product"}],"about":[{"href":"https:\/\/ortopediagorgo.com.ar\/index.php?rest_route=\/wp\/v2\/types\/product"}],"replies":[{"embeddable":true,"href":"https:\/\/ortopediagorgo.com.ar\/index.php?rest_route=%2Fwp%2Fv2%2Fcomments&post=2141"}],"version-history":[{"count":1,"href":"https:\/\/ortopediagorgo.com.ar\/index.php?rest_route=\/wp\/v2\/product\/2141\/revisions"}],"predecessor-version":[{"id":2142,"href":"https:\/\/ortopediagorgo.com.ar\/index.php?rest_route=\/wp\/v2\/product\/2141\/revisions\/2142"}],"wp:attachment":[{"href":"https:\/\/ortopediagorgo.com.ar\/index.php?rest_route=%2Fwp%2Fv2%2Fmedia&parent=2141"}],"wp:term":[{"taxonomy":"product_brand","embeddable":true,"href":"https:\/\/ortopediagorgo.com.ar\/index.php?rest_route=%2Fwp%2Fv2%2Fproduct_brand&post=2141"},{"taxonomy":"product_cat","embeddable":true,"href":"https:\/\/ortopediagorgo.com.ar\/index.php?rest_route=%2Fwp%2Fv2%2Fproduct_cat&post=2141"},{"taxonomy":"product_tag","embeddable":true,"href":"https:\/\/ortopediagorgo.com.ar\/index.php?rest_route=%2Fwp%2Fv2%2Fproduct_tag&post=2141"}],"curies":[{"name":"wp","href":"https:\/\/api.w.org\/{rel}","templated":true}]}}