{"id":2145,"date":"2020-12-26T17:49:40","date_gmt":"2020-12-26T17:49:40","guid":{"rendered":"http:\/\/ortopediagorgo.com.ar\/?post_type=product&#038;p=2145"},"modified":"2022-11-18T08:39:37","modified_gmt":"2022-11-18T11:39:37","slug":"biatain-no-adhesivo","status":"publish","type":"product","link":"https:\/\/ortopediagorgo.com.ar\/?product=biatain-no-adhesivo","title":{"rendered":"Biatain\u00ae No-Adhesivo"},"content":{"rendered":"<p><span style=\"vertical-align: inherit;\"><span style=\"vertical-align: inherit;\"><span style=\"vertical-align: inherit;\"><span style=\"vertical-align: inherit;\">Biatain <\/span><\/span><\/span><\/span><sup data-char=\"\u00ae\"><span style=\"vertical-align: inherit;\"><span style=\"vertical-align: inherit;\"><span style=\"vertical-align: inherit;\"><span style=\"vertical-align: inherit;\">\u00ae<\/span><\/span><\/span><\/span><\/sup><span style=\"vertical-align: inherit;\"><span style=\"vertical-align: inherit;\"><span style=\"vertical-align: inherit;\"><span style=\"vertical-align: inherit;\"> \u00a0No-Adhesivo est\u00e1 indicado para una amplia variedad de heridas con exudado, que incluyen \u00falceras de pierna, \u00falceras por presi\u00f3n, \u00falceras de pie diab\u00e9tico no infectadas, quemaduras de segundo grado, sitios donantes, heridas postoperatorias y excoriaciones cut\u00e1neas. <\/span><\/span><\/span><span style=\"vertical-align: inherit;\"><span style=\"vertical-align: inherit;\"><span style=\"vertical-align: inherit;\">Biatain <\/span><\/span><\/span><\/span><sup data-char=\"\u00ae\"><span style=\"vertical-align: inherit;\"><span style=\"vertical-align: inherit;\"><span style=\"vertical-align: inherit;\"><span style=\"vertical-align: inherit;\">\u00ae<\/span><\/span><\/span><\/span><\/sup><span style=\"vertical-align: inherit;\"><span style=\"vertical-align: inherit;\"><span style=\"vertical-align: inherit;\"><span style=\"vertical-align: inherit;\"> \u00a0No-Adhesivo puede utilizar en combinaci\u00f3n con un tratamiento de compresi\u00f3n.<\/span><\/span><\/span><\/span><\/p>\n<p><b><span style=\"vertical-align: inherit;\"><span style=\"vertical-align: inherit;\"><span style=\"vertical-align: inherit;\"><span style=\"vertical-align: inherit;\">Presentaci\u00f3n<\/span><\/span><\/span><\/span><\/b><\/p>\n<table class=\"table-data product-variations-table\">\n<thead>\n<tr>\n<th class=\"sort sort-up\"><span style=\"vertical-align: inherit;\"><span style=\"vertical-align: inherit;\"><span style=\"vertical-align: inherit;\"><span style=\"vertical-align: inherit;\">Nombre del Producto<\/span><\/span><\/span><\/span><\/th>\n<th><span style=\"vertical-align: inherit;\"><span style=\"vertical-align: inherit;\"><span style=\"vertical-align: inherit;\"><span style=\"vertical-align: inherit;\">C\u00f3digo del \u00edtem<\/span><\/span><\/span><\/span><\/th>\n<th><span style=\"vertical-align: inherit;\"><span style=\"vertical-align: inherit;\"><span style=\"vertical-align: inherit;\"><span style=\"vertical-align: inherit;\">Medida<\/span><\/span><\/span><\/span><\/th>\n<th><\/th>\n<\/tr>\n<\/thead>\n<tbody>\n<tr>\n<td data-title=\"Nombre del Producto\"><span style=\"vertical-align: inherit;\"><span style=\"vertical-align: inherit;\"><span style=\"vertical-align: inherit;\"><span style=\"vertical-align: inherit;\">Biatain No Adhesivo<\/span><\/span><\/span><\/span><\/td>\n<td data-title=\"C\u00f3digo del \u00edtem\"><span style=\"vertical-align: inherit;\"><span style=\"vertical-align: inherit;\"><span style=\"vertical-align: inherit;\"><span style=\"vertical-align: inherit;\">334100<\/span><\/span><\/span><\/span><\/td>\n<td data-title=\"Medida\"><span style=\"vertical-align: inherit;\"><span style=\"vertical-align: inherit;\"><span style=\"vertical-align: inherit;\"><span style=\"vertical-align: inherit;\">10&#215;10 cm<\/span><\/span><\/span><\/span><\/td>\n<td data-title=\"Unidades\/Caja\"><\/td>\n<\/tr>\n<tr>\n<td data-title=\"Nombre del Producto\"><span style=\"vertical-align: inherit;\"><span style=\"vertical-align: inherit;\"><span style=\"vertical-align: inherit;\"><span style=\"vertical-align: inherit;\">Biatain No Adhesivo<\/span><\/span><\/span><\/span><\/td>\n<td data-title=\"C\u00f3digo del \u00edtem\"><span style=\"vertical-align: inherit;\"><span style=\"vertical-align: inherit;\"><span style=\"vertical-align: inherit;\"><span style=\"vertical-align: inherit;\">334130<\/span><\/span><\/span><\/span><\/td>\n<td data-title=\"Medida\"><span style=\"vertical-align: inherit;\"><span style=\"vertical-align: inherit;\"><span style=\"vertical-align: inherit;\"><span style=\"vertical-align: inherit;\">15&#215;15 cm<\/span><\/span><\/span><\/span><\/td>\n<td data-title=\"Unidades\/Caja\"><\/td>\n<\/tr>\n<\/tbody>\n<\/table>\n<p><a class=\"readmode-readless\" href=\"https:\/\/www.coloplast.com.ar\/biatain-non-adhesive-es-ar.aspx#\"><span style=\"vertical-align: inherit;\"><span style=\"vertical-align: inherit;\"><span style=\"vertical-align: inherit;\"><span style=\"vertical-align: inherit;\">Cerrar<\/span><\/span><\/span><\/span><\/a><\/p>\n","protected":false},"excerpt":{"rendered":"<p><span style=\"vertical-align: inherit;\"><span style=\"vertical-align: inherit;\"><span style=\"vertical-align: inherit;\"><span style=\"vertical-align: inherit;\">Biatain <\/span><\/span><\/span><\/span><sup data-char=\"\u00ae\"><span style=\"vertical-align: inherit;\"><span style=\"vertical-align: inherit;\"><span style=\"vertical-align: inherit;\"><span style=\"vertical-align: inherit;\">\u00ae<\/span><\/span><\/span><\/span><\/sup><span style=\"vertical-align: inherit;\"><span style=\"vertical-align: inherit;\"><span style=\"vertical-align: inherit;\"><span style=\"vertical-align: inherit;\"> No-Adhesivo es un ap\u00f3sito de espuma de poliuretano suave y adaptable que absorbe y retiene con eficacia el exudado de las heridas. <\/span><\/span><\/span><span style=\"vertical-align: inherit;\"><span style=\"vertical-align: inherit;\"><span style=\"vertical-align: inherit;\">Asegura un ambiente h\u00famedo para la cicatrizaci\u00f3n de las heridas con exudado<\/span><\/span><\/span><\/span><\/p>\n","protected":false},"featured_media":0,"comment_status":"open","ping_status":"closed","template":"","meta":{"_monsterinsights_skip_tracking":false,"_monsterinsights_sitenote_active":false,"_monsterinsights_sitenote_note":"","_monsterinsights_sitenote_category":0},"product_brand":[],"product_cat":[166],"product_tag":[171,167,172,168,169],"class_list":{"0":"post-2145","1":"product","2":"type-product","3":"status-publish","5":"product_cat-coloplast-cuidador-heridas","6":"product_tag-biatain","7":"product_tag-coloplast","8":"product_tag-curacion","9":"product_tag-heridas","10":"product_tag-ulceras","12":"first","13":"instock","14":"shipping-taxable","15":"product-type-simple"},"_links":{"self":[{"href":"https:\/\/ortopediagorgo.com.ar\/index.php?rest_route=\/wp\/v2\/product\/2145","targetHints":{"allow":["GET"]}}],"collection":[{"href":"https:\/\/ortopediagorgo.com.ar\/index.php?rest_route=\/wp\/v2\/product"}],"about":[{"href":"https:\/\/ortopediagorgo.com.ar\/index.php?rest_route=\/wp\/v2\/types\/product"}],"replies":[{"embeddable":true,"href":"https:\/\/ortopediagorgo.com.ar\/index.php?rest_route=%2Fwp%2Fv2%2Fcomments&post=2145"}],"version-history":[{"count":3,"href":"https:\/\/ortopediagorgo.com.ar\/index.php?rest_route=\/wp\/v2\/product\/2145\/revisions"}],"predecessor-version":[{"id":2168,"href":"https:\/\/ortopediagorgo.com.ar\/index.php?rest_route=\/wp\/v2\/product\/2145\/revisions\/2168"}],"wp:attachment":[{"href":"https:\/\/ortopediagorgo.com.ar\/index.php?rest_route=%2Fwp%2Fv2%2Fmedia&parent=2145"}],"wp:term":[{"taxonomy":"product_brand","embeddable":true,"href":"https:\/\/ortopediagorgo.com.ar\/index.php?rest_route=%2Fwp%2Fv2%2Fproduct_brand&post=2145"},{"taxonomy":"product_cat","embeddable":true,"href":"https:\/\/ortopediagorgo.com.ar\/index.php?rest_route=%2Fwp%2Fv2%2Fproduct_cat&post=2145"},{"taxonomy":"product_tag","embeddable":true,"href":"https:\/\/ortopediagorgo.com.ar\/index.php?rest_route=%2Fwp%2Fv2%2Fproduct_tag&post=2145"}],"curies":[{"name":"wp","href":"https:\/\/api.w.org\/{rel}","templated":true}]}}