{"id":2148,"date":"2020-12-26T17:52:37","date_gmt":"2020-12-26T17:52:37","guid":{"rendered":"http:\/\/ortopediagorgo.com.ar\/?post_type=product&#038;p=2148"},"modified":"2022-07-14T00:27:20","modified_gmt":"2022-07-14T03:27:20","slug":"biatain-ibu-no-adhesivo","status":"publish","type":"product","link":"https:\/\/ortopediagorgo.com.ar\/?product=biatain-ibu-no-adhesivo","title":{"rendered":"Biatain\u00ae Ibu No-Adhesivo"},"content":{"rendered":"<p><strong>Composici\u00f3n<\/strong><\/p>\n<p>Biatain<sup data-char=\"\u00ae\">\u00ae<\/sup>\u00a0Ibu es una espuma de poliuretano absorbente, que contiene 0,5\u00a0mg\/cm<sup>2<\/sup>\u00a0de ibuprofeno disperso homog\u00e9neamente en la matriz de la espuma<\/p>\n<p>Biatain<sup data-char=\"\u00ae\">\u00ae<\/sup>\u00a0Ibu No-Adhesivo est\u00e1 indicado para una amplia variedad de heridas con exudado leve a intenso. Esto incluye heridas agudas, como quemaduras de segundo grado, sitios donantes, heridas postoperatorias y excoriaciones cut\u00e1neas; heridas cr\u00f3nicas, como \u00falceras de pierna, \u00falceras por presi\u00f3n y \u00falceras no infectadas de pie diab\u00e9tico. Biatain<sup data-char=\"\u00ae\">\u00ae<\/sup>\u00a0Ibu es adecuado para utilizar en combinaci\u00f3n con un tratamiento de compresi\u00f3n.<\/p>\n<p><b>Presentaci\u00f3n<\/b><\/p>\n<table class=\"table-data product-variations-table\">\n<thead>\n<tr>\n<th class=\"sort sort-up\">Nombre del Producto<\/th>\n<th>C\u00f3digo del \u00edtem<\/th>\n<th>Medida<\/th>\n<th><\/th>\n<\/tr>\n<\/thead>\n<tbody>\n<tr>\n<td data-title=\"Nombre del Producto\">Biatain Ibu No Adhesivo<\/td>\n<td data-title=\"C\u00f3digo del \u00edtem\">341100<\/td>\n<td data-title=\"Medida\">10&#215;10 cm<\/td>\n<td data-title=\"Unidades\/Caja\"><\/td>\n<\/tr>\n<tr>\n<td data-title=\"Nombre del Producto\">Biatain Ibu No Adhesivo<\/td>\n<td data-title=\"C\u00f3digo del \u00edtem\">341150<\/td>\n<td data-title=\"Medida\">15&#215;15 cm<\/td>\n<td data-title=\"Unidades\/Caja\"><\/td>\n<\/tr>\n<\/tbody>\n<\/table>\n","protected":false},"excerpt":{"rendered":"<p>Biatain<sup data-char=\"\u00ae\">\u00ae<\/sup>\u00a0Ibu No-Adhesivo es un ap\u00f3sito de espuma absorbente suave y flexible que contiene ibuprofeno.<\/p>\n","protected":false},"featured_media":2433,"comment_status":"open","ping_status":"closed","template":"","meta":{"_monsterinsights_skip_tracking":false,"_monsterinsights_sitenote_active":false,"_monsterinsights_sitenote_note":"","_monsterinsights_sitenote_category":0},"product_brand":[],"product_cat":[166],"product_tag":[167,172,178,169],"class_list":{"0":"post-2148","1":"product","2":"type-product","3":"status-publish","4":"has-post-thumbnail","6":"product_cat-coloplast-cuidador-heridas","7":"product_tag-coloplast","8":"product_tag-curacion","9":"product_tag-ibuprofeno","10":"product_tag-ulceras","12":"first","13":"instock","14":"shipping-taxable","15":"product-type-simple"},"_links":{"self":[{"href":"https:\/\/ortopediagorgo.com.ar\/index.php?rest_route=\/wp\/v2\/product\/2148","targetHints":{"allow":["GET"]}}],"collection":[{"href":"https:\/\/ortopediagorgo.com.ar\/index.php?rest_route=\/wp\/v2\/product"}],"about":[{"href":"https:\/\/ortopediagorgo.com.ar\/index.php?rest_route=\/wp\/v2\/types\/product"}],"replies":[{"embeddable":true,"href":"https:\/\/ortopediagorgo.com.ar\/index.php?rest_route=%2Fwp%2Fv2%2Fcomments&post=2148"}],"version-history":[{"count":2,"href":"https:\/\/ortopediagorgo.com.ar\/index.php?rest_route=\/wp\/v2\/product\/2148\/revisions"}],"predecessor-version":[{"id":2431,"href":"https:\/\/ortopediagorgo.com.ar\/index.php?rest_route=\/wp\/v2\/product\/2148\/revisions\/2431"}],"wp:featuredmedia":[{"embeddable":true,"href":"https:\/\/ortopediagorgo.com.ar\/index.php?rest_route=\/wp\/v2\/media\/2433"}],"wp:attachment":[{"href":"https:\/\/ortopediagorgo.com.ar\/index.php?rest_route=%2Fwp%2Fv2%2Fmedia&parent=2148"}],"wp:term":[{"taxonomy":"product_brand","embeddable":true,"href":"https:\/\/ortopediagorgo.com.ar\/index.php?rest_route=%2Fwp%2Fv2%2Fproduct_brand&post=2148"},{"taxonomy":"product_cat","embeddable":true,"href":"https:\/\/ortopediagorgo.com.ar\/index.php?rest_route=%2Fwp%2Fv2%2Fproduct_cat&post=2148"},{"taxonomy":"product_tag","embeddable":true,"href":"https:\/\/ortopediagorgo.com.ar\/index.php?rest_route=%2Fwp%2Fv2%2Fproduct_tag&post=2148"}],"curies":[{"name":"wp","href":"https:\/\/api.w.org\/{rel}","templated":true}]}}