{"id":2154,"date":"2020-12-26T18:12:28","date_gmt":"2020-12-26T18:12:28","guid":{"rendered":"http:\/\/ortopediagorgo.com.ar\/?post_type=product&#038;p=2154"},"modified":"2020-12-28T15:56:48","modified_gmt":"2020-12-28T18:56:48","slug":"bravapolvo","status":"publish","type":"product","link":"https:\/\/ortopediagorgo.com.ar\/?product=bravapolvo","title":{"rendered":"Brava\u00aePolvo"},"content":{"rendered":"<p>Reducci\u00f3n de la irritaci\u00f3n en la piel. El polvo Brava reduce la irritaci\u00f3n de la piel ya que absorbe la humedad y de esta manera la mantiene seca. Puede utilizarse alrededor del ostoma o debajo del adhesivo.<\/p>\n<p><b>Presentaci\u00f3n<\/b><\/p>\n<p>C\u00f3digo: 1907 x25gr<\/p>\n","protected":false},"excerpt":{"rendered":"<div class=\"product__detail__block\"><span style=\"font-size: 16px;\">El polvo Brava reduce la irritaci\u00f3n de la piel ya que absorbe la humedad y de esta manera la mantiene seca. Puede utilizarse alrededor del ostoma o debajo del adhesivo.<\/span><\/div>\n","protected":false},"featured_media":2287,"comment_status":"open","ping_status":"closed","template":"","meta":{"_monsterinsights_skip_tracking":false,"_monsterinsights_sitenote_active":false,"_monsterinsights_sitenote_note":"","_monsterinsights_sitenote_category":0},"product_brand":[],"product_cat":[164],"product_tag":[173,183,184],"class_list":{"0":"post-2154","1":"product","2":"type-product","3":"status-publish","4":"has-post-thumbnail","6":"product_cat-ostomia-colostomia-urostomia","7":"product_tag-colplast","8":"product_tag-ostomia","9":"product_tag-polvocicatrizante","11":"first","12":"instock","13":"shipping-taxable","14":"product-type-simple"},"_links":{"self":[{"href":"https:\/\/ortopediagorgo.com.ar\/index.php?rest_route=\/wp\/v2\/product\/2154","targetHints":{"allow":["GET"]}}],"collection":[{"href":"https:\/\/ortopediagorgo.com.ar\/index.php?rest_route=\/wp\/v2\/product"}],"about":[{"href":"https:\/\/ortopediagorgo.com.ar\/index.php?rest_route=\/wp\/v2\/types\/product"}],"replies":[{"embeddable":true,"href":"https:\/\/ortopediagorgo.com.ar\/index.php?rest_route=%2Fwp%2Fv2%2Fcomments&post=2154"}],"version-history":[{"count":1,"href":"https:\/\/ortopediagorgo.com.ar\/index.php?rest_route=\/wp\/v2\/product\/2154\/revisions"}],"predecessor-version":[{"id":2155,"href":"https:\/\/ortopediagorgo.com.ar\/index.php?rest_route=\/wp\/v2\/product\/2154\/revisions\/2155"}],"wp:featuredmedia":[{"embeddable":true,"href":"https:\/\/ortopediagorgo.com.ar\/index.php?rest_route=\/wp\/v2\/media\/2287"}],"wp:attachment":[{"href":"https:\/\/ortopediagorgo.com.ar\/index.php?rest_route=%2Fwp%2Fv2%2Fmedia&parent=2154"}],"wp:term":[{"taxonomy":"product_brand","embeddable":true,"href":"https:\/\/ortopediagorgo.com.ar\/index.php?rest_route=%2Fwp%2Fv2%2Fproduct_brand&post=2154"},{"taxonomy":"product_cat","embeddable":true,"href":"https:\/\/ortopediagorgo.com.ar\/index.php?rest_route=%2Fwp%2Fv2%2Fproduct_cat&post=2154"},{"taxonomy":"product_tag","embeddable":true,"href":"https:\/\/ortopediagorgo.com.ar\/index.php?rest_route=%2Fwp%2Fv2%2Fproduct_tag&post=2154"}],"curies":[{"name":"wp","href":"https:\/\/api.w.org\/{rel}","templated":true}]}}