{"id":2162,"date":"2020-12-26T19:23:41","date_gmt":"2020-12-26T19:23:41","guid":{"rendered":"http:\/\/ortopediagorgo.com.ar\/?post_type=product&#038;p=2162"},"modified":"2020-12-28T15:57:18","modified_gmt":"2020-12-28T18:57:18","slug":"brava-adhesivo-elastico","status":"publish","type":"product","link":"https:\/\/ortopediagorgo.com.ar\/?product=brava-adhesivo-elastico","title":{"rendered":"Brava\u00ae Adhesivo el\u00e1stico"},"content":{"rendered":"<p>El Adhesivo el\u00e1stico Brava\u00aeest\u00e1 dise\u00f1ado para evitar que los bordes del disco se despeguen y para mantenerlo fijo en su lugar. Es el\u00e1stico, por lo que se adapta a las formas corporales y permite libertad de movimiento. Esto puede significar mayor seguridad y tiempo de uso m\u00e1s prolongado del dispositivo.<\/p>\n<p>Tambi\u00e9n cuida la piel, ya que absorbe la humedad.<\/p>\n<p>Se coloca sobre los bordes del disco y puede utilizar uno o dos trozos seg\u00fan lo que necesite.<\/p>\n<div class=\"c-section__item\">\n<div class=\"c-image-gallery__fig-container\"><\/div>\n<\/div>\n<div class=\"c-section__item\">\n<div class=\"c-image-gallery__fig-container\">\n<figure class=\"image-gallery__image-figure\"><strong>Presentaci\u00f3n<\/strong><\/figure>\n<p><label class=\"c-select__option\" for=\"variant_120700\">C\u00f3digo: 120700 &#8211; Adhesivo El\u00e1stico x20unidades<\/label><\/p>\n<p><label class=\"c-select__option\" for=\"variant_120720\">C\u00f3digo: 120720 &#8211; Adhesivo El\u00e1stico Belt x20 unidades<\/label><\/p>\n<\/div>\n<\/div>\n","protected":false},"excerpt":{"rendered":"<p>Es el\u00e1stica, por lo que se adapta a la forma de su cuerpo. El Adhesivo el\u00e1stico Brava\u00aemantiene el disco fijo en su lugar y se adapta a la forma y los movimientos de su cuerpo.<\/p>\n","protected":false},"featured_media":2286,"comment_status":"open","ping_status":"closed","template":"","meta":{"_monsterinsights_skip_tracking":false,"_monsterinsights_sitenote_active":false,"_monsterinsights_sitenote_note":"","_monsterinsights_sitenote_category":0},"product_brand":[],"product_cat":[164],"product_tag":[167,185,183,176],"class_list":{"0":"post-2162","1":"product","2":"type-product","3":"status-publish","4":"has-post-thumbnail","6":"product_cat-ostomia-colostomia-urostomia","7":"product_tag-coloplast","8":"product_tag-ostoma","9":"product_tag-ostomia","10":"product_tag-piel","12":"first","13":"instock","14":"shipping-taxable","15":"product-type-simple"},"_links":{"self":[{"href":"https:\/\/ortopediagorgo.com.ar\/index.php?rest_route=\/wp\/v2\/product\/2162","targetHints":{"allow":["GET"]}}],"collection":[{"href":"https:\/\/ortopediagorgo.com.ar\/index.php?rest_route=\/wp\/v2\/product"}],"about":[{"href":"https:\/\/ortopediagorgo.com.ar\/index.php?rest_route=\/wp\/v2\/types\/product"}],"replies":[{"embeddable":true,"href":"https:\/\/ortopediagorgo.com.ar\/index.php?rest_route=%2Fwp%2Fv2%2Fcomments&post=2162"}],"version-history":[{"count":2,"href":"https:\/\/ortopediagorgo.com.ar\/index.php?rest_route=\/wp\/v2\/product\/2162\/revisions"}],"predecessor-version":[{"id":2292,"href":"https:\/\/ortopediagorgo.com.ar\/index.php?rest_route=\/wp\/v2\/product\/2162\/revisions\/2292"}],"wp:featuredmedia":[{"embeddable":true,"href":"https:\/\/ortopediagorgo.com.ar\/index.php?rest_route=\/wp\/v2\/media\/2286"}],"wp:attachment":[{"href":"https:\/\/ortopediagorgo.com.ar\/index.php?rest_route=%2Fwp%2Fv2%2Fmedia&parent=2162"}],"wp:term":[{"taxonomy":"product_brand","embeddable":true,"href":"https:\/\/ortopediagorgo.com.ar\/index.php?rest_route=%2Fwp%2Fv2%2Fproduct_brand&post=2162"},{"taxonomy":"product_cat","embeddable":true,"href":"https:\/\/ortopediagorgo.com.ar\/index.php?rest_route=%2Fwp%2Fv2%2Fproduct_cat&post=2162"},{"taxonomy":"product_tag","embeddable":true,"href":"https:\/\/ortopediagorgo.com.ar\/index.php?rest_route=%2Fwp%2Fv2%2Fproduct_tag&post=2162"}],"curies":[{"name":"wp","href":"https:\/\/api.w.org\/{rel}","templated":true}]}}