{"id":2173,"date":"2020-12-26T20:00:01","date_gmt":"2020-12-26T20:00:01","guid":{"rendered":"http:\/\/ortopediagorgo.com.ar\/?post_type=product&#038;p=2173"},"modified":"2021-01-06T20:53:34","modified_gmt":"2021-01-06T23:53:34","slug":"speedicath-compact-set-masculino","status":"publish","type":"product","link":"https:\/\/ortopediagorgo.com.ar\/?product=speedicath-compact-set-masculino","title":{"rendered":"SpeediCath\u00ae Compact Set Masculino"},"content":{"rendered":"<p class=\"e-heading e-heading--2 -new\"><strong>Descripci\u00f3n de producto<\/strong><\/p>\n<div class=\"c-product-detail__info-description\">\n<div class=\"c-line-clamp\">\n<div class=\"c-line-clamp__text\">\n<p>SpeediCath\u00ae Compact Set es una opci\u00f3n ideal para aquellas personas que desean una soluci\u00f3n de sonda y bolsa todo en uno, simple y pr\u00e1ctica. Est\u00e1 lista para usar al instante gracias a su recubrimiento hidrof\u00edlico uniforme, prelubricado sin a\u00f1adir agua o lubricante. Con su mango de f\u00e1cil agarre, no\u2019 es necesario tocar la sonda.<\/p>\n<p><strong>Beneficios clave<\/strong><\/p>\n<p>SpeediCath\u00ae Compact Set es una opci\u00f3n ideal para aquellas personas que desean una soluci\u00f3n de sonda y bolsa recolectora de orina todo en uno, simple y pr\u00e1ctica. Gracias a su dise\u00f1o funcional, SpeediCath Compact Set es discreto, pr\u00e1ctico e higi\u00e9nico.<\/p>\n<p>SpeediCath\u00ae Compact Set est\u00e1 lista para usar al instante gracias a su recubrimiento prelubricado uniforme que tambi\u00e9n reduce las molestias.<\/p>\n<p>Con su extremo del drenaje de f\u00e1cil agarre, no\u2019 es necesario tocar la sonda y es\u2019 simple de abrir y volver a sellar para la eliminaci\u00f3n discreta e higi\u00e9nica. Esto se ha logrado sin comprometer el rendimiento, la seguridad ni la higiene.<\/p>\n<p><b>Presentaci\u00f3n<\/b><\/p>\n<p>Cod. 284221 &#8211; Masculino | CH 12-18<\/p>\n<\/div>\n<\/div>\n<\/div>\n","protected":false},"excerpt":{"rendered":"<p>SpeediCath\u00ae Compact Set es una opci\u00f3n ideal para aquellas personas que desean una soluci\u00f3n de cat\u00e9ter con bolsa recolectora de orina todo en uno, simple y pr\u00e1ctico. Est\u00e1 lista para usar al instante gracias a su recubrimiento prelubricado.<\/p>\n","protected":false},"featured_media":2419,"comment_status":"open","ping_status":"closed","template":"","meta":{"_monsterinsights_skip_tracking":false,"_monsterinsights_sitenote_active":false,"_monsterinsights_sitenote_note":"","_monsterinsights_sitenote_category":0},"product_brand":[],"product_cat":[165],"product_tag":[167,190],"class_list":{"0":"post-2173","1":"product","2":"type-product","3":"status-publish","4":"has-post-thumbnail","6":"product_cat-incontinencia-coloplast","7":"product_tag-coloplast","8":"product_tag-incontinencia","10":"first","11":"instock","12":"shipping-taxable","13":"product-type-simple"},"_links":{"self":[{"href":"https:\/\/ortopediagorgo.com.ar\/index.php?rest_route=\/wp\/v2\/product\/2173","targetHints":{"allow":["GET"]}}],"collection":[{"href":"https:\/\/ortopediagorgo.com.ar\/index.php?rest_route=\/wp\/v2\/product"}],"about":[{"href":"https:\/\/ortopediagorgo.com.ar\/index.php?rest_route=\/wp\/v2\/types\/product"}],"replies":[{"embeddable":true,"href":"https:\/\/ortopediagorgo.com.ar\/index.php?rest_route=%2Fwp%2Fv2%2Fcomments&post=2173"}],"version-history":[{"count":1,"href":"https:\/\/ortopediagorgo.com.ar\/index.php?rest_route=\/wp\/v2\/product\/2173\/revisions"}],"predecessor-version":[{"id":2174,"href":"https:\/\/ortopediagorgo.com.ar\/index.php?rest_route=\/wp\/v2\/product\/2173\/revisions\/2174"}],"wp:featuredmedia":[{"embeddable":true,"href":"https:\/\/ortopediagorgo.com.ar\/index.php?rest_route=\/wp\/v2\/media\/2419"}],"wp:attachment":[{"href":"https:\/\/ortopediagorgo.com.ar\/index.php?rest_route=%2Fwp%2Fv2%2Fmedia&parent=2173"}],"wp:term":[{"taxonomy":"product_brand","embeddable":true,"href":"https:\/\/ortopediagorgo.com.ar\/index.php?rest_route=%2Fwp%2Fv2%2Fproduct_brand&post=2173"},{"taxonomy":"product_cat","embeddable":true,"href":"https:\/\/ortopediagorgo.com.ar\/index.php?rest_route=%2Fwp%2Fv2%2Fproduct_cat&post=2173"},{"taxonomy":"product_tag","embeddable":true,"href":"https:\/\/ortopediagorgo.com.ar\/index.php?rest_route=%2Fwp%2Fv2%2Fproduct_tag&post=2173"}],"curies":[{"name":"wp","href":"https:\/\/api.w.org\/{rel}","templated":true}]}}