{"id":2175,"date":"2020-12-26T20:02:30","date_gmt":"2020-12-26T20:02:30","guid":{"rendered":"http:\/\/ortopediagorgo.com.ar\/?post_type=product&#038;p=2175"},"modified":"2021-01-06T20:53:05","modified_gmt":"2021-01-06T23:53:05","slug":"speedicath-compact-set-femenino","status":"publish","type":"product","link":"https:\/\/ortopediagorgo.com.ar\/?product=speedicath-compact-set-femenino","title":{"rendered":"SpeediCath\u00ae Compact Set Femenino"},"content":{"rendered":"<p class=\"e-heading e-heading--2 -new\"><strong><span style=\"vertical-align: inherit;\"><span style=\"vertical-align: inherit;\">Descripci\u00f3n de producto<\/span><\/span><\/strong><\/p>\n<div class=\"c-product-detail__info-description\">\n<div class=\"c-line-clamp\">\n<div class=\"c-line-clamp__text\">\n<p><span style=\"vertical-align: inherit;\"><span style=\"vertical-align: inherit;\">SpeediCath\u00ae Compact Set es una opci\u00f3n ideal para aquellas personas que desean una soluci\u00f3n de sonda y bolsa todo en uno, simple y pr\u00e1ctica. <\/span><span style=\"vertical-align: inherit;\">Est\u00e1 para usar al instante gracias a su recubrimiento hidrof\u00edlico uniforme, prelubricado sin a\u00f1adir agua o lubricante. <\/span><span style=\"vertical-align: inherit;\">Con su mango de f\u00e1cil agarre, no &#8216;es necesario tocar la sonda.<\/span><\/span><\/p>\n<p><strong><span style=\"vertical-align: inherit;\"><span style=\"vertical-align: inherit;\">Beneficios Clave<\/span><\/span><\/strong><\/p>\n<p><span style=\"vertical-align: inherit;\"><span style=\"vertical-align: inherit;\">SpeediCath\u00ae Compact Set es una opci\u00f3n ideal para aquellas personas que desean una soluci\u00f3n de sonda y bolsa recolectora de orina todo en uno, simple y pr\u00e1ctica. <\/span><span style=\"vertical-align: inherit;\">Gracias a su dise\u00f1o funcional, SpeediCath Compact Set es discreto, pr\u00e1ctico e higi\u00e9nico.<\/span><\/span><\/p>\n<p><span style=\"vertical-align: inherit;\"><span style=\"vertical-align: inherit;\">SpeediCath\u00ae Compact Set est\u00e1 lista para usar al instante gracias a su recubrimiento prelubricado uniforme que tambi\u00e9n reduce las molestias.<\/span><\/span><\/p>\n<p><span style=\"vertical-align: inherit;\"><span style=\"vertical-align: inherit;\">Con su extremo del drenaje de f\u00e1cil agarre, no &#8216;es necesario tocar la sonda y es&#8217; simple de abrir y volver a sellar para la eliminaci\u00f3n discreta e higi\u00e9nica. <\/span><span style=\"vertical-align: inherit;\">Esto se ha logrado sin comprometer el rendimiento, la seguridad ni la higiene.<\/span><\/span><\/p>\n<p><b><span style=\"vertical-align: inherit;\"><span style=\"vertical-align: inherit;\">Presentaci\u00f3n<\/span><\/span><\/b><\/p>\n<p><label class=\"c-select__option\" for=\"variant_285201\"><span style=\"vertical-align: inherit;\"><span style=\"vertical-align: inherit;\">Cod. <\/span><span style=\"vertical-align: inherit;\">285201 &#8211; Femenino | <\/span><span style=\"vertical-align: inherit;\">CH 10 <\/span><\/span><br \/>\n<\/label><label class=\"c-select__option\" for=\"variant_285221\"><span style=\"vertical-align: inherit;\"><span style=\"vertical-align: inherit;\">Cod. <\/span><span style=\"vertical-align: inherit;\">285221 &#8211; Femenino | <\/span><span style=\"vertical-align: inherit;\">CH 12 <\/span><\/span><br \/>\n<\/label><label class=\"c-select__option\" for=\"variant_285241\"><span style=\"vertical-align: inherit;\"><span style=\"vertical-align: inherit;\">Cod. <\/span><span style=\"vertical-align: inherit;\">285241 &#8211; Femenino | <\/span><span style=\"vertical-align: inherit;\">CH 14<\/span><\/span><\/label><\/p>\n<\/div>\n<\/div>\n<\/div>\n","protected":false},"excerpt":{"rendered":"<p><span style=\"vertical-align: inherit;\"><span style=\"vertical-align: inherit;\">SpeediCath\u00ae Compact Set es una opci\u00f3n ideal para aquellas personas que desean una soluci\u00f3n de cat\u00e9ter con bolsa recolectora de orina todo en uno, simple y pr\u00e1ctico. <\/span><span style=\"vertical-align: inherit;\">Est\u00e1 para usar al instante gracias a su recubrimiento prelubricado.<\/span><\/span><\/p>\n","protected":false},"featured_media":2419,"comment_status":"open","ping_status":"closed","template":"","meta":{"_monsterinsights_skip_tracking":false,"_monsterinsights_sitenote_active":false,"_monsterinsights_sitenote_note":"","_monsterinsights_sitenote_category":0},"product_brand":[],"product_cat":[165],"product_tag":[167,190],"class_list":{"0":"post-2175","1":"product","2":"type-product","3":"status-publish","4":"has-post-thumbnail","6":"product_cat-incontinencia-coloplast","7":"product_tag-coloplast","8":"product_tag-incontinencia","10":"first","11":"instock","12":"shipping-taxable","13":"product-type-simple"},"_links":{"self":[{"href":"https:\/\/ortopediagorgo.com.ar\/index.php?rest_route=\/wp\/v2\/product\/2175","targetHints":{"allow":["GET"]}}],"collection":[{"href":"https:\/\/ortopediagorgo.com.ar\/index.php?rest_route=\/wp\/v2\/product"}],"about":[{"href":"https:\/\/ortopediagorgo.com.ar\/index.php?rest_route=\/wp\/v2\/types\/product"}],"replies":[{"embeddable":true,"href":"https:\/\/ortopediagorgo.com.ar\/index.php?rest_route=%2Fwp%2Fv2%2Fcomments&post=2175"}],"version-history":[{"count":3,"href":"https:\/\/ortopediagorgo.com.ar\/index.php?rest_route=\/wp\/v2\/product\/2175\/revisions"}],"predecessor-version":[{"id":2422,"href":"https:\/\/ortopediagorgo.com.ar\/index.php?rest_route=\/wp\/v2\/product\/2175\/revisions\/2422"}],"wp:featuredmedia":[{"embeddable":true,"href":"https:\/\/ortopediagorgo.com.ar\/index.php?rest_route=\/wp\/v2\/media\/2419"}],"wp:attachment":[{"href":"https:\/\/ortopediagorgo.com.ar\/index.php?rest_route=%2Fwp%2Fv2%2Fmedia&parent=2175"}],"wp:term":[{"taxonomy":"product_brand","embeddable":true,"href":"https:\/\/ortopediagorgo.com.ar\/index.php?rest_route=%2Fwp%2Fv2%2Fproduct_brand&post=2175"},{"taxonomy":"product_cat","embeddable":true,"href":"https:\/\/ortopediagorgo.com.ar\/index.php?rest_route=%2Fwp%2Fv2%2Fproduct_cat&post=2175"},{"taxonomy":"product_tag","embeddable":true,"href":"https:\/\/ortopediagorgo.com.ar\/index.php?rest_route=%2Fwp%2Fv2%2Fproduct_tag&post=2175"}],"curies":[{"name":"wp","href":"https:\/\/api.w.org\/{rel}","templated":true}]}}