{"id":2178,"date":"2020-12-26T20:06:22","date_gmt":"2020-12-26T20:06:22","guid":{"rendered":"http:\/\/ortopediagorgo.com.ar\/?post_type=product&#038;p=2178"},"modified":"2024-07-08T17:42:47","modified_gmt":"2024-07-08T20:42:47","slug":"speedicath-cateter-compact-masculino","status":"publish","type":"product","link":"https:\/\/ortopediagorgo.com.ar\/?product=speedicath-cateter-compact-masculino","title":{"rendered":"Speedicath\u00ae Cat\u00e9ter Compact Masculino"},"content":{"rendered":"<p>SpeediCath Compact Male est\u00e1 dise\u00f1ado para lograr la discreci\u00f3n al ser, aproximadamente, la mitad del tama\u00f1o de las sondas est\u00e1ndares y al brindar un aspecto natural, no el de un dispositivo m\u00e9dico. El dise\u00f1o compacto permite que la sonda SpeediCath Compact Male sea m\u00e1s pr\u00e1ctica para guardar, transportar y desechar sin comprometer la facilidad de uso.<\/p>\n<p>SpeediCath Compact Male tiene orificios refinados y recubrimiento hidrof\u00edlico que est\u00e1n dise\u00f1ados para reducir la fricci\u00f3n y aumentar la comodidad, de esta forma minimiza el riesgo de da\u00f1o uretral.<\/p>\n<p><strong>Los beneficios de la sonda SpeediCath Compact Male:<\/strong><\/p>\n<ul>\n<li>La sonda m\u00e1s compacta para hombres:<\/li>\n<li>Es compacta y pr\u00e1ctica, tanto dentro como fuera del hogar:<\/li>\n<li>Puede insertarse sin tocar la secci\u00f3n recubierta:<\/li>\n<li>Es 100% resellable despu\u00e9s del uso:<\/li>\n<li>Es una sonda lista para usar gracias a su recubrimiento hidrof\u00edlico \u00fanico:<\/li>\n<li>No utilizamos PVC, o ftalatos, lo que garantiza que su salud no est\u00e9 comprometida y limita el impacto en el medio ambiente.<\/li>\n<\/ul>\n<p>La manera en que vac\u00ede la vejiga forma parte de su intimidad y SpeediCath Compact para hombres ayuda a que sea as\u00ed. Es\u2019 la sonda para hombres m\u00e1s compacta en el mercado gracias a su dise\u00f1o innovador y premiado. La sonda es f\u00e1cil de utilizar y no compromete la seguridad o la higiene.<\/p>\n<ul>\n<li>El 96% de los usuarios la calificaron como discreta:<\/li>\n<li>El 85% de los usuarios la calificaron como f\u00e1cil de usar:<\/li>\n<li>Es una sonda lista para usar gracias a su recubrimiento hidrof\u00edlico \u00fanico:<\/li>\n<li>Puede insertarse sin tocar la secci\u00f3n recubierta.<\/li>\n<\/ul>\n<p><b>Presentaci\u00f3n<\/b><\/p>\n<p>Cod. 286920 &#8211; Masculino | CH 12\/18<\/p>\n","protected":false},"excerpt":{"rendered":"<p>SpeediCath Compact Male es la sonda discreta y lista para usar para hombres. El dise\u00f1o premiado y revolucionario ofrece una discreci\u00f3n incomparable sin comprometer la seguridad o la practicidad.<\/p>\n","protected":false},"featured_media":2417,"comment_status":"open","ping_status":"closed","template":"","meta":{"_monsterinsights_skip_tracking":false,"_monsterinsights_sitenote_active":false,"_monsterinsights_sitenote_note":"","_monsterinsights_sitenote_category":0},"product_brand":[],"product_cat":[165],"product_tag":[167,190],"class_list":{"0":"post-2178","1":"product","2":"type-product","3":"status-publish","4":"has-post-thumbnail","6":"product_cat-incontinencia-coloplast","7":"product_tag-coloplast","8":"product_tag-incontinencia","10":"first","11":"instock","12":"shipping-taxable","13":"product-type-simple"},"_links":{"self":[{"href":"https:\/\/ortopediagorgo.com.ar\/index.php?rest_route=\/wp\/v2\/product\/2178","targetHints":{"allow":["GET"]}}],"collection":[{"href":"https:\/\/ortopediagorgo.com.ar\/index.php?rest_route=\/wp\/v2\/product"}],"about":[{"href":"https:\/\/ortopediagorgo.com.ar\/index.php?rest_route=\/wp\/v2\/types\/product"}],"replies":[{"embeddable":true,"href":"https:\/\/ortopediagorgo.com.ar\/index.php?rest_route=%2Fwp%2Fv2%2Fcomments&post=2178"}],"version-history":[{"count":2,"href":"https:\/\/ortopediagorgo.com.ar\/index.php?rest_route=\/wp\/v2\/product\/2178\/revisions"}],"predecessor-version":[{"id":2418,"href":"https:\/\/ortopediagorgo.com.ar\/index.php?rest_route=\/wp\/v2\/product\/2178\/revisions\/2418"}],"wp:featuredmedia":[{"embeddable":true,"href":"https:\/\/ortopediagorgo.com.ar\/index.php?rest_route=\/wp\/v2\/media\/2417"}],"wp:attachment":[{"href":"https:\/\/ortopediagorgo.com.ar\/index.php?rest_route=%2Fwp%2Fv2%2Fmedia&parent=2178"}],"wp:term":[{"taxonomy":"product_brand","embeddable":true,"href":"https:\/\/ortopediagorgo.com.ar\/index.php?rest_route=%2Fwp%2Fv2%2Fproduct_brand&post=2178"},{"taxonomy":"product_cat","embeddable":true,"href":"https:\/\/ortopediagorgo.com.ar\/index.php?rest_route=%2Fwp%2Fv2%2Fproduct_cat&post=2178"},{"taxonomy":"product_tag","embeddable":true,"href":"https:\/\/ortopediagorgo.com.ar\/index.php?rest_route=%2Fwp%2Fv2%2Fproduct_tag&post=2178"}],"curies":[{"name":"wp","href":"https:\/\/api.w.org\/{rel}","templated":true}]}}