{"id":2180,"date":"2020-12-26T20:10:56","date_gmt":"2020-12-26T20:10:56","guid":{"rendered":"http:\/\/ortopediagorgo.com.ar\/?post_type=product&#038;p=2180"},"modified":"2022-12-08T14:21:15","modified_gmt":"2022-12-08T17:21:15","slug":"speedicath-compact-plus-femenino","status":"publish","type":"product","link":"https:\/\/ortopediagorgo.com.ar\/?product=speedicath-compact-plus-femenino","title":{"rendered":"SpeediCath\u00ae Compact Plus Femenino"},"content":{"rendered":"<p><span style=\"vertical-align: inherit;\"><span style=\"vertical-align: inherit;\">El dise\u00f1o innovador y premiado de SpeediCath Compact Female establece el est\u00e1ndar de discreci\u00f3n para la autocateterizaci\u00f3n para mujeres. <\/span><span style=\"vertical-align: inherit;\">Su dise\u00f1o peque\u00f1o y compacto, del tama\u00f1o de un l\u00e1piz labial, y su uso simple e intuitivo, han hecho de SpeediCath Compact Female, la sonda m\u00e1s preferida por las mujeres.<\/span><\/span><\/p>\n<p><span style=\"vertical-align: inherit;\"><span style=\"vertical-align: inherit;\">SpeediCath Compact Female tiene orificios pulidos y con revestimiento hidrof\u00edlico que est\u00e1n dise\u00f1ados para reducir la fricci\u00f3n e incrementar la comodidad. <\/span><span style=\"vertical-align: inherit;\">De esta forma minimiza el riesgo de da\u00f1o uretral.<\/span><\/span><\/p>\n<p><span style=\"vertical-align: inherit;\"><span style=\"vertical-align: inherit;\">SpeediCath Compact Female est\u00e1 disponible en muchos tama\u00f1os diferentes, para satisfacer las necesidades individuales.<\/span><\/span><\/p>\n<p><strong><span style=\"vertical-align: inherit;\"><span style=\"vertical-align: inherit;\">Beneficios Clave<\/span><\/span><\/strong><\/p>\n<p><span style=\"vertical-align: inherit;\"><span style=\"vertical-align: inherit;\">El dise\u00f1o innovador y premiado de SpeediCath Compact Female establece el est\u00e1ndar de discreci\u00f3n para la autocateterizaci\u00f3n para mujeres. <\/span><span style=\"vertical-align: inherit;\">Su dise\u00f1o peque\u00f1o y compacto, del tama\u00f1o de un l\u00e1piz labial, y su uso simple e intuitivo, han hecho de SpeediCath Compact Female, la sonda m\u00e1s preferida por las mujeres.<\/span><\/span><\/p>\n<ul>\n<li><span style=\"vertical-align: inherit;\"><span style=\"vertical-align: inherit;\">La sonda m\u00e1s compacta para mujeres.<\/span><\/span><\/li>\n<li><span style=\"vertical-align: inherit;\"><span style=\"vertical-align: inherit;\">La sonda m\u00e1s preferida por las mujeres.<\/span><\/span><\/li>\n<li><span style=\"vertical-align: inherit;\"><span style=\"vertical-align: inherit;\">El extremo del drenaje de f\u00e1cil agarre permite lograr una inserci\u00f3n higi\u00e9nica y sin toque, con un control mejorado.<\/span><\/span><\/li>\n<li><span style=\"vertical-align: inherit;\"><span style=\"vertical-align: inherit;\">Es una sonda lista para usar gracias a su recubrimiento hidrof\u00edlico \u00fanico:<\/span><\/span><\/li>\n<li><span style=\"vertical-align: inherit;\"><span style=\"vertical-align: inherit;\">Libre de PVC y ftalatos, lo que garantiza que su salud no est\u00e9 comprometida y limita el impacto en el medio ambiente.<\/span><\/span><\/li>\n<\/ul>\n<p><span style=\"vertical-align: inherit;\"><span style=\"vertical-align: inherit;\">SpeediCath Compact Female est\u00e1 disponible en muchos tama\u00f1os diferentes, para satisfacer las necesidades individuales.<\/span><\/span><\/p>\n<p><strong><span style=\"vertical-align: inherit;\"><span style=\"vertical-align: inherit;\">Presentaci\u00f3n<\/span><\/span><\/strong><\/p>\n<p><label class=\"c-select__option\" for=\"variant_288100\"><span style=\"vertical-align: inherit;\"><span style=\"vertical-align: inherit;\">Cod. <\/span><span style=\"vertical-align: inherit;\">288100 &#8211; Femenino | <\/span><span style=\"vertical-align: inherit;\">CH 10<br \/>\n<\/span><\/span><\/label><label class=\"c-select__option\" for=\"variant_288120\"><span style=\"vertical-align: inherit;\"><span style=\"vertical-align: inherit;\">Cod. <\/span><span style=\"vertical-align: inherit;\">288120 &#8211; Femenino | <\/span><span style=\"vertical-align: inherit;\">CH 12<br \/>\n<\/span><\/span><\/label><label class=\"c-select__option\" for=\"variant_288140\"><span style=\"vertical-align: inherit;\"><span style=\"vertical-align: inherit;\">Cod. <\/span><span style=\"vertical-align: inherit;\">288140 &#8211; Femenino | <\/span><span style=\"vertical-align: inherit;\">CH 14<\/span><\/span><\/label><\/p>\n","protected":false},"excerpt":{"rendered":"<p><span style=\"vertical-align: inherit;\"><span style=\"vertical-align: inherit;\">SpeediCath Compact Female es la sonda m\u00e1s discreta y f\u00e1cil de usar para mujeres. <\/span><span style=\"vertical-align: inherit;\">Es la primera sonda dise\u00f1ada para adaptarse a la anatom\u00eda del cuerpo femenino y su tama\u00f1o es similar al de un l\u00e1piz labial.<\/span><\/span><\/p>\n","protected":false},"featured_media":2427,"comment_status":"open","ping_status":"closed","template":"","meta":{"_monsterinsights_skip_tracking":false,"_monsterinsights_sitenote_active":false,"_monsterinsights_sitenote_note":"","_monsterinsights_sitenote_category":0},"product_brand":[],"product_cat":[165],"product_tag":[167,190],"class_list":{"0":"post-2180","1":"product","2":"type-product","3":"status-publish","4":"has-post-thumbnail","6":"product_cat-incontinencia-coloplast","7":"product_tag-coloplast","8":"product_tag-incontinencia","10":"first","11":"instock","12":"shipping-taxable","13":"product-type-simple"},"_links":{"self":[{"href":"https:\/\/ortopediagorgo.com.ar\/index.php?rest_route=\/wp\/v2\/product\/2180","targetHints":{"allow":["GET"]}}],"collection":[{"href":"https:\/\/ortopediagorgo.com.ar\/index.php?rest_route=\/wp\/v2\/product"}],"about":[{"href":"https:\/\/ortopediagorgo.com.ar\/index.php?rest_route=\/wp\/v2\/types\/product"}],"replies":[{"embeddable":true,"href":"https:\/\/ortopediagorgo.com.ar\/index.php?rest_route=%2Fwp%2Fv2%2Fcomments&post=2180"}],"version-history":[{"count":3,"href":"https:\/\/ortopediagorgo.com.ar\/index.php?rest_route=\/wp\/v2\/product\/2180\/revisions"}],"predecessor-version":[{"id":2415,"href":"https:\/\/ortopediagorgo.com.ar\/index.php?rest_route=\/wp\/v2\/product\/2180\/revisions\/2415"}],"wp:featuredmedia":[{"embeddable":true,"href":"https:\/\/ortopediagorgo.com.ar\/index.php?rest_route=\/wp\/v2\/media\/2427"}],"wp:attachment":[{"href":"https:\/\/ortopediagorgo.com.ar\/index.php?rest_route=%2Fwp%2Fv2%2Fmedia&parent=2180"}],"wp:term":[{"taxonomy":"product_brand","embeddable":true,"href":"https:\/\/ortopediagorgo.com.ar\/index.php?rest_route=%2Fwp%2Fv2%2Fproduct_brand&post=2180"},{"taxonomy":"product_cat","embeddable":true,"href":"https:\/\/ortopediagorgo.com.ar\/index.php?rest_route=%2Fwp%2Fv2%2Fproduct_cat&post=2180"},{"taxonomy":"product_tag","embeddable":true,"href":"https:\/\/ortopediagorgo.com.ar\/index.php?rest_route=%2Fwp%2Fv2%2Fproduct_tag&post=2180"}],"curies":[{"name":"wp","href":"https:\/\/api.w.org\/{rel}","templated":true}]}}