{"id":2182,"date":"2020-12-26T20:14:41","date_gmt":"2020-12-26T20:14:41","guid":{"rendered":"http:\/\/ortopediagorgo.com.ar\/?post_type=product&#038;p=2182"},"modified":"2022-10-11T09:12:55","modified_gmt":"2022-10-11T12:12:55","slug":"speedicath-neo-natal","status":"publish","type":"product","link":"https:\/\/ortopediagorgo.com.ar\/?product=speedicath-neo-natal","title":{"rendered":"SpeediCath\u00ae Neo Natal"},"content":{"rendered":"<p>Los cat\u00e9teres SpeediCath\u00ae son cat\u00e9teres seguros e higi\u00e9nicos que ofrecen facilidad de uso, mayor comodidad y m\u00ednimo riesgo de da\u00f1o uretral en todos los pacientes que usan cat\u00e9teres.<\/p>\n<p>Los cat\u00e9teres SpeediCath se comercializan desde hace m\u00e1s de 10 a\u00f1os.<\/p>\n<p>Listos para usar sin necesidad de agregar agua ni tener que esperar que se active el recubrimiento, son f\u00e1ciles de abrir y simples de manipular: SpeediCath representa una forma m\u00e1s conveniente de cateterizar.<\/p>\n<p>El recubrimiento de superficie hidrof\u00edlica uniforme asegura la cateterizaci\u00f3n segura una y otra vez.<\/p>\n<p>Varios estudios han demostrado que SpeediCath\u2019es f\u00e1cil de usar y, adem\u00e1s, el hecho de que no necesita\u2019 preparaci\u00f3n lo convierte en la opci\u00f3n de preferencia entre los pacientes que usan cat\u00e9teres (cf 1).<\/p>\n<p>SpeediCath se ofrece en una variedad de longitudes y tama\u00f1os para satisfacer las necesidades de mujeres, hombres y ni\u00f1os.<\/p>\n<p><strong>Todos los productos de la familia de SpeediCath:<\/strong><\/p>\n<ul>\n<li>tienen un suave recubrimiento uniforme que minimiza el riesgo de da\u00f1o uretral<\/li>\n<li>vienen pre-hidratados y por ende listos para usar<\/li>\n<li>son intuitivos y f\u00e1ciles de usar.<\/li>\n<\/ul>\n<p><b>Presentaci\u00f3n<\/b><\/p>\n<p><label class=\"c-select__option\" for=\"variant_287060\">Cod. 287060 &#8211; Neo Natal | CH 06<br \/>\n<\/label><label class=\"c-select__option\" for=\"variant_287080\">Cod. 287080 &#8211; Neo Natal | CH 08<\/label><\/p>\n","protected":false},"excerpt":{"rendered":"<p>Los cat\u00e9teres SpeediCath pertenecen a la \u00faltima generaci\u00f3n de cat\u00e9teres con recubrimiento hidrof\u00edlico. Lo que distingue al cat\u00e9ter SpeediCath es el suave recubrimiento uniforme y el hecho de que el cat\u00e9ter est\u00e1 sumergido en soluci\u00f3n salina y de esta forma, queda listo para usar.<\/p>\n","protected":false},"featured_media":2407,"comment_status":"open","ping_status":"closed","template":"","meta":{"_monsterinsights_skip_tracking":false,"_monsterinsights_sitenote_active":false,"_monsterinsights_sitenote_note":"","_monsterinsights_sitenote_category":0},"product_brand":[],"product_cat":[165],"product_tag":[167,190,191],"class_list":{"0":"post-2182","1":"product","2":"type-product","3":"status-publish","4":"has-post-thumbnail","6":"product_cat-incontinencia-coloplast","7":"product_tag-coloplast","8":"product_tag-incontinencia","9":"product_tag-neonatal","11":"first","12":"instock","13":"shipping-taxable","14":"product-type-simple"},"_links":{"self":[{"href":"https:\/\/ortopediagorgo.com.ar\/index.php?rest_route=\/wp\/v2\/product\/2182","targetHints":{"allow":["GET"]}}],"collection":[{"href":"https:\/\/ortopediagorgo.com.ar\/index.php?rest_route=\/wp\/v2\/product"}],"about":[{"href":"https:\/\/ortopediagorgo.com.ar\/index.php?rest_route=\/wp\/v2\/types\/product"}],"replies":[{"embeddable":true,"href":"https:\/\/ortopediagorgo.com.ar\/index.php?rest_route=%2Fwp%2Fv2%2Fcomments&post=2182"}],"version-history":[{"count":2,"href":"https:\/\/ortopediagorgo.com.ar\/index.php?rest_route=\/wp\/v2\/product\/2182\/revisions"}],"predecessor-version":[{"id":2412,"href":"https:\/\/ortopediagorgo.com.ar\/index.php?rest_route=\/wp\/v2\/product\/2182\/revisions\/2412"}],"wp:featuredmedia":[{"embeddable":true,"href":"https:\/\/ortopediagorgo.com.ar\/index.php?rest_route=\/wp\/v2\/media\/2407"}],"wp:attachment":[{"href":"https:\/\/ortopediagorgo.com.ar\/index.php?rest_route=%2Fwp%2Fv2%2Fmedia&parent=2182"}],"wp:term":[{"taxonomy":"product_brand","embeddable":true,"href":"https:\/\/ortopediagorgo.com.ar\/index.php?rest_route=%2Fwp%2Fv2%2Fproduct_brand&post=2182"},{"taxonomy":"product_cat","embeddable":true,"href":"https:\/\/ortopediagorgo.com.ar\/index.php?rest_route=%2Fwp%2Fv2%2Fproduct_cat&post=2182"},{"taxonomy":"product_tag","embeddable":true,"href":"https:\/\/ortopediagorgo.com.ar\/index.php?rest_route=%2Fwp%2Fv2%2Fproduct_tag&post=2182"}],"curies":[{"name":"wp","href":"https:\/\/api.w.org\/{rel}","templated":true}]}}