{"id":2192,"date":"2020-12-26T20:52:22","date_gmt":"2020-12-26T20:52:22","guid":{"rendered":"http:\/\/ortopediagorgo.com.ar\/?post_type=product&#038;p=2192"},"modified":"2021-01-06T19:57:08","modified_gmt":"2021-01-06T22:57:08","slug":"conveen-cinta-ajustable-de-pierna","status":"publish","type":"product","link":"https:\/\/ortopediagorgo.com.ar\/?product=conveen-cinta-ajustable-de-pierna","title":{"rendered":"Conveen\u00ae Cinta ajustable de pierna"},"content":{"rendered":"<p>Los el\u00e1sticos para bolsas de pierna Conveen\u00ae est\u00e1n hechos de un material suave y c\u00f3modo y est\u00e1n disponibles con un sistema de el\u00e1sticos con un bot\u00f3n para el ajuste, para facilitar el uso, o el\u00e1sticos de silicona antideslizante.<\/p>\n<p>Las caracter\u00edsticas de los el\u00e1sticos para bolsas de pierna Conveen<\/p>\n<ul>\n<li>La combinaci\u00f3n de colores reduce la visibilidad del dispositivo debajo de la ropa.<\/li>\n<li>Cierre de cinta con abrojo.<\/li>\n<li>Ayuda a mantener la incontinencia de orina como un tema privado y discreto.<\/li>\n<\/ul>\n<p>Cod. 50501<\/p>\n","protected":false},"excerpt":{"rendered":"<p>Los el\u00e1sticos para bolsas de pierna Conveen\u00ae est\u00e1n dise\u00f1ados para el uso flexible de las bolsas colectoras de orina.<\/p>\n","protected":false},"featured_media":2374,"comment_status":"open","ping_status":"closed","template":"","meta":{"_monsterinsights_skip_tracking":false,"_monsterinsights_sitenote_active":false,"_monsterinsights_sitenote_note":"","_monsterinsights_sitenote_category":0},"product_brand":[],"product_cat":[165],"product_tag":[195,167,190],"class_list":{"0":"post-2192","1":"product","2":"type-product","3":"status-publish","4":"has-post-thumbnail","6":"product_cat-incontinencia-coloplast","7":"product_tag-cintasajustables","8":"product_tag-coloplast","9":"product_tag-incontinencia","11":"first","12":"instock","13":"shipping-taxable","14":"product-type-simple"},"_links":{"self":[{"href":"https:\/\/ortopediagorgo.com.ar\/index.php?rest_route=\/wp\/v2\/product\/2192","targetHints":{"allow":["GET"]}}],"collection":[{"href":"https:\/\/ortopediagorgo.com.ar\/index.php?rest_route=\/wp\/v2\/product"}],"about":[{"href":"https:\/\/ortopediagorgo.com.ar\/index.php?rest_route=\/wp\/v2\/types\/product"}],"replies":[{"embeddable":true,"href":"https:\/\/ortopediagorgo.com.ar\/index.php?rest_route=%2Fwp%2Fv2%2Fcomments&post=2192"}],"version-history":[{"count":1,"href":"https:\/\/ortopediagorgo.com.ar\/index.php?rest_route=\/wp\/v2\/product\/2192\/revisions"}],"predecessor-version":[{"id":2193,"href":"https:\/\/ortopediagorgo.com.ar\/index.php?rest_route=\/wp\/v2\/product\/2192\/revisions\/2193"}],"wp:featuredmedia":[{"embeddable":true,"href":"https:\/\/ortopediagorgo.com.ar\/index.php?rest_route=\/wp\/v2\/media\/2374"}],"wp:attachment":[{"href":"https:\/\/ortopediagorgo.com.ar\/index.php?rest_route=%2Fwp%2Fv2%2Fmedia&parent=2192"}],"wp:term":[{"taxonomy":"product_brand","embeddable":true,"href":"https:\/\/ortopediagorgo.com.ar\/index.php?rest_route=%2Fwp%2Fv2%2Fproduct_brand&post=2192"},{"taxonomy":"product_cat","embeddable":true,"href":"https:\/\/ortopediagorgo.com.ar\/index.php?rest_route=%2Fwp%2Fv2%2Fproduct_cat&post=2192"},{"taxonomy":"product_tag","embeddable":true,"href":"https:\/\/ortopediagorgo.com.ar\/index.php?rest_route=%2Fwp%2Fv2%2Fproduct_tag&post=2192"}],"curies":[{"name":"wp","href":"https:\/\/api.w.org\/{rel}","templated":true}]}}