{"id":2196,"date":"2020-12-26T21:13:35","date_gmt":"2020-12-26T21:13:35","guid":{"rendered":"http:\/\/ortopediagorgo.com.ar\/?post_type=product&#038;p=2196"},"modified":"2022-10-18T08:41:44","modified_gmt":"2022-10-18T11:41:44","slug":"conveen-security-una-pieza","status":"publish","type":"product","link":"https:\/\/ortopediagorgo.com.ar\/?product=conveen-security-una-pieza","title":{"rendered":"Conveen\u00ae Security+ una pieza"},"content":{"rendered":"<p>Conveen Security+ es un colector urinario de ajuste perfecto elaborado con un material que no contiene l\u00e1tex, lo cual elimina el riesgo de reacciones al\u00e9rgicas provocadas por el l\u00e1tex y el desarrollo de sensibilidad al l\u00e1tex.<\/p>\n<p><strong>Caracter\u00edsticas:<\/strong><\/p>\n<ul>\n<li>Dispositivo de doble tira que permite una f\u00e1cil y segura aplicaci\u00f3n y conexi\u00f3n segura a la bolsa colectora de orina<\/li>\n<li>Aplicador y tira para retirarlo, para que la remoci\u00f3n sea sencilla y delicada, y la aplicaci\u00f3n sea segura<\/li>\n<li>No est\u00e1 fabricado con l\u00e1tex de goma natural<\/li>\n<\/ul>\n<p><strong>Beneficios Clave<\/strong><\/p>\n<p>Las colectores Conveen\u00ae Security+ est\u00e1n disponibles en dos variedades \u2013 autoadhesivas y de 2 piezas (recubrimiento y colector).<\/p>\n<ul>\n<li>Las caracter\u00edsticas de \u2019antifiltraci\u00f3n, como los fuelles resistentes a torsi\u00f3n, impiden el bloqueo.<\/li>\n<li>Incluye un aplicador y una tira para retirarla para una aplicaci\u00f3n f\u00e1cil y segura.<\/li>\n<li>El revestimiento urinario con adhesivo en los dos lados facilita la adaptaci\u00f3n personal.<\/li>\n<li>No contiene\u2019 l\u00e1tex, lo que elimina el riesgo de reacciones al\u00e9rgicas.<\/li>\n<\/ul>\n<p>Es importante encontrar la combinaci\u00f3n de colectores urinarios y de bolsas colectoras de orina que se adapten a sus necesidades y estilo de vida.<br \/>\nSi bien Conveen\u00ae es una soluci\u00f3n personalizable, le recomendamos que responda algunas preguntas para identificar qu\u00e9 colector y bolsa son los m\u00e1s adecuados para usted.<\/p>\n<p><strong>Presentaci\u00f3n<\/strong><\/p>\n<p><label class=\"c-select__option\" for=\"variant_052300\">Cod. 052300 &#8211; Masculino | Di\u00e1metro: 30 mm<\/label><\/p>\n<p><label class=\"c-select__option\" for=\"variant_052350\">Cod. 052350 &#8211; Masculino | Di\u00e1metro: 35 mm<\/label><\/p>\n","protected":false},"excerpt":{"rendered":"<p>Fabricado con material que no contiene l\u00e1tex, Conveen Security+ ofrece una alternativa agradable para la piel en comparaci\u00f3n con los colectores urinarios tradicionales de l\u00e1tex.<\/p>\n","protected":false},"featured_media":2372,"comment_status":"open","ping_status":"closed","template":"","meta":{"_monsterinsights_skip_tracking":false,"_monsterinsights_sitenote_active":false,"_monsterinsights_sitenote_note":"","_monsterinsights_sitenote_category":0},"product_brand":[],"product_cat":[165],"product_tag":[167,190],"class_list":{"0":"post-2196","1":"product","2":"type-product","3":"status-publish","4":"has-post-thumbnail","6":"product_cat-incontinencia-coloplast","7":"product_tag-coloplast","8":"product_tag-incontinencia","10":"first","11":"instock","12":"shipping-taxable","13":"product-type-simple"},"_links":{"self":[{"href":"https:\/\/ortopediagorgo.com.ar\/index.php?rest_route=\/wp\/v2\/product\/2196","targetHints":{"allow":["GET"]}}],"collection":[{"href":"https:\/\/ortopediagorgo.com.ar\/index.php?rest_route=\/wp\/v2\/product"}],"about":[{"href":"https:\/\/ortopediagorgo.com.ar\/index.php?rest_route=\/wp\/v2\/types\/product"}],"replies":[{"embeddable":true,"href":"https:\/\/ortopediagorgo.com.ar\/index.php?rest_route=%2Fwp%2Fv2%2Fcomments&post=2196"}],"version-history":[{"count":1,"href":"https:\/\/ortopediagorgo.com.ar\/index.php?rest_route=\/wp\/v2\/product\/2196\/revisions"}],"predecessor-version":[{"id":2197,"href":"https:\/\/ortopediagorgo.com.ar\/index.php?rest_route=\/wp\/v2\/product\/2196\/revisions\/2197"}],"wp:featuredmedia":[{"embeddable":true,"href":"https:\/\/ortopediagorgo.com.ar\/index.php?rest_route=\/wp\/v2\/media\/2372"}],"wp:attachment":[{"href":"https:\/\/ortopediagorgo.com.ar\/index.php?rest_route=%2Fwp%2Fv2%2Fmedia&parent=2196"}],"wp:term":[{"taxonomy":"product_brand","embeddable":true,"href":"https:\/\/ortopediagorgo.com.ar\/index.php?rest_route=%2Fwp%2Fv2%2Fproduct_brand&post=2196"},{"taxonomy":"product_cat","embeddable":true,"href":"https:\/\/ortopediagorgo.com.ar\/index.php?rest_route=%2Fwp%2Fv2%2Fproduct_cat&post=2196"},{"taxonomy":"product_tag","embeddable":true,"href":"https:\/\/ortopediagorgo.com.ar\/index.php?rest_route=%2Fwp%2Fv2%2Fproduct_tag&post=2196"}],"curies":[{"name":"wp","href":"https:\/\/api.w.org\/{rel}","templated":true}]}}