{"id":2198,"date":"2020-12-26T21:16:59","date_gmt":"2020-12-26T21:16:59","guid":{"rendered":"http:\/\/ortopediagorgo.com.ar\/?post_type=product&#038;p=2198"},"modified":"2021-01-06T19:31:17","modified_gmt":"2021-01-06T22:31:17","slug":"conveen-security-dos-piezas","status":"publish","type":"product","link":"https:\/\/ortopediagorgo.com.ar\/?product=conveen-security-dos-piezas","title":{"rendered":"Conveen\u00ae Security+ dos piezas"},"content":{"rendered":"<p><span style=\"vertical-align: inherit;\"><span style=\"vertical-align: inherit;\">Conveen Security + es un colector urinario de ajuste perfecto elaborado con un material que no contiene l\u00e1tex, lo cual elimina el riesgo de reacciones al\u00e9rgicas provocadas por el l\u00e1tex y el desarrollo de sensibilidad al l\u00e1tex.<\/span><\/span><\/p>\n<p><strong><span style=\"vertical-align: inherit;\"><span style=\"vertical-align: inherit;\">Caracteristicas:<\/span><\/span><\/strong><\/p>\n<ul>\n<li><span style=\"vertical-align: inherit;\"><span style=\"vertical-align: inherit;\">Dispositivo de doble tira que permite una f\u00e1cil y segura aplicaci\u00f3n y conexi\u00f3n segura a la bolsa colectora de orina<\/span><\/span><\/li>\n<li><span style=\"vertical-align: inherit;\"><span style=\"vertical-align: inherit;\">Aplicador y tira para retirarlo, para que la remoci\u00f3n sea sencilla y delicada, y la aplicaci\u00f3n sea segura<\/span><\/span><\/li>\n<li><span style=\"vertical-align: inherit;\"><span style=\"vertical-align: inherit;\">No est\u00e1 fabricado con l\u00e1tex de goma natural<\/span><\/span><\/li>\n<\/ul>\n<p><strong><span style=\"vertical-align: inherit;\"><span style=\"vertical-align: inherit;\">Beneficios Clave<\/span><\/span><\/strong><\/p>\n<p><span style=\"vertical-align: inherit;\"><span style=\"vertical-align: inherit;\">Las colectores Conveen\u00ae Security + est\u00e1n disponibles en dos variedades &#8211; autoadhesivas y de 2 piezas (recubrimiento y colector).<\/span><\/span><\/p>\n<ul>\n<li><span style=\"vertical-align: inherit;\"><span style=\"vertical-align: inherit;\">Las caracter\u00edsticas de &#8216;antifiltraci\u00f3n, como los fuelles resistentes a torsi\u00f3n, impiden el bloqueo.<\/span><\/span><\/li>\n<li><span style=\"vertical-align: inherit;\"><span style=\"vertical-align: inherit;\">Incluye un aplicador y una tira para retirarla para una aplicaci\u00f3n f\u00e1cil y segura.<\/span><\/span><\/li>\n<li><span style=\"vertical-align: inherit;\"><span style=\"vertical-align: inherit;\">El revestimiento urinario con adhesivo en los dos lados facilita la adaptaci\u00f3n personal.<\/span><\/span><\/li>\n<li><span style=\"vertical-align: inherit;\"><span style=\"vertical-align: inherit;\">No contiene &#8216;l\u00e1tex, lo que elimina el riesgo de reacciones al\u00e9rgicas.<\/span><\/span><\/li>\n<\/ul>\n<p><span style=\"vertical-align: inherit;\"><span style=\"vertical-align: inherit;\">Es importante encontrar la combinaci\u00f3n de colectores urinarios y de bolsas colectoras de orina que se adapten a sus necesidades y estilo de vida. <\/span><\/span><br \/>\n<span style=\"vertical-align: inherit;\"><span style=\"vertical-align: inherit;\">Si bien Conveen\u00ae es una soluci\u00f3n personalizable, le recomendamos que responda algunas preguntas para identificar qu\u00e9 colector y bolsa son los m\u00e1s adecuados para usted.<\/span><\/span><\/p>\n<p><b><span style=\"vertical-align: inherit;\"><span style=\"vertical-align: inherit;\">Presentaci\u00f3n<\/span><\/span><\/b><\/p>\n<p><label class=\"c-select__option\" for=\"variant_050250\"><span style=\"vertical-align: inherit;\"><span style=\"vertical-align: inherit;\">Bacalao. <\/span><span style=\"vertical-align: inherit;\">050250 &#8211; Masculino | <\/span><span style=\"vertical-align: inherit;\">Diametro: 25 mm<\/span><\/span><\/label><\/p>\n<p><label class=\"c-select__option\" for=\"variant_050300\"><span style=\"vertical-align: inherit;\"><span style=\"vertical-align: inherit;\">Bacalao. <\/span><span style=\"vertical-align: inherit;\">050300 &#8211; Masculino | <\/span><span style=\"vertical-align: inherit;\">Di\u00e1metro: 30 mm<\/span><\/span><\/label><\/p>\n<p><label class=\"c-select__option\" for=\"variant_050350\"><span style=\"vertical-align: inherit;\"><span style=\"vertical-align: inherit;\">Bacalao. <\/span><span style=\"vertical-align: inherit;\">050350 &#8211; Masculino | <\/span><span style=\"vertical-align: inherit;\">Diametro: 35 mm<\/span><\/span><\/label><\/p>\n","protected":false},"excerpt":{"rendered":"<p><span style=\"vertical-align: inherit;\"><span style=\"vertical-align: inherit;\">Fabricado con material que no contiene l\u00e1tex, Conveen Security + ofrece una alternativa agradable para la piel en comparaci\u00f3n con los colectores urinarios tradicionales de l\u00e1tex.<\/span><\/span><\/p>\n","protected":false},"featured_media":2371,"comment_status":"open","ping_status":"closed","template":"","meta":{"_monsterinsights_skip_tracking":false,"_monsterinsights_sitenote_active":false,"_monsterinsights_sitenote_note":"","_monsterinsights_sitenote_category":0},"product_brand":[],"product_cat":[165],"product_tag":[167,190],"class_list":{"0":"post-2198","1":"product","2":"type-product","3":"status-publish","4":"has-post-thumbnail","6":"product_cat-incontinencia-coloplast","7":"product_tag-coloplast","8":"product_tag-incontinencia","10":"first","11":"instock","12":"shipping-taxable","13":"product-type-simple"},"_links":{"self":[{"href":"https:\/\/ortopediagorgo.com.ar\/index.php?rest_route=\/wp\/v2\/product\/2198","targetHints":{"allow":["GET"]}}],"collection":[{"href":"https:\/\/ortopediagorgo.com.ar\/index.php?rest_route=\/wp\/v2\/product"}],"about":[{"href":"https:\/\/ortopediagorgo.com.ar\/index.php?rest_route=\/wp\/v2\/types\/product"}],"replies":[{"embeddable":true,"href":"https:\/\/ortopediagorgo.com.ar\/index.php?rest_route=%2Fwp%2Fv2%2Fcomments&post=2198"}],"version-history":[{"count":2,"href":"https:\/\/ortopediagorgo.com.ar\/index.php?rest_route=\/wp\/v2\/product\/2198\/revisions"}],"predecessor-version":[{"id":2200,"href":"https:\/\/ortopediagorgo.com.ar\/index.php?rest_route=\/wp\/v2\/product\/2198\/revisions\/2200"}],"wp:featuredmedia":[{"embeddable":true,"href":"https:\/\/ortopediagorgo.com.ar\/index.php?rest_route=\/wp\/v2\/media\/2371"}],"wp:attachment":[{"href":"https:\/\/ortopediagorgo.com.ar\/index.php?rest_route=%2Fwp%2Fv2%2Fmedia&parent=2198"}],"wp:term":[{"taxonomy":"product_brand","embeddable":true,"href":"https:\/\/ortopediagorgo.com.ar\/index.php?rest_route=%2Fwp%2Fv2%2Fproduct_brand&post=2198"},{"taxonomy":"product_cat","embeddable":true,"href":"https:\/\/ortopediagorgo.com.ar\/index.php?rest_route=%2Fwp%2Fv2%2Fproduct_cat&post=2198"},{"taxonomy":"product_tag","embeddable":true,"href":"https:\/\/ortopediagorgo.com.ar\/index.php?rest_route=%2Fwp%2Fv2%2Fproduct_tag&post=2198"}],"curies":[{"name":"wp","href":"https:\/\/api.w.org\/{rel}","templated":true}]}}