{"id":2201,"date":"2020-12-26T21:26:06","date_gmt":"2020-12-26T21:26:06","guid":{"rendered":"http:\/\/ortopediagorgo.com.ar\/?post_type=product&#038;p=2201"},"modified":"2021-01-06T19:22:05","modified_gmt":"2021-01-06T22:22:05","slug":"conveen-optima-shorter","status":"publish","type":"product","link":"https:\/\/ortopediagorgo.com.ar\/?product=conveen-optima-shorter","title":{"rendered":"Conveen\u00ae Optima"},"content":{"rendered":"<div class=\"b-grid__col--12 b-grid__col--medium-8\">\n<div class=\"c-product-detail__info-description\">\n<div class=\"c-line-clamp -clamp-needed\">\n<div class=\"c-line-clamp__text\">\n<p>El manejo adecuado de la incontinencia puede ponerle fin al miedo de experimentar una filtraci\u00f3n en p\u00fablico y puede ayudarlo a retomar su vida normal.<\/p>\n<p>Conveen\u00ae Optima es el colector urinario premiado de Coloplast para hombres con incontinencia urinaria. Discreto, confiable y muy f\u00e1cil de usar, Conveen\u00ae es la soluci\u00f3n para la incontinencia preferida por la mayor\u00eda de los pacientes.<\/p>\n<p><strong>F\u00e1cil de aplicar<\/strong><\/p>\n<p>La tira de doble agarre garantiza una aplicaci\u00f3n f\u00e1cil y delicada y un ajuste seguro, incluso para las enfermeras que usan guantes .<\/p>\n<p><strong>Antifiltraci\u00f3n<\/strong><\/p>\n<p>El sistema antifiltraci\u00f3n est\u00e1 dise\u00f1ado para darle la mayor seguridad posible.<br \/>\nEste sistema est\u00e1 compuesto por:<\/p>\n<ul>\n<li>Aro de agarre con bordes antideslizantes para una conexi\u00f3n segura a la bolsa colectora<\/li>\n<li>Fuelle resistente a torsi\u00f3n para evitar torsiones y as\u00ed garantizar el flujo libre de orina<\/li>\n<li>Adhesivo equilibrado que favorece la confiabilidad y cuya remoci\u00f3n es f\u00e1cil e indolora<\/li>\n<\/ul>\n<p><strong>Comodidad<\/strong><\/p>\n<p>El colector urinario est\u00e1 fabricado con silicona PSX, el cual es un material flexible y respirable que brinda un ajuste perfecto.<\/p>\n<p><strong>Adhesivo equilibrado<\/strong><\/p>\n<p>Conveen\u00ae Optima trae incorporado adhesivo \u2018equilibrado\u2019, lo que significa que es confiable y cuida la piel. Hace que la funda se ajuste con seguridad al pene y no causa irritaciones de la piel. Cada colector puede usarse durante hasta 24 horas.<\/p>\n<p><strong>Caja inteligente<\/strong><\/p>\n<p>La caja f\u00e1cil de abrir es compacta y discreta. Conveen\u00ae Optima viene en un packaging de pl\u00e1stico compacto y ligero que puede desecharse con los residuos dom\u00e9sticos comunes.<\/p>\n<p><strong>Beneficios Clave<\/strong><\/p>\n<p>Una soluci\u00f3n Conveen\u00ae\u00ae consta en realidad de dos productos: una funda que se coloca sobre el pene conectada a una bolsa que se usa en la pierna.<\/p>\n<p>El colector urinario Conveen\u00ae\u00ae Optima de alto rendimiento est\u00e1 dise\u00f1ada para mantenerlo seco todo el d\u00eda.<\/p>\n<ul>\n<li>Adhesivo equilibrado confiable y que cuida la piel<\/li>\n<li>Fuelles resistentes a torsi\u00f3n que impiden el bloqueo<\/li>\n<li>Silicona flexible y respirable para un ajuste perfecto y una remoci\u00f3n f\u00e1cil e indolora<\/li>\n<li>Aplicador de doble tira<\/li>\n<li>Caja compacta, discreta y pr\u00e1ctica<\/li>\n<\/ul>\n<p>Es importante encontrar la combinaci\u00f3n de colectores urinarios y de bolsas colectoras de orina que se adapten a sus necesidades y estilo de vida.<br \/>\nSi bien Conveen\u00ae\u00ae es una soluci\u00f3n personalizable, le recomendamos que responda algunas preguntas para identificar qu\u00e9 colector y bolsa son los m\u00e1s adecuados para usted.<\/p>\n<p><b>Presentaci\u00f3n<\/b><\/p>\n<p>Cod. 221250 &#8211; Di\u00e1metro: 25 mm | Largo: Shorter<\/p>\n<p><label class=\"c-select__option\" for=\"variant_220250\">Cod. 220250 &#8211; Di\u00e1metro: 25 mm | Largo: Standard<\/label><\/p>\n<p><label class=\"c-select__option\" for=\"variant_220300\">Cod. 220300 &#8211; Di\u00e1metro: 30 mm | Largo: Standard<\/label><\/p>\n<p><label class=\"c-select__option\" for=\"variant_220350\">Cod. 220350 &#8211; Di\u00e1metro: 35 mm | Largo: Standard<\/label><\/p>\n<\/div>\n<\/div>\n<\/div>\n<\/div>\n","protected":false},"excerpt":{"rendered":"<p>El colector urinario premiado de Coloplast para hombres con incontinencia urinaria. Discreto, confiable y muy f\u00e1cil de usar, Conveen\u00ae Optima es una soluci\u00f3n confiable para todo el d\u00eda.<br \/>\nLargo: Shorter o Standard<\/p>\n","protected":false},"featured_media":2368,"comment_status":"open","ping_status":"closed","template":"","meta":{"_monsterinsights_skip_tracking":false,"_monsterinsights_sitenote_active":false,"_monsterinsights_sitenote_note":"","_monsterinsights_sitenote_category":0},"product_brand":[],"product_cat":[165],"product_tag":[167,190],"class_list":{"0":"post-2201","1":"product","2":"type-product","3":"status-publish","4":"has-post-thumbnail","6":"product_cat-incontinencia-coloplast","7":"product_tag-coloplast","8":"product_tag-incontinencia","10":"first","11":"instock","12":"shipping-taxable","13":"product-type-simple"},"_links":{"self":[{"href":"https:\/\/ortopediagorgo.com.ar\/index.php?rest_route=\/wp\/v2\/product\/2201","targetHints":{"allow":["GET"]}}],"collection":[{"href":"https:\/\/ortopediagorgo.com.ar\/index.php?rest_route=\/wp\/v2\/product"}],"about":[{"href":"https:\/\/ortopediagorgo.com.ar\/index.php?rest_route=\/wp\/v2\/types\/product"}],"replies":[{"embeddable":true,"href":"https:\/\/ortopediagorgo.com.ar\/index.php?rest_route=%2Fwp%2Fv2%2Fcomments&post=2201"}],"version-history":[{"count":3,"href":"https:\/\/ortopediagorgo.com.ar\/index.php?rest_route=\/wp\/v2\/product\/2201\/revisions"}],"predecessor-version":[{"id":2369,"href":"https:\/\/ortopediagorgo.com.ar\/index.php?rest_route=\/wp\/v2\/product\/2201\/revisions\/2369"}],"wp:featuredmedia":[{"embeddable":true,"href":"https:\/\/ortopediagorgo.com.ar\/index.php?rest_route=\/wp\/v2\/media\/2368"}],"wp:attachment":[{"href":"https:\/\/ortopediagorgo.com.ar\/index.php?rest_route=%2Fwp%2Fv2%2Fmedia&parent=2201"}],"wp:term":[{"taxonomy":"product_brand","embeddable":true,"href":"https:\/\/ortopediagorgo.com.ar\/index.php?rest_route=%2Fwp%2Fv2%2Fproduct_brand&post=2201"},{"taxonomy":"product_cat","embeddable":true,"href":"https:\/\/ortopediagorgo.com.ar\/index.php?rest_route=%2Fwp%2Fv2%2Fproduct_cat&post=2201"},{"taxonomy":"product_tag","embeddable":true,"href":"https:\/\/ortopediagorgo.com.ar\/index.php?rest_route=%2Fwp%2Fv2%2Fproduct_tag&post=2201"}],"curies":[{"name":"wp","href":"https:\/\/api.w.org\/{rel}","templated":true}]}}