{"id":2205,"date":"2020-12-26T21:45:25","date_gmt":"2020-12-26T21:45:25","guid":{"rendered":"http:\/\/ortopediagorgo.com.ar\/?post_type=product&#038;p=2205"},"modified":"2021-01-06T20:40:10","modified_gmt":"2021-01-06T23:40:10","slug":"sensura-mio-convex-1-pieza","status":"publish","type":"product","link":"https:\/\/ortopediagorgo.com.ar\/?product=sensura-mio-convex-1-pieza","title":{"rendered":"Bolsa SenSura\u00ae Mio Convex 1-pieza"},"content":{"rendered":"<p><span style=\"vertical-align: inherit;\"><span style=\"vertical-align: inherit;\">Con SenSura\u00ae Mio Convex de 1 pieza cerrada y \/ o drenable, la convexidad adaptable se encuentra integrada a la bolsa de manera permanente. <\/span><span style=\"vertical-align: inherit;\">Para cambiar la bolsa, se retira y se reemplaza el dispositivo entero. <\/span><span style=\"vertical-align: inherit;\">SenSura\u00ae Mio Convex de 1 pieza cerrada y \/ o drenable est\u00e1 disponible en una amplia gama de discos convexos: Soft, Light y Deep, de modo que hay convexidad para cada necesidad.<\/span><\/span><\/p>\n<ul>\n<li><span style=\"vertical-align: inherit;\"><span style=\"vertical-align: inherit;\">La <\/span><\/span><strong><span style=\"vertical-align: inherit;\"><span style=\"vertical-align: inherit;\">convexidad Soft<\/span><\/span><\/strong><span style=\"vertical-align: inherit;\"><span style=\"vertical-align: inherit;\"> est\u00e1 indicada para ostomas ubicados por encima del nivel de la piel que necesitan soporte debido a desaf\u00edos en el \u00e1rea alrededor del ostoma.<\/span><\/span><\/li>\n<li><span style=\"vertical-align: inherit;\"><span style=\"vertical-align: inherit;\">La <\/span><\/span><strong><span style=\"vertical-align: inherit;\"><span style=\"vertical-align: inherit;\">convexidad Light<\/span><\/span><\/strong><span style=\"vertical-align: inherit;\"><span style=\"vertical-align: inherit;\"> est\u00e1 indicada para ostomas ubicados al nivel de la piel que necesitan un poco de ayuda para protuberar o para \u00e1reas ligeramente profundas donde se necesita una leve curva para obtener un buen ajuste.<\/span><\/span><\/li>\n<li><span style=\"vertical-align: inherit;\"><span style=\"vertical-align: inherit;\">La <\/span><\/span><strong><span style=\"vertical-align: inherit;\"><span style=\"vertical-align: inherit;\">convexidad Deep<\/span><\/span><\/strong><span style=\"vertical-align: inherit;\"><span style=\"vertical-align: inherit;\"> est\u00e1 indicada para ostomas ubicados debajo del nivel de la piel, que necesitan mucha ayuda para protuberar o para \u00e1reas muy profundas donde se necesita una curva pronunciada para obtener un buen ajuste.<\/span><\/span><\/li>\n<\/ul>\n<p>Adem\u00e1s, SenSura Mio Convex viene en diferentes tama\u00f1os de orificios que pueden adaptarse, con bolsas en una variedad de tama\u00f1os disponibles en color transparente o conventana de inspecci\u00f3n.<\/p>\n<p class=\"e-heading -new e-heading--1\"><strong>SenSura\u00ae Mio Convex Deep 1-pieza cerrada<\/strong><\/p>\n<p><label class=\"c-select__option\" for=\"variant_163460\">Cod. 163460 &#8211; Di\u00e1metro del disco adhesivo: 15-33 mm<br \/>\n<\/label><label class=\"c-select__option\" for=\"variant_163520\">Cod. 163520 &#8211; Di\u00e1metro del disco adhesivo: 10-43 mm<br \/>\n<\/label>Cod. <label class=\"c-select__option\" for=\"variant_163550\">163550 &#8211; Di\u00e1metro del disco adhesivo: 10-43 mm<\/label><\/p>\n<p class=\"e-heading -new e-heading--1\"><strong>SenSura\u00ae Mio Convex Light 1-pieza cerrada<\/strong><\/p>\n<p><label class=\"c-select__option\" for=\"variant_163260\">Cod. 163260 &#8211; Di\u00e1metro del disco adhesivo: 15-33 mm<br \/>\n<\/label>Cod. <label class=\"c-select__option\" for=\"variant_163320\">163320 &#8211; Di\u00e1metro del disco adhesivo: 10-43 mm<br \/>\n<\/label><label class=\"c-select__option\" for=\"variant_163350\">Cod. 163350 &#8211; Di\u00e1metro del disco adhesivo: 10-43 mm<\/label><\/p>\n<p class=\"e-heading -new e-heading--1\"><strong>SenSura\u00ae Mio Convex Soft 1-pieza cerrada<\/strong><\/p>\n<p><label class=\"c-select__option\" for=\"variant_163060\">Cod. 163060 &#8211; Di\u00e1metro del disco adhesivo: 10-50 mm<br \/>\n<\/label>Cod. <label class=\"c-select__option\" for=\"variant_163150\">163150 &#8211; Di\u00e1metro del disco adhesivo: 10-50 mm<\/label><\/p>\n<p class=\"e-heading -new e-heading--1\"><strong>SenSura\u00ae Mio Convex Deep 1-pieza abierta<\/strong><\/p>\n<p><label class=\"c-select__option\" for=\"variant_164460\"><span style=\"vertical-align: inherit;\"><span style=\"vertical-align: inherit;\">Cod. <\/span><span style=\"vertical-align: inherit;\">164460 &#8211; Di\u00e1metro del disco adhesivo: 15-33 mm<br \/>\n<\/span><\/span><\/label><label class=\"c-select__option\" for=\"variant_164550\"><span style=\"vertical-align: inherit;\"><span style=\"vertical-align: inherit;\">Cod. <\/span><span style=\"vertical-align: inherit;\">164550 &#8211; Di\u00e1metro del disco adhesivo: 10-43 mm<br \/>\n<\/span><\/span><\/label><label class=\"c-select__option\" for=\"variant_164560\"><span style=\"vertical-align: inherit;\"><span style=\"vertical-align: inherit;\">Cod. <\/span><span style=\"vertical-align: inherit;\">164560 &#8211; Di\u00e1metro del disco adhesivo: 10-43 mm<\/span><\/span><\/label><\/p>\n<p class=\"e-heading -new e-heading--1\"><strong><span style=\"vertical-align: inherit;\"><span style=\"vertical-align: inherit;\">SenSura\u00ae Mio Convex Light 1-pieza abierta<\/span><\/span><\/strong><\/p>\n<p><label class=\"c-select__option\" for=\"variant_164260\"><span style=\"vertical-align: inherit;\"><span style=\"vertical-align: inherit;\">Cod. <\/span><span style=\"vertical-align: inherit;\">164260 &#8211; Di\u00e1metro del disco adhesivo: 15-33 mm<br \/>\n<\/span><\/span><\/label><label class=\"c-select__option\" for=\"variant_164350\"><span style=\"vertical-align: inherit;\"><span style=\"vertical-align: inherit;\">Cod. <\/span><span style=\"vertical-align: inherit;\">164350 &#8211; Di\u00e1metro del disco adhesivo: 10-43 mm<br \/>\n<\/span><\/span><\/label><label class=\"c-select__option\" for=\"variant_164360\"><span style=\"vertical-align: inherit;\"><span style=\"vertical-align: inherit;\">Cod. <\/span><span style=\"vertical-align: inherit;\">164360 &#8211; Di\u00e1metro del disco adhesivo: 10-43 mm<\/span><\/span><\/label><\/p>\n<p class=\"e-heading -new e-heading--1\"><strong><span style=\"vertical-align: inherit;\"><span style=\"vertical-align: inherit;\">SenSura\u00ae Mio Convex Soft 1-pieza abierta<\/span><\/span><\/strong><\/p>\n<p><label class=\"c-select__option\" for=\"variant_164060\"><span style=\"vertical-align: inherit;\"><span style=\"vertical-align: inherit;\">Cod. <\/span><span style=\"vertical-align: inherit;\">164060 &#8211; Di\u00e1metro del disco adhesivo: 10-50 mm<br \/>\n<\/span><\/span><\/label><span style=\"vertical-align: inherit;\"><span style=\"vertical-align: inherit;\">Cod. <\/span><\/span><label class=\"c-select__option\" for=\"variant_164150\"><span style=\"vertical-align: inherit;\"><span style=\"vertical-align: inherit;\">164150 &#8211; Di\u00e1metro del disco adhesivo: 10-50 mm<\/span><\/span><\/label><\/p>\n","protected":false},"excerpt":{"rendered":"<p>Con SenSura\u00ae Mio Convex de 1 pieza cerrada y \/ o drenable, la convexidad adaptable se encuentra integrada a la bolsa de manera permanente. Para cambiar la bolsa, se retira y se reemplaza el dispositivo entero. SenSura\u00ae Mio Convex de 1 pieza cerrada y \/ o drenable est\u00e1 disponible en una amplia gama de discos &hellip;<\/p>\n<p class=\"read-more\"> <a class=\"\" href=\"https:\/\/ortopediagorgo.com.ar\/?product=sensura-mio-convex-1-pieza\"> <span class=\"screen-reader-text\">Bolsa SenSura\u00ae Mio Convex 1-pieza<\/span> Leer m\u00e1s &raquo;<\/a><\/p>\n","protected":false},"featured_media":2397,"comment_status":"open","ping_status":"closed","template":"","meta":{"_monsterinsights_skip_tracking":false,"_monsterinsights_sitenote_active":false,"_monsterinsights_sitenote_note":"","_monsterinsights_sitenote_category":0},"product_brand":[],"product_cat":[164],"product_tag":[196,167,180,185,183],"class_list":{"0":"post-2205","1":"product","2":"type-product","3":"status-publish","4":"has-post-thumbnail","6":"product_cat-ostomia-colostomia-urostomia","7":"product_tag-bolsa","8":"product_tag-coloplast","9":"product_tag-colostomia","10":"product_tag-ostoma","11":"product_tag-ostomia","13":"first","14":"instock","15":"shipping-taxable","16":"product-type-simple"},"_links":{"self":[{"href":"https:\/\/ortopediagorgo.com.ar\/index.php?rest_route=\/wp\/v2\/product\/2205","targetHints":{"allow":["GET"]}}],"collection":[{"href":"https:\/\/ortopediagorgo.com.ar\/index.php?rest_route=\/wp\/v2\/product"}],"about":[{"href":"https:\/\/ortopediagorgo.com.ar\/index.php?rest_route=\/wp\/v2\/types\/product"}],"replies":[{"embeddable":true,"href":"https:\/\/ortopediagorgo.com.ar\/index.php?rest_route=%2Fwp%2Fv2%2Fcomments&post=2205"}],"version-history":[{"count":5,"href":"https:\/\/ortopediagorgo.com.ar\/index.php?rest_route=\/wp\/v2\/product\/2205\/revisions"}],"predecessor-version":[{"id":2405,"href":"https:\/\/ortopediagorgo.com.ar\/index.php?rest_route=\/wp\/v2\/product\/2205\/revisions\/2405"}],"wp:featuredmedia":[{"embeddable":true,"href":"https:\/\/ortopediagorgo.com.ar\/index.php?rest_route=\/wp\/v2\/media\/2397"}],"wp:attachment":[{"href":"https:\/\/ortopediagorgo.com.ar\/index.php?rest_route=%2Fwp%2Fv2%2Fmedia&parent=2205"}],"wp:term":[{"taxonomy":"product_brand","embeddable":true,"href":"https:\/\/ortopediagorgo.com.ar\/index.php?rest_route=%2Fwp%2Fv2%2Fproduct_brand&post=2205"},{"taxonomy":"product_cat","embeddable":true,"href":"https:\/\/ortopediagorgo.com.ar\/index.php?rest_route=%2Fwp%2Fv2%2Fproduct_cat&post=2205"},{"taxonomy":"product_tag","embeddable":true,"href":"https:\/\/ortopediagorgo.com.ar\/index.php?rest_route=%2Fwp%2Fv2%2Fproduct_tag&post=2205"}],"curies":[{"name":"wp","href":"https:\/\/api.w.org\/{rel}","templated":true}]}}