{"id":2208,"date":"2020-12-26T21:57:20","date_gmt":"2020-12-26T21:57:20","guid":{"rendered":"http:\/\/ortopediagorgo.com.ar\/?post_type=product&#038;p=2208"},"modified":"2021-01-06T20:35:38","modified_gmt":"2021-01-06T23:35:38","slug":"sensura-mio-1-pieza","status":"publish","type":"product","link":"https:\/\/ortopediagorgo.com.ar\/?product=sensura-mio-1-pieza","title":{"rendered":"Bolsa SenSura\u00ae Mio 1 pieza"},"content":{"rendered":"<p><span style=\"vertical-align: inherit;\"><span style=\"vertical-align: inherit;\">Con SenSura Mio de 1 pieza cerrada y \/ o drenable, el adhesivo se encuentra integrado a la bolsa. <\/span><span style=\"vertical-align: inherit;\">Para cambiar la bolsa, se retira y se reemplaza el dispositivo entero. <\/span><span style=\"vertical-align: inherit;\">SenSura Mio de 1 pieza cerrada y \/ o drenable est\u00e1 disponible en una amplia gama de discos adhesivos con bolsas en una variedad de tama\u00f1os que, a su vez, est\u00e1n disponibles en color gris neutro o transparente.<\/span><\/span><\/p>\n<ul>\n<li><span style=\"vertical-align: inherit;\"><span style=\"vertical-align: inherit;\">SenSura Mio se adapta a los distintos contornos corporales y a los movimientos naturales del cuerpo, por eso mantiene un ajuste seguro.<\/span><\/span><\/li>\n<li><span style=\"vertical-align: inherit;\"><span style=\"vertical-align: inherit;\">La magia est\u00e1 en la elasticidad del adhesivo: puede estirarse y retraerse. <\/span><span style=\"vertical-align: inherit;\">La piel tiene una elasticidad natural que le permite doblarse y estirarse cuando el cuerpo se mueve. <\/span><span style=\"vertical-align: inherit;\">Al igual que la piel, el adhesivo SenSura Mio es el\u00e1stico, por ello simplemente se estira con la piel cuando el cuerpo se mueve.<\/span><\/span><\/li>\n<li><span style=\"vertical-align: inherit;\"><span style=\"vertical-align: inherit;\">SenSura Mio lo har\u00e1 sentirse seguro, durante sus actividades diarias &#8211; incluso en un contexto social.<\/span><\/span><\/li>\n<\/ul>\n<p class=\"e-heading -new e-heading--1\"><strong><span style=\"vertical-align: inherit;\"><span style=\"vertical-align: inherit;\">SenSura\u00ae Mio 1 pieza cerrada<\/span><\/span><\/strong><\/p>\n<p><label class=\"c-select__option\" for=\"variant_108710\"><span style=\"vertical-align: inherit;\"><span style=\"vertical-align: inherit;\">Cod. <\/span><span style=\"vertical-align: inherit;\">108710 &#8211; Midi<br \/>\n<\/span><\/span><\/label><span style=\"vertical-align: inherit;\"><span style=\"vertical-align: inherit;\">Cod. <\/span><\/span><label class=\"c-select__option\" for=\"variant_108810\"><span style=\"vertical-align: inherit;\"><span style=\"vertical-align: inherit;\">108810 &#8211; Maxi<br \/>\n<\/span><\/span><\/label><span style=\"vertical-align: inherit;\"><span style=\"vertical-align: inherit;\">Cod. <\/span><\/span><label class=\"c-select__option\" for=\"variant_108910\"><span style=\"vertical-align: inherit;\"><span style=\"vertical-align: inherit;\">108910 &#8211; Maxi<\/span><\/span><\/label><\/p>\n<p class=\"e-heading -new e-heading--1\"><strong><span style=\"vertical-align: inherit;\"><span style=\"vertical-align: inherit;\">SenSura\u00ae Mio 1 pieza bolsa abierta<\/span><\/span><\/strong><\/p>\n<p><label class=\"c-select__option\" for=\"variant_104410\"><span style=\"vertical-align: inherit;\"><span style=\"vertical-align: inherit;\">Cod. <\/span><span style=\"vertical-align: inherit;\">104410 &#8211; Midi<br \/>\n<\/span><\/span><\/label><label class=\"c-select__option\" for=\"variant_104510\"><span style=\"vertical-align: inherit;\"><span style=\"vertical-align: inherit;\">Cod. <\/span><span style=\"vertical-align: inherit;\">104510 &#8211; Maxi<br \/>\n<\/span><\/span><\/label><span style=\"vertical-align: inherit;\"><span style=\"vertical-align: inherit;\">Cod. <\/span><\/span><label class=\"c-select__option\" for=\"variant_104580\"><span style=\"vertical-align: inherit;\"><span style=\"vertical-align: inherit;\">104580 &#8211; Maxi<\/span><\/span><\/label><\/p>\n<p class=\"e-heading -new e-heading--1\"><strong><span style=\"vertical-align: inherit;\"><span style=\"vertical-align: inherit;\">SenSura\u00ae Mio 1 pieza urostom\u00eda<\/span><\/span><\/strong><\/p>\n<p><label class=\"c-select__option\" for=\"variant_105820\"><span style=\"vertical-align: inherit;\"><span style=\"vertical-align: inherit;\">Cod. <\/span><span style=\"vertical-align: inherit;\">105820 &#8211; Maxi<br \/>\n<\/span><\/span><\/label><span style=\"vertical-align: inherit;\"><span style=\"vertical-align: inherit;\">Cod. <\/span><\/span><label class=\"c-select__option\" for=\"variant_105860\"><span style=\"vertical-align: inherit;\"><span style=\"vertical-align: inherit;\">105860 &#8211; Maxi<\/span><\/span><\/label><\/p>\n","protected":false},"excerpt":{"rendered":"<p>Con SenSura Mio de 1 pieza cerrada y \/ o drenable, el adhesivo se encuentra integrado a la bolsa. Para cambiar la bolsa, se retira y se reemplaza el dispositivo entero. SenSura Mio de 1 pieza cerrada y \/ o drenable est\u00e1 disponible en una amplia gama de discos adhesivos con bolsas en una variedad &hellip;<\/p>\n<p class=\"read-more\"> <a class=\"\" href=\"https:\/\/ortopediagorgo.com.ar\/?product=sensura-mio-1-pieza\"> <span class=\"screen-reader-text\">Bolsa SenSura\u00ae Mio 1 pieza<\/span> Leer m\u00e1s &raquo;<\/a><\/p>\n","protected":false},"featured_media":2397,"comment_status":"open","ping_status":"closed","template":"","meta":{"_monsterinsights_skip_tracking":false,"_monsterinsights_sitenote_active":false,"_monsterinsights_sitenote_note":"","_monsterinsights_sitenote_category":0},"product_brand":[],"product_cat":[164],"product_tag":[167,180,183,198],"class_list":{"0":"post-2208","1":"product","2":"type-product","3":"status-publish","4":"has-post-thumbnail","6":"product_cat-ostomia-colostomia-urostomia","7":"product_tag-coloplast","8":"product_tag-colostomia","9":"product_tag-ostomia","10":"product_tag-urostomia","12":"first","13":"instock","14":"shipping-taxable","15":"product-type-simple"},"_links":{"self":[{"href":"https:\/\/ortopediagorgo.com.ar\/index.php?rest_route=\/wp\/v2\/product\/2208","targetHints":{"allow":["GET"]}}],"collection":[{"href":"https:\/\/ortopediagorgo.com.ar\/index.php?rest_route=\/wp\/v2\/product"}],"about":[{"href":"https:\/\/ortopediagorgo.com.ar\/index.php?rest_route=\/wp\/v2\/types\/product"}],"replies":[{"embeddable":true,"href":"https:\/\/ortopediagorgo.com.ar\/index.php?rest_route=%2Fwp%2Fv2%2Fcomments&post=2208"}],"version-history":[{"count":5,"href":"https:\/\/ortopediagorgo.com.ar\/index.php?rest_route=\/wp\/v2\/product\/2208\/revisions"}],"predecessor-version":[{"id":2400,"href":"https:\/\/ortopediagorgo.com.ar\/index.php?rest_route=\/wp\/v2\/product\/2208\/revisions\/2400"}],"wp:featuredmedia":[{"embeddable":true,"href":"https:\/\/ortopediagorgo.com.ar\/index.php?rest_route=\/wp\/v2\/media\/2397"}],"wp:attachment":[{"href":"https:\/\/ortopediagorgo.com.ar\/index.php?rest_route=%2Fwp%2Fv2%2Fmedia&parent=2208"}],"wp:term":[{"taxonomy":"product_brand","embeddable":true,"href":"https:\/\/ortopediagorgo.com.ar\/index.php?rest_route=%2Fwp%2Fv2%2Fproduct_brand&post=2208"},{"taxonomy":"product_cat","embeddable":true,"href":"https:\/\/ortopediagorgo.com.ar\/index.php?rest_route=%2Fwp%2Fv2%2Fproduct_cat&post=2208"},{"taxonomy":"product_tag","embeddable":true,"href":"https:\/\/ortopediagorgo.com.ar\/index.php?rest_route=%2Fwp%2Fv2%2Fproduct_tag&post=2208"}],"curies":[{"name":"wp","href":"https:\/\/api.w.org\/{rel}","templated":true}]}}