{"id":2234,"date":"2020-12-26T23:15:28","date_gmt":"2020-12-26T23:15:28","guid":{"rendered":"http:\/\/ortopediagorgo.com.ar\/?post_type=product&#038;p=2234"},"modified":"2021-01-06T20:02:22","modified_gmt":"2021-01-06T23:02:22","slug":"disco-alterna","status":"publish","type":"product","link":"https:\/\/ortopediagorgo.com.ar\/?product=disco-alterna","title":{"rendered":"Disco Alterna\u00ae"},"content":{"rendered":"<div>El adhesivo en espiral Alterna est\u00e1 fabricado con una combinaci\u00f3n de materiales dise\u00f1ada para seguridad y protecci\u00f3n en una estructura en espiral, para lograr:<\/div>\n<ul>\n<li>Adherencia segura a la piel<\/li>\n<li>Absorci\u00f3n de la humedad de la piel, para ofrecer comodidad y protecci\u00f3n contra irritaciones<\/li>\n<\/ul>\n<p><strong>Disco Alterna Plano<\/strong><\/p>\n<p>Cod. 028310 &#8211; Medida de acople: 40mm | Di\u00e1metro del disco adhesivo: 10-35 mm<br \/>\nCod. 028330 &#8211; Medida de acople: 60mm | Di\u00e1metro del disco adhesivo: 10-55 mm<br \/>\nCod. 131710 &#8211; Medida de acople: 40mm | Di\u00e1metro del disco adhesivo: 10-35 mm<br \/>\nCod. 131910 &#8211; Medida de acople: 60mm | Di\u00e1metro del disco adhesivo: 10-55 mm<\/p>\n","protected":false},"excerpt":{"rendered":"<p>El adhesivo en espiral Alterna est\u00e1 fabricado con una combinaci\u00f3n de materiales dise\u00f1ada para seguridad y protecci\u00f3n en una estructura en espiral, para lograr: Adherencia segura a la piel Absorci\u00f3n de la humedad de la piel, para ofrecer comodidad y protecci\u00f3n contra irritaciones Disco Alterna Plano Cod. 028310 &#8211; Medida de acople: 40mm | Di\u00e1metro &hellip;<\/p>\n<p class=\"read-more\"> <a class=\"\" href=\"https:\/\/ortopediagorgo.com.ar\/?product=disco-alterna\"> <span class=\"screen-reader-text\">Disco Alterna\u00ae<\/span> Leer m\u00e1s &raquo;<\/a><\/p>\n","protected":false},"featured_media":2376,"comment_status":"open","ping_status":"closed","template":"","meta":{"_monsterinsights_skip_tracking":false,"_monsterinsights_sitenote_active":false,"_monsterinsights_sitenote_note":"","_monsterinsights_sitenote_category":0},"product_brand":[],"product_cat":[164],"product_tag":[167,201,183],"class_list":{"0":"post-2234","1":"product","2":"type-product","3":"status-publish","4":"has-post-thumbnail","6":"product_cat-ostomia-colostomia-urostomia","7":"product_tag-coloplast","8":"product_tag-disco","9":"product_tag-ostomia","11":"first","12":"instock","13":"shipping-taxable","14":"product-type-simple"},"_links":{"self":[{"href":"https:\/\/ortopediagorgo.com.ar\/index.php?rest_route=\/wp\/v2\/product\/2234","targetHints":{"allow":["GET"]}}],"collection":[{"href":"https:\/\/ortopediagorgo.com.ar\/index.php?rest_route=\/wp\/v2\/product"}],"about":[{"href":"https:\/\/ortopediagorgo.com.ar\/index.php?rest_route=\/wp\/v2\/types\/product"}],"replies":[{"embeddable":true,"href":"https:\/\/ortopediagorgo.com.ar\/index.php?rest_route=%2Fwp%2Fv2%2Fcomments&post=2234"}],"version-history":[{"count":1,"href":"https:\/\/ortopediagorgo.com.ar\/index.php?rest_route=\/wp\/v2\/product\/2234\/revisions"}],"predecessor-version":[{"id":2235,"href":"https:\/\/ortopediagorgo.com.ar\/index.php?rest_route=\/wp\/v2\/product\/2234\/revisions\/2235"}],"wp:featuredmedia":[{"embeddable":true,"href":"https:\/\/ortopediagorgo.com.ar\/index.php?rest_route=\/wp\/v2\/media\/2376"}],"wp:attachment":[{"href":"https:\/\/ortopediagorgo.com.ar\/index.php?rest_route=%2Fwp%2Fv2%2Fmedia&parent=2234"}],"wp:term":[{"taxonomy":"product_brand","embeddable":true,"href":"https:\/\/ortopediagorgo.com.ar\/index.php?rest_route=%2Fwp%2Fv2%2Fproduct_brand&post=2234"},{"taxonomy":"product_cat","embeddable":true,"href":"https:\/\/ortopediagorgo.com.ar\/index.php?rest_route=%2Fwp%2Fv2%2Fproduct_cat&post=2234"},{"taxonomy":"product_tag","embeddable":true,"href":"https:\/\/ortopediagorgo.com.ar\/index.php?rest_route=%2Fwp%2Fv2%2Fproduct_tag&post=2234"}],"curies":[{"name":"wp","href":"https:\/\/api.w.org\/{rel}","templated":true}]}}