{"id":2255,"date":"2020-12-28T02:57:45","date_gmt":"2020-12-28T02:57:45","guid":{"rendered":"http:\/\/ortopediagorgo.com.ar\/?post_type=product&#038;p=2255"},"modified":"2020-12-28T03:04:17","modified_gmt":"2020-12-28T03:04:17","slug":"estudio-de-la-marcha","status":"publish","type":"product","link":"https:\/\/ortopediagorgo.com.ar\/?product=estudio-de-la-marcha","title":{"rendered":"Estudio de la Marcha"},"content":{"rendered":"<p><span style=\"vertical-align: inherit;\"><span style=\"vertical-align: inherit;\"><span style=\"vertical-align: inherit;\"><span style=\"vertical-align: inherit;\">El estudio computarizado o Baropodometria, es un estudio que se realiza por medio de una plataforma digital donde se analizan las presiones plantares durante el ciclo de la marcha; <\/span><\/span><\/span><\/span><br \/>\n<span style=\"vertical-align: inherit;\"><span style=\"vertical-align: inherit;\"><span style=\"vertical-align: inherit;\"><span style=\"vertical-align: inherit;\">estudiando la progresi\u00f3n del paso en sus diferentes fases. <\/span><\/span><\/span><\/span><br \/>\n<span style=\"vertical-align: inherit;\"><span style=\"vertical-align: inherit;\"><span style=\"vertical-align: inherit;\"><span style=\"vertical-align: inherit;\">En dichas fases se miden: <\/span><\/span><\/span><\/span><br \/>\n<span style=\"vertical-align: inherit;\"><span style=\"vertical-align: inherit;\"><span style=\"vertical-align: inherit;\"><span style=\"vertical-align: inherit;\">el punto de m\u00e1xima presi\u00f3n, el impulso, las fuerzas de carga, las dimensiones, la superficie de apoyo, la velocidad del movimiento, los porcentajes de contacto, los \u00e1ngulos y los ejes del pie. <\/span><\/span><\/span><\/span><br \/>\n<span style=\"vertical-align: inherit;\"><span style=\"vertical-align: inherit;\"><span style=\"vertical-align: inherit;\"><span style=\"vertical-align: inherit;\">Esta determinaci\u00f3n exacta nos permite estudiar la marcha para determinar con m\u00e1s claridad cu\u00e1l es el tratamiento m\u00e1s adecuado, como as\u00ed tambi\u00e9n, complementando con ciertas condiciones del paciente, saber cual es el material indicado de la plantilla a realizar.<\/span><\/span><\/span><\/span><\/p>\n<blockquote><p><span style=\"color: #000000;\"><span style=\"vertical-align: inherit;\"><span style=\"vertical-align: inherit;\"><span style=\"vertical-align: inherit;\"><span style=\"vertical-align: inherit;\">Para realizar el estudio comun\u00edcate al 4651-9335 o por WhatsApp <a href=\"https:\/\/wa.link\/tgisxr\">click aqu\u00ed<\/a>\u00a0\u00a0<\/span><\/span><\/span><\/span><\/span><\/p><\/blockquote>\n","protected":false},"excerpt":{"rendered":"<p>El estudio computarizado o Baropodometria, es un estudio que se realiza por medio de una plataforma digital donde se analizan las presiones plantares durante el ciclo de la marcha; estudiando la progresi\u00f3n del paso en sus diferentes fases. En dichas fases se miden: el punto de m\u00e1xima presi\u00f3n, el impulso, las fuerzas de carga, las &hellip;<\/p>\n<p class=\"read-more\"> <a class=\"\" href=\"https:\/\/ortopediagorgo.com.ar\/?product=estudio-de-la-marcha\"> <span class=\"screen-reader-text\">Estudio de la Marcha<\/span> Leer m\u00e1s &raquo;<\/a><\/p>\n","protected":false},"featured_media":1706,"comment_status":"open","ping_status":"closed","template":"","meta":{"_monsterinsights_skip_tracking":false,"_monsterinsights_sitenote_active":false,"_monsterinsights_sitenote_note":"","_monsterinsights_sitenote_category":0},"product_brand":[],"product_cat":[204],"product_tag":[205,206,209,208,207],"class_list":{"0":"post-2255","1":"product","2":"type-product","3":"status-publish","4":"has-post-thumbnail","6":"product_cat-estudio-computarizado-baropodometria-plantillas","7":"product_tag-baropodometria","8":"product_tag-estudio","9":"product_tag-pie","10":"product_tag-pisada","11":"product_tag-plantillas","13":"first","14":"instock","15":"shipping-taxable","16":"product-type-simple"},"_links":{"self":[{"href":"https:\/\/ortopediagorgo.com.ar\/index.php?rest_route=\/wp\/v2\/product\/2255","targetHints":{"allow":["GET"]}}],"collection":[{"href":"https:\/\/ortopediagorgo.com.ar\/index.php?rest_route=\/wp\/v2\/product"}],"about":[{"href":"https:\/\/ortopediagorgo.com.ar\/index.php?rest_route=\/wp\/v2\/types\/product"}],"replies":[{"embeddable":true,"href":"https:\/\/ortopediagorgo.com.ar\/index.php?rest_route=%2Fwp%2Fv2%2Fcomments&post=2255"}],"version-history":[{"count":3,"href":"https:\/\/ortopediagorgo.com.ar\/index.php?rest_route=\/wp\/v2\/product\/2255\/revisions"}],"predecessor-version":[{"id":2259,"href":"https:\/\/ortopediagorgo.com.ar\/index.php?rest_route=\/wp\/v2\/product\/2255\/revisions\/2259"}],"wp:featuredmedia":[{"embeddable":true,"href":"https:\/\/ortopediagorgo.com.ar\/index.php?rest_route=\/wp\/v2\/media\/1706"}],"wp:attachment":[{"href":"https:\/\/ortopediagorgo.com.ar\/index.php?rest_route=%2Fwp%2Fv2%2Fmedia&parent=2255"}],"wp:term":[{"taxonomy":"product_brand","embeddable":true,"href":"https:\/\/ortopediagorgo.com.ar\/index.php?rest_route=%2Fwp%2Fv2%2Fproduct_brand&post=2255"},{"taxonomy":"product_cat","embeddable":true,"href":"https:\/\/ortopediagorgo.com.ar\/index.php?rest_route=%2Fwp%2Fv2%2Fproduct_cat&post=2255"},{"taxonomy":"product_tag","embeddable":true,"href":"https:\/\/ortopediagorgo.com.ar\/index.php?rest_route=%2Fwp%2Fv2%2Fproduct_tag&post=2255"}],"curies":[{"name":"wp","href":"https:\/\/api.w.org\/{rel}","templated":true}]}}