{"id":2320,"date":"2020-12-28T23:49:22","date_gmt":"2020-12-29T02:49:22","guid":{"rendered":"http:\/\/ortopediagorgo.com.ar\/?post_type=product&#038;p=2320"},"modified":"2020-12-28T23:49:23","modified_gmt":"2020-12-29T02:49:23","slug":"mini-bozu","status":"publish","type":"product","link":"https:\/\/ortopediagorgo.com.ar\/?product=mini-bozu","title":{"rendered":"Mini Bozu"},"content":{"rendered":"<p>El bosu es una nueva herramienta cada vez m\u00e1s conocida en los centros de trabajo. Es un medio bal\u00f3n con la base de pl\u00e1stico dura y el saliente tiene la forma de la mitad de un bal\u00f3n, manteniendo su f\u00edsico y deformidad.<\/p>\n<p>Que sea deformable ayuda a nuestro cuerpo a la hora de realizar trabajos con el mismo ya que desarrolla nuestra musculatura y equilibrio.<\/p>\n<p>El bosu transmite inestabilidad al cuerpo a la hora de realizar los ejercicios, este sistema es lo que hace que el cuerpo desarrolle los m\u00fasculos y la estabilidad que necesitan nuestras piernas y gl\u00fateos.<\/p>\n","protected":false},"excerpt":{"rendered":"<p>El bosu es una nueva herramienta cada vez m\u00e1s conocida en los centros de trabajo. Es un medio bal\u00f3n con la base de pl\u00e1stico dura y el saliente tiene la forma de la mitad de un bal\u00f3n, manteniendo su f\u00edsico y deformidad. Que sea deformable ayuda a nuestro cuerpo a la hora de realizar trabajos &hellip;<\/p>\n<p class=\"read-more\"> <a class=\"\" href=\"https:\/\/ortopediagorgo.com.ar\/?product=mini-bozu\"> <span class=\"screen-reader-text\">Mini Bozu<\/span> Leer m\u00e1s &raquo;<\/a><\/p>\n","protected":false},"featured_media":2321,"comment_status":"open","ping_status":"closed","template":"","meta":{"_monsterinsights_skip_tracking":false,"_monsterinsights_sitenote_active":false,"_monsterinsights_sitenote_note":"","_monsterinsights_sitenote_category":0},"product_brand":[],"product_cat":[135],"product_tag":[222,223],"class_list":{"0":"post-2320","1":"product","2":"type-product","3":"status-publish","4":"has-post-thumbnail","6":"product_cat-fisiorterapia-ejercicio-recuperacion","7":"product_tag-bozu","8":"product_tag-fisioterapia","10":"first","11":"instock","12":"shipping-taxable","13":"product-type-simple"},"_links":{"self":[{"href":"https:\/\/ortopediagorgo.com.ar\/index.php?rest_route=\/wp\/v2\/product\/2320","targetHints":{"allow":["GET"]}}],"collection":[{"href":"https:\/\/ortopediagorgo.com.ar\/index.php?rest_route=\/wp\/v2\/product"}],"about":[{"href":"https:\/\/ortopediagorgo.com.ar\/index.php?rest_route=\/wp\/v2\/types\/product"}],"replies":[{"embeddable":true,"href":"https:\/\/ortopediagorgo.com.ar\/index.php?rest_route=%2Fwp%2Fv2%2Fcomments&post=2320"}],"version-history":[{"count":1,"href":"https:\/\/ortopediagorgo.com.ar\/index.php?rest_route=\/wp\/v2\/product\/2320\/revisions"}],"predecessor-version":[{"id":2322,"href":"https:\/\/ortopediagorgo.com.ar\/index.php?rest_route=\/wp\/v2\/product\/2320\/revisions\/2322"}],"wp:featuredmedia":[{"embeddable":true,"href":"https:\/\/ortopediagorgo.com.ar\/index.php?rest_route=\/wp\/v2\/media\/2321"}],"wp:attachment":[{"href":"https:\/\/ortopediagorgo.com.ar\/index.php?rest_route=%2Fwp%2Fv2%2Fmedia&parent=2320"}],"wp:term":[{"taxonomy":"product_brand","embeddable":true,"href":"https:\/\/ortopediagorgo.com.ar\/index.php?rest_route=%2Fwp%2Fv2%2Fproduct_brand&post=2320"},{"taxonomy":"product_cat","embeddable":true,"href":"https:\/\/ortopediagorgo.com.ar\/index.php?rest_route=%2Fwp%2Fv2%2Fproduct_cat&post=2320"},{"taxonomy":"product_tag","embeddable":true,"href":"https:\/\/ortopediagorgo.com.ar\/index.php?rest_route=%2Fwp%2Fv2%2Fproduct_tag&post=2320"}],"curies":[{"name":"wp","href":"https:\/\/api.w.org\/{rel}","templated":true}]}}