{"id":2447,"date":"2021-01-07T16:36:32","date_gmt":"2021-01-07T19:36:32","guid":{"rendered":"http:\/\/ortopediagorgo.com.ar\/?post_type=product&#038;p=2447"},"modified":"2021-01-07T16:36:33","modified_gmt":"2021-01-07T19:36:33","slug":"taloneras-de-gel-polimero","status":"publish","type":"product","link":"https:\/\/ortopediagorgo.com.ar\/?product=taloneras-de-gel-polimero","title":{"rendered":"TALONERAS DE GEL POLIMERO"},"content":{"rendered":"<p>Reducen el impacto en los talones, evitando tanto roces y presiones del calzado,<br \/>\ncomo lesiones en rodillas y cadera.<\/p>\n<p><strong>INDICADAS PARA<\/strong>\u00a0deportes de alto impacto,<br \/>\nmetatarsalgia, pie diab\u00e9tico, neuropat\u00eda, espol\u00f3n<br \/>\ncalc\u00e1neo, fascitis plantar, talalgias, tendinitis,<br \/>\nbursitis.<br \/>\nAt\u00f3xico &#8211; Hipoalerg\u00e9nico<\/p>\n<p>PRESENTACION<\/p>\n<p>TALLES: 1-2 Y 3<\/p>\n","protected":false},"excerpt":{"rendered":"<p>Para espol\u00f3n calc\u00e1neo y descanso.<\/p>\n","protected":false},"featured_media":2484,"comment_status":"open","ping_status":"closed","template":"","meta":{"_monsterinsights_skip_tracking":false,"_monsterinsights_sitenote_active":false,"_monsterinsights_sitenote_note":"","_monsterinsights_sitenote_category":0},"product_brand":[],"product_cat":[203],"product_tag":[231,229,228,209,230,227],"class_list":{"0":"post-2447","1":"product","2":"type-product","3":"status-publish","4":"has-post-thumbnail","6":"product_cat-gelpolimero-pie-lesiones","7":"product_tag-calcaneo","8":"product_tag-descanso","9":"product_tag-espolon","10":"product_tag-pie","11":"product_tag-silicona","12":"product_tag-talonera","14":"first","15":"instock","16":"shipping-taxable","17":"product-type-simple"},"_links":{"self":[{"href":"https:\/\/ortopediagorgo.com.ar\/index.php?rest_route=\/wp\/v2\/product\/2447","targetHints":{"allow":["GET"]}}],"collection":[{"href":"https:\/\/ortopediagorgo.com.ar\/index.php?rest_route=\/wp\/v2\/product"}],"about":[{"href":"https:\/\/ortopediagorgo.com.ar\/index.php?rest_route=\/wp\/v2\/types\/product"}],"replies":[{"embeddable":true,"href":"https:\/\/ortopediagorgo.com.ar\/index.php?rest_route=%2Fwp%2Fv2%2Fcomments&post=2447"}],"version-history":[{"count":1,"href":"https:\/\/ortopediagorgo.com.ar\/index.php?rest_route=\/wp\/v2\/product\/2447\/revisions"}],"predecessor-version":[{"id":2485,"href":"https:\/\/ortopediagorgo.com.ar\/index.php?rest_route=\/wp\/v2\/product\/2447\/revisions\/2485"}],"wp:featuredmedia":[{"embeddable":true,"href":"https:\/\/ortopediagorgo.com.ar\/index.php?rest_route=\/wp\/v2\/media\/2484"}],"wp:attachment":[{"href":"https:\/\/ortopediagorgo.com.ar\/index.php?rest_route=%2Fwp%2Fv2%2Fmedia&parent=2447"}],"wp:term":[{"taxonomy":"product_brand","embeddable":true,"href":"https:\/\/ortopediagorgo.com.ar\/index.php?rest_route=%2Fwp%2Fv2%2Fproduct_brand&post=2447"},{"taxonomy":"product_cat","embeddable":true,"href":"https:\/\/ortopediagorgo.com.ar\/index.php?rest_route=%2Fwp%2Fv2%2Fproduct_cat&post=2447"},{"taxonomy":"product_tag","embeddable":true,"href":"https:\/\/ortopediagorgo.com.ar\/index.php?rest_route=%2Fwp%2Fv2%2Fproduct_tag&post=2447"}],"curies":[{"name":"wp","href":"https:\/\/api.w.org\/{rel}","templated":true}]}}