{"id":2499,"date":"2021-01-11T18:01:44","date_gmt":"2021-01-11T21:01:44","guid":{"rendered":"http:\/\/ortopediagorgo.com.ar\/?post_type=product&#038;p=2499"},"modified":"2021-01-11T18:01:44","modified_gmt":"2021-01-11T21:01:44","slug":"separador-de-dedos-doble-t","status":"publish","type":"product","link":"https:\/\/ortopediagorgo.com.ar\/?product=separador-de-dedos-doble-t","title":{"rendered":"SEPARADOR DE DEDOS DOBLE T"},"content":{"rendered":"<p>Separa y corrige la posici\u00f3n. \u00a0Alivia<br \/>\nla presi\u00f3n y el roce, ayudando a reducir<br \/>\nel dolor. Es eficaz como divisor de dedos en<br \/>\ncaso de hallux valgus, de dedos superpuestos<br \/>\no desviados. Indicado para: Helomas<br \/>\ninterdigitales, queratosis, ampollas o flictenas,<br \/>\nexost\u00f3sis.<br \/>\nAt\u00f3xico &#8211; Hipoalerg\u00e9nico.<\/p>\n","protected":false},"excerpt":{"rendered":"<p>Separa y corrige la posici\u00f3n. \u00a0Alivia la presi\u00f3n y el roce, ayudando a reducir el dolor. Es eficaz como divisor de dedos en caso de hallux valgus, de dedos superpuestos o desviados. Indicado para: Helomas interdigitales, queratosis, ampollas o flictenas, exost\u00f3sis. At\u00f3xico &#8211; Hipoalerg\u00e9nico.<\/p>\n","protected":false},"featured_media":2475,"comment_status":"open","ping_status":"closed","template":"","meta":{"_monsterinsights_skip_tracking":false,"_monsterinsights_sitenote_active":false,"_monsterinsights_sitenote_note":"","_monsterinsights_sitenote_category":0},"product_brand":[],"product_cat":[203],"product_tag":[233,235,209,232,230],"class_list":{"0":"post-2499","1":"product","2":"type-product","3":"status-publish","4":"has-post-thumbnail","6":"product_cat-gelpolimero-pie-lesiones","7":"product_tag-dedos","8":"product_tag-gel","9":"product_tag-pie","10":"product_tag-separador","11":"product_tag-silicona","13":"first","14":"instock","15":"shipping-taxable","16":"product-type-simple"},"_links":{"self":[{"href":"https:\/\/ortopediagorgo.com.ar\/index.php?rest_route=\/wp\/v2\/product\/2499","targetHints":{"allow":["GET"]}}],"collection":[{"href":"https:\/\/ortopediagorgo.com.ar\/index.php?rest_route=\/wp\/v2\/product"}],"about":[{"href":"https:\/\/ortopediagorgo.com.ar\/index.php?rest_route=\/wp\/v2\/types\/product"}],"replies":[{"embeddable":true,"href":"https:\/\/ortopediagorgo.com.ar\/index.php?rest_route=%2Fwp%2Fv2%2Fcomments&post=2499"}],"version-history":[{"count":1,"href":"https:\/\/ortopediagorgo.com.ar\/index.php?rest_route=\/wp\/v2\/product\/2499\/revisions"}],"predecessor-version":[{"id":2500,"href":"https:\/\/ortopediagorgo.com.ar\/index.php?rest_route=\/wp\/v2\/product\/2499\/revisions\/2500"}],"wp:featuredmedia":[{"embeddable":true,"href":"https:\/\/ortopediagorgo.com.ar\/index.php?rest_route=\/wp\/v2\/media\/2475"}],"wp:attachment":[{"href":"https:\/\/ortopediagorgo.com.ar\/index.php?rest_route=%2Fwp%2Fv2%2Fmedia&parent=2499"}],"wp:term":[{"taxonomy":"product_brand","embeddable":true,"href":"https:\/\/ortopediagorgo.com.ar\/index.php?rest_route=%2Fwp%2Fv2%2Fproduct_brand&post=2499"},{"taxonomy":"product_cat","embeddable":true,"href":"https:\/\/ortopediagorgo.com.ar\/index.php?rest_route=%2Fwp%2Fv2%2Fproduct_cat&post=2499"},{"taxonomy":"product_tag","embeddable":true,"href":"https:\/\/ortopediagorgo.com.ar\/index.php?rest_route=%2Fwp%2Fv2%2Fproduct_tag&post=2499"}],"curies":[{"name":"wp","href":"https:\/\/api.w.org\/{rel}","templated":true}]}}