{"id":2505,"date":"2021-01-11T18:06:28","date_gmt":"2021-01-11T21:06:28","guid":{"rendered":"http:\/\/ortopediagorgo.com.ar\/?post_type=product&#038;p=2505"},"modified":"2021-01-11T18:06:28","modified_gmt":"2021-01-11T21:06:28","slug":"anillos-del-gel-y-tejidos","status":"publish","type":"product","link":"https:\/\/ortopediagorgo.com.ar\/?product=anillos-del-gel-y-tejidos","title":{"rendered":"ANILLOS DEL GEL Y TEJIDOS"},"content":{"rendered":"<p>Alivio al instante: Ideal para reducir la presi\u00f3n<br \/>\ny el roce que producen los callos, las ampollas<br \/>\ny las u\u00f1as encarnadas.<br \/>\nProtege de roces y fricciones en la zona de<br \/>\nhallux valgus.<br \/>\nAt\u00f3xico &#8211; Hipoalerg\u00e9nico<\/p>\n<p>&nbsp;<\/p>\n","protected":false},"excerpt":{"rendered":"<p>Alivio al instante: Ideal para reducir la presi\u00f3n y el roce que producen los callos, las ampollas y las u\u00f1as encarnadas. Protege de roces y fricciones en la zona de hallux valgus. At\u00f3xico &#8211; Hipoalerg\u00e9nico &nbsp;<\/p>\n","protected":false},"featured_media":2452,"comment_status":"open","ping_status":"closed","template":"","meta":{"_monsterinsights_skip_tracking":false,"_monsterinsights_sitenote_active":false,"_monsterinsights_sitenote_note":"","_monsterinsights_sitenote_category":0},"product_brand":[],"product_cat":[203],"product_tag":[243,233,235,230,244],"class_list":{"0":"post-2505","1":"product","2":"type-product","3":"status-publish","4":"has-post-thumbnail","6":"product_cat-gelpolimero-pie-lesiones","7":"product_tag-anillo","8":"product_tag-dedos","9":"product_tag-gel","10":"product_tag-silicona","11":"product_tag-tejido","13":"first","14":"instock","15":"shipping-taxable","16":"product-type-simple"},"_links":{"self":[{"href":"https:\/\/ortopediagorgo.com.ar\/index.php?rest_route=\/wp\/v2\/product\/2505","targetHints":{"allow":["GET"]}}],"collection":[{"href":"https:\/\/ortopediagorgo.com.ar\/index.php?rest_route=\/wp\/v2\/product"}],"about":[{"href":"https:\/\/ortopediagorgo.com.ar\/index.php?rest_route=\/wp\/v2\/types\/product"}],"replies":[{"embeddable":true,"href":"https:\/\/ortopediagorgo.com.ar\/index.php?rest_route=%2Fwp%2Fv2%2Fcomments&post=2505"}],"version-history":[{"count":1,"href":"https:\/\/ortopediagorgo.com.ar\/index.php?rest_route=\/wp\/v2\/product\/2505\/revisions"}],"predecessor-version":[{"id":2506,"href":"https:\/\/ortopediagorgo.com.ar\/index.php?rest_route=\/wp\/v2\/product\/2505\/revisions\/2506"}],"wp:featuredmedia":[{"embeddable":true,"href":"https:\/\/ortopediagorgo.com.ar\/index.php?rest_route=\/wp\/v2\/media\/2452"}],"wp:attachment":[{"href":"https:\/\/ortopediagorgo.com.ar\/index.php?rest_route=%2Fwp%2Fv2%2Fmedia&parent=2505"}],"wp:term":[{"taxonomy":"product_brand","embeddable":true,"href":"https:\/\/ortopediagorgo.com.ar\/index.php?rest_route=%2Fwp%2Fv2%2Fproduct_brand&post=2505"},{"taxonomy":"product_cat","embeddable":true,"href":"https:\/\/ortopediagorgo.com.ar\/index.php?rest_route=%2Fwp%2Fv2%2Fproduct_cat&post=2505"},{"taxonomy":"product_tag","embeddable":true,"href":"https:\/\/ortopediagorgo.com.ar\/index.php?rest_route=%2Fwp%2Fv2%2Fproduct_tag&post=2505"}],"curies":[{"name":"wp","href":"https:\/\/api.w.org\/{rel}","templated":true}]}}