{"id":2507,"date":"2021-01-11T18:07:56","date_gmt":"2021-01-11T21:07:56","guid":{"rendered":"http:\/\/ortopediagorgo.com.ar\/?post_type=product&#038;p=2507"},"modified":"2021-01-11T18:07:56","modified_gmt":"2021-01-11T21:07:56","slug":"banda-metatarsal-tejida-con-gel","status":"publish","type":"product","link":"https:\/\/ortopediagorgo.com.ar\/?product=banda-metatarsal-tejida-con-gel","title":{"rendered":"BANDA METATARSAL TEJIDA CON GEL"},"content":{"rendered":"<p>Ayuda a reducir la presi\u00f3n en el metatarso,<br \/>\na la vez que brindan una m\u00e1xima comodidad.<br \/>\nReduce\u00a0el impacto y proporciona una<br \/>\ndistribuci\u00f3n pareja de la presi\u00f3n en la parte<br \/>\nanterior del pie.<br \/>\nAt\u00f3xico &#8211; Hipoalerg\u00e9nico.<\/p>\n","protected":false},"excerpt":{"rendered":"<p>Ayuda a reducir la presi\u00f3n en el metatarso, a la vez que brindan una m\u00e1xima comodidad. Reduce\u00a0el impacto y proporciona una distribuci\u00f3n pareja de la presi\u00f3n en la parte anterior del pie. At\u00f3xico &#8211; Hipoalerg\u00e9nico.<\/p>\n","protected":false},"featured_media":2456,"comment_status":"open","ping_status":"closed","template":"","meta":{"_monsterinsights_skip_tracking":false,"_monsterinsights_sitenote_active":false,"_monsterinsights_sitenote_note":"","_monsterinsights_sitenote_category":0},"product_brand":[],"product_cat":[203],"product_tag":[245,235,246,248,209,230,247],"class_list":{"0":"post-2507","1":"product","2":"type-product","3":"status-publish","4":"has-post-thumbnail","6":"product_cat-gelpolimero-pie-lesiones","7":"product_tag-banda","8":"product_tag-gel","9":"product_tag-metatarsal","10":"product_tag-metatarsos","11":"product_tag-pie","12":"product_tag-silicona","13":"product_tag-tejida","15":"first","16":"instock","17":"shipping-taxable","18":"product-type-simple"},"_links":{"self":[{"href":"https:\/\/ortopediagorgo.com.ar\/index.php?rest_route=\/wp\/v2\/product\/2507","targetHints":{"allow":["GET"]}}],"collection":[{"href":"https:\/\/ortopediagorgo.com.ar\/index.php?rest_route=\/wp\/v2\/product"}],"about":[{"href":"https:\/\/ortopediagorgo.com.ar\/index.php?rest_route=\/wp\/v2\/types\/product"}],"replies":[{"embeddable":true,"href":"https:\/\/ortopediagorgo.com.ar\/index.php?rest_route=%2Fwp%2Fv2%2Fcomments&post=2507"}],"version-history":[{"count":1,"href":"https:\/\/ortopediagorgo.com.ar\/index.php?rest_route=\/wp\/v2\/product\/2507\/revisions"}],"predecessor-version":[{"id":2508,"href":"https:\/\/ortopediagorgo.com.ar\/index.php?rest_route=\/wp\/v2\/product\/2507\/revisions\/2508"}],"wp:featuredmedia":[{"embeddable":true,"href":"https:\/\/ortopediagorgo.com.ar\/index.php?rest_route=\/wp\/v2\/media\/2456"}],"wp:attachment":[{"href":"https:\/\/ortopediagorgo.com.ar\/index.php?rest_route=%2Fwp%2Fv2%2Fmedia&parent=2507"}],"wp:term":[{"taxonomy":"product_brand","embeddable":true,"href":"https:\/\/ortopediagorgo.com.ar\/index.php?rest_route=%2Fwp%2Fv2%2Fproduct_brand&post=2507"},{"taxonomy":"product_cat","embeddable":true,"href":"https:\/\/ortopediagorgo.com.ar\/index.php?rest_route=%2Fwp%2Fv2%2Fproduct_cat&post=2507"},{"taxonomy":"product_tag","embeddable":true,"href":"https:\/\/ortopediagorgo.com.ar\/index.php?rest_route=%2Fwp%2Fv2%2Fproduct_tag&post=2507"}],"curies":[{"name":"wp","href":"https:\/\/api.w.org\/{rel}","templated":true}]}}