{"id":2511,"date":"2021-01-11T18:09:33","date_gmt":"2021-01-11T21:09:33","guid":{"rendered":"http:\/\/ortopediagorgo.com.ar\/?post_type=product&#038;p=2511"},"modified":"2022-11-16T16:28:24","modified_gmt":"2022-11-16T19:28:24","slug":"corrector-de-juanete","status":"publish","type":"product","link":"https:\/\/ortopediagorgo.com.ar\/?product=corrector-de-juanete","title":{"rendered":"CORRECTOR DE JUANETE"},"content":{"rendered":"<p>USO NOCTURNO<br \/>\nSumamente \u00fatil para el tratamiento de<br \/>\njuanetes (Hallux Valgus).<br \/>\nDe uso nocturno. Gracias a su cinta ajustable,<br \/>\nse logra una correcci\u00f3n progresiva.<br \/>\nPuede usarse indistintamente en el pie<br \/>\nizquierdo o derecho.<br \/>\nAt\u00f3xico &#8211; Hipoalerg\u00e9nico.<\/p>\n<p>TALLE \u00daNICO<\/p>\n","protected":false},"excerpt":{"rendered":"<p>USO NOCTURNO Sumamente \u00fatil para el tratamiento de juanetes (Hallux Valgus). De uso nocturno. Gracias a su cinta ajustable, se logra una correcci\u00f3n progresiva. Puede usarse indistintamente en el pie izquierdo o derecho. At\u00f3xico &#8211; Hipoalerg\u00e9nico. TALLE \u00daNICO<\/p>\n","protected":false},"featured_media":2458,"comment_status":"open","ping_status":"closed","template":"","meta":{"_monsterinsights_skip_tracking":false,"_monsterinsights_sitenote_active":false,"_monsterinsights_sitenote_note":"","_monsterinsights_sitenote_category":0},"product_brand":[],"product_cat":[203],"product_tag":[134,249,250,209],"class_list":{"0":"post-2511","1":"product","2":"type-product","3":"status-publish","4":"has-post-thumbnail","6":"product_cat-gelpolimero-pie-lesiones","7":"product_tag-corrector","8":"product_tag-juanete","9":"product_tag-nocturno","10":"product_tag-pie","12":"first","13":"instock","14":"shipping-taxable","15":"product-type-simple"},"_links":{"self":[{"href":"https:\/\/ortopediagorgo.com.ar\/index.php?rest_route=\/wp\/v2\/product\/2511","targetHints":{"allow":["GET"]}}],"collection":[{"href":"https:\/\/ortopediagorgo.com.ar\/index.php?rest_route=\/wp\/v2\/product"}],"about":[{"href":"https:\/\/ortopediagorgo.com.ar\/index.php?rest_route=\/wp\/v2\/types\/product"}],"replies":[{"embeddable":true,"href":"https:\/\/ortopediagorgo.com.ar\/index.php?rest_route=%2Fwp%2Fv2%2Fcomments&post=2511"}],"version-history":[{"count":1,"href":"https:\/\/ortopediagorgo.com.ar\/index.php?rest_route=\/wp\/v2\/product\/2511\/revisions"}],"predecessor-version":[{"id":2512,"href":"https:\/\/ortopediagorgo.com.ar\/index.php?rest_route=\/wp\/v2\/product\/2511\/revisions\/2512"}],"wp:featuredmedia":[{"embeddable":true,"href":"https:\/\/ortopediagorgo.com.ar\/index.php?rest_route=\/wp\/v2\/media\/2458"}],"wp:attachment":[{"href":"https:\/\/ortopediagorgo.com.ar\/index.php?rest_route=%2Fwp%2Fv2%2Fmedia&parent=2511"}],"wp:term":[{"taxonomy":"product_brand","embeddable":true,"href":"https:\/\/ortopediagorgo.com.ar\/index.php?rest_route=%2Fwp%2Fv2%2Fproduct_brand&post=2511"},{"taxonomy":"product_cat","embeddable":true,"href":"https:\/\/ortopediagorgo.com.ar\/index.php?rest_route=%2Fwp%2Fv2%2Fproduct_cat&post=2511"},{"taxonomy":"product_tag","embeddable":true,"href":"https:\/\/ortopediagorgo.com.ar\/index.php?rest_route=%2Fwp%2Fv2%2Fproduct_tag&post=2511"}],"curies":[{"name":"wp","href":"https:\/\/api.w.org\/{rel}","templated":true}]}}