{"id":2513,"date":"2021-01-11T18:13:40","date_gmt":"2021-01-11T21:13:40","guid":{"rendered":"http:\/\/ortopediagorgo.com.ar\/?post_type=product&#038;p=2513"},"modified":"2021-01-11T18:13:40","modified_gmt":"2021-01-11T21:13:40","slug":"plancha-de-silicona","status":"publish","type":"product","link":"https:\/\/ortopediagorgo.com.ar\/?product=plancha-de-silicona","title":{"rendered":"PLANCHA DE SILICONA"},"content":{"rendered":"<p>Indicado para el proceso de rehabilitaci\u00f3n de cicatrices hipertr\u00f3ficas, queloides y quemaduras.<br \/>\nCon soporte de tela. Recortable.<br \/>\nModera roces y presiones.<br \/>\nPreviene la formaci\u00f3n de escaras.<br \/>\nAt\u00f3xico &#8211; Hipoalerg\u00e9nico.<\/p>\n<p><strong>PRESENTACION<\/strong><\/p>\n<p>10&#215;10 sin autoadhesivo<br \/>\n10&#215;10 con autoadhesivo<br \/>\n10&#215;20 sin autoadhesivo<br \/>\n10&#215;20 con autoadhesivo<\/p>\n","protected":false},"excerpt":{"rendered":"<p>Indicado para el proceso de rehabilitaci\u00f3n de cicatrices hipertr\u00f3ficas, queloides y quemaduras. Con soporte de tela. Recortable. Modera roces y presiones. Previene la formaci\u00f3n de escaras. At\u00f3xico &#8211; Hipoalerg\u00e9nico. PRESENTACION 10&#215;10 sin autoadhesivo 10&#215;10 con autoadhesivo 10&#215;20 sin autoadhesivo 10&#215;20 con autoadhesivo<\/p>\n","protected":false},"featured_media":2471,"comment_status":"open","ping_status":"closed","template":"","meta":{"_monsterinsights_skip_tracking":false,"_monsterinsights_sitenote_active":false,"_monsterinsights_sitenote_note":"","_monsterinsights_sitenote_category":0},"product_brand":[],"product_cat":[203],"product_tag":[252,251,253,230],"class_list":{"0":"post-2513","1":"product","2":"type-product","3":"status-publish","4":"has-post-thumbnail","6":"product_cat-gelpolimero-pie-lesiones","7":"product_tag-cuidados","8":"product_tag-plancha","9":"product_tag-queloides","10":"product_tag-silicona","12":"first","13":"instock","14":"shipping-taxable","15":"product-type-simple"},"_links":{"self":[{"href":"https:\/\/ortopediagorgo.com.ar\/index.php?rest_route=\/wp\/v2\/product\/2513","targetHints":{"allow":["GET"]}}],"collection":[{"href":"https:\/\/ortopediagorgo.com.ar\/index.php?rest_route=\/wp\/v2\/product"}],"about":[{"href":"https:\/\/ortopediagorgo.com.ar\/index.php?rest_route=\/wp\/v2\/types\/product"}],"replies":[{"embeddable":true,"href":"https:\/\/ortopediagorgo.com.ar\/index.php?rest_route=%2Fwp%2Fv2%2Fcomments&post=2513"}],"version-history":[{"count":1,"href":"https:\/\/ortopediagorgo.com.ar\/index.php?rest_route=\/wp\/v2\/product\/2513\/revisions"}],"predecessor-version":[{"id":2514,"href":"https:\/\/ortopediagorgo.com.ar\/index.php?rest_route=\/wp\/v2\/product\/2513\/revisions\/2514"}],"wp:featuredmedia":[{"embeddable":true,"href":"https:\/\/ortopediagorgo.com.ar\/index.php?rest_route=\/wp\/v2\/media\/2471"}],"wp:attachment":[{"href":"https:\/\/ortopediagorgo.com.ar\/index.php?rest_route=%2Fwp%2Fv2%2Fmedia&parent=2513"}],"wp:term":[{"taxonomy":"product_brand","embeddable":true,"href":"https:\/\/ortopediagorgo.com.ar\/index.php?rest_route=%2Fwp%2Fv2%2Fproduct_brand&post=2513"},{"taxonomy":"product_cat","embeddable":true,"href":"https:\/\/ortopediagorgo.com.ar\/index.php?rest_route=%2Fwp%2Fv2%2Fproduct_cat&post=2513"},{"taxonomy":"product_tag","embeddable":true,"href":"https:\/\/ortopediagorgo.com.ar\/index.php?rest_route=%2Fwp%2Fv2%2Fproduct_tag&post=2513"}],"curies":[{"name":"wp","href":"https:\/\/api.w.org\/{rel}","templated":true}]}}