{"id":2516,"date":"2021-01-11T18:19:04","date_gmt":"2021-01-11T21:19:04","guid":{"rendered":"http:\/\/ortopediagorgo.com.ar\/?post_type=product&#038;p=2516"},"modified":"2024-06-30T08:11:06","modified_gmt":"2024-06-30T11:11:06","slug":"laminas-de-gel","status":"publish","type":"product","link":"https:\/\/ortopediagorgo.com.ar\/?product=laminas-de-gel","title":{"rendered":"LAMINAS DE GEL"},"content":{"rendered":"<p>Rehabilitaci\u00f3n de cicatrices hipertr\u00f3ficas &#8211; Prevenci\u00f3n de queloides.<br \/>\nIndicadas para abdominoplast\u00edas, ces\u00e1reas, post cirugia mamaria, expancion de tejidos etc. injertos.<br \/>\nAl ser recortables pueden ser adaptadas f\u00e1cilmente por el profesional.<br \/>\nPara una correcta compresi\u00f3n se recomienda la utilizaci\u00f3n<br \/>\nde fajas, trusas o ropa \u00edntima el\u00e1stica.<\/p>\n<p>At\u00f3xico &#8211; Hipoalerg\u00e9nico &#8211; Compatible con cremas recetadas.<\/p>\n","protected":false},"excerpt":{"rendered":"<p>Post cirugia adbominal y mamaria<\/p>\n","protected":false},"featured_media":2465,"comment_status":"open","ping_status":"closed","template":"","meta":{"_monsterinsights_skip_tracking":false,"_monsterinsights_sitenote_active":false,"_monsterinsights_sitenote_note":"","_monsterinsights_sitenote_category":0},"product_brand":[],"product_cat":[203],"product_tag":[127,235,254,257,255,256],"class_list":{"0":"post-2516","1":"product","2":"type-product","3":"status-publish","4":"has-post-thumbnail","6":"product_cat-gelpolimero-pie-lesiones","7":"product_tag-abdominal","8":"product_tag-gel","9":"product_tag-lamina","10":"product_tag-mamaria","11":"product_tag-polimero","12":"product_tag-postcirugia","14":"first","15":"instock","16":"shipping-taxable","17":"product-type-simple"},"_links":{"self":[{"href":"https:\/\/ortopediagorgo.com.ar\/index.php?rest_route=\/wp\/v2\/product\/2516","targetHints":{"allow":["GET"]}}],"collection":[{"href":"https:\/\/ortopediagorgo.com.ar\/index.php?rest_route=\/wp\/v2\/product"}],"about":[{"href":"https:\/\/ortopediagorgo.com.ar\/index.php?rest_route=\/wp\/v2\/types\/product"}],"replies":[{"embeddable":true,"href":"https:\/\/ortopediagorgo.com.ar\/index.php?rest_route=%2Fwp%2Fv2%2Fcomments&post=2516"}],"version-history":[{"count":1,"href":"https:\/\/ortopediagorgo.com.ar\/index.php?rest_route=\/wp\/v2\/product\/2516\/revisions"}],"predecessor-version":[{"id":2517,"href":"https:\/\/ortopediagorgo.com.ar\/index.php?rest_route=\/wp\/v2\/product\/2516\/revisions\/2517"}],"wp:featuredmedia":[{"embeddable":true,"href":"https:\/\/ortopediagorgo.com.ar\/index.php?rest_route=\/wp\/v2\/media\/2465"}],"wp:attachment":[{"href":"https:\/\/ortopediagorgo.com.ar\/index.php?rest_route=%2Fwp%2Fv2%2Fmedia&parent=2516"}],"wp:term":[{"taxonomy":"product_brand","embeddable":true,"href":"https:\/\/ortopediagorgo.com.ar\/index.php?rest_route=%2Fwp%2Fv2%2Fproduct_brand&post=2516"},{"taxonomy":"product_cat","embeddable":true,"href":"https:\/\/ortopediagorgo.com.ar\/index.php?rest_route=%2Fwp%2Fv2%2Fproduct_cat&post=2516"},{"taxonomy":"product_tag","embeddable":true,"href":"https:\/\/ortopediagorgo.com.ar\/index.php?rest_route=%2Fwp%2Fv2%2Fproduct_tag&post=2516"}],"curies":[{"name":"wp","href":"https:\/\/api.w.org\/{rel}","templated":true}]}}