{"id":2518,"date":"2021-01-11T18:21:04","date_gmt":"2021-01-11T21:21:04","guid":{"rendered":"http:\/\/ortopediagorgo.com.ar\/?post_type=product&#038;p=2518"},"modified":"2021-01-11T18:21:49","modified_gmt":"2021-01-11T21:21:49","slug":"plantillas-de-gel-polimero","status":"publish","type":"product","link":"https:\/\/ortopediagorgo.com.ar\/?product=plantillas-de-gel-polimero","title":{"rendered":"PLANTILLAS DE GEL POLIMERO"},"content":{"rendered":"<p>Reducen el impacto, evitando tanto roces y presiones del calzado,<br \/>\ncomo lesiones en rodillas y cadera.<br \/>\nMenos Pol\u00ecmero, Mas\u00a0lubricaci\u00f3n.<\/p>\n<p><strong>INDICADAS PARA:<\/strong>\u00a0Deportes de alto impacto, metatarsalgia,<br \/>\npie diab\u00e9tico, neuropat\u00eda, espol\u00f3n calc\u00e1neo, fascitis plantar, talalgias,<br \/>\ntendinitis, bursitis. At\u00f3xico &#8211; Hipoalerg\u00e9nico.<\/p>\n<p>PRESENTACIONES<\/p>\n<p>TALLES:<br \/>\n35\/36 &#8211; 37\/38 &#8211; 39\/40 &#8211; 41\/42 &#8211; 43\/44 &#8211; 45\/46<\/p>\n","protected":false},"excerpt":{"rendered":"<p>Reducen el impacto, evitando tanto roces y presiones del calzado, como lesiones en rodillas y cadera. Menos Pol\u00ecmero, Mas\u00a0lubricaci\u00f3n. INDICADAS PARA:\u00a0Deportes de alto impacto, metatarsalgia, pie diab\u00e9tico, neuropat\u00eda, espol\u00f3n calc\u00e1neo, fascitis plantar, talalgias, tendinitis, bursitis. At\u00f3xico &#8211; Hipoalerg\u00e9nico. PRESENTACIONES TALLES: 35\/36 &#8211; 37\/38 &#8211; 39\/40 &#8211; 41\/42 &#8211; 43\/44 &#8211; 45\/46<\/p>\n","protected":false},"featured_media":2472,"comment_status":"open","ping_status":"closed","template":"","meta":{"_monsterinsights_skip_tracking":false,"_monsterinsights_sitenote_active":false,"_monsterinsights_sitenote_note":"","_monsterinsights_sitenote_category":0},"product_brand":[],"product_cat":[203],"product_tag":[54,235,209,207,230],"class_list":{"0":"post-2518","1":"product","2":"type-product","3":"status-publish","4":"has-post-thumbnail","6":"product_cat-gelpolimero-pie-lesiones","7":"product_tag-deporte","8":"product_tag-gel","9":"product_tag-pie","10":"product_tag-plantillas","11":"product_tag-silicona","13":"first","14":"instock","15":"shipping-taxable","16":"product-type-simple"},"_links":{"self":[{"href":"https:\/\/ortopediagorgo.com.ar\/index.php?rest_route=\/wp\/v2\/product\/2518","targetHints":{"allow":["GET"]}}],"collection":[{"href":"https:\/\/ortopediagorgo.com.ar\/index.php?rest_route=\/wp\/v2\/product"}],"about":[{"href":"https:\/\/ortopediagorgo.com.ar\/index.php?rest_route=\/wp\/v2\/types\/product"}],"replies":[{"embeddable":true,"href":"https:\/\/ortopediagorgo.com.ar\/index.php?rest_route=%2Fwp%2Fv2%2Fcomments&post=2518"}],"version-history":[{"count":2,"href":"https:\/\/ortopediagorgo.com.ar\/index.php?rest_route=\/wp\/v2\/product\/2518\/revisions"}],"predecessor-version":[{"id":2520,"href":"https:\/\/ortopediagorgo.com.ar\/index.php?rest_route=\/wp\/v2\/product\/2518\/revisions\/2520"}],"wp:featuredmedia":[{"embeddable":true,"href":"https:\/\/ortopediagorgo.com.ar\/index.php?rest_route=\/wp\/v2\/media\/2472"}],"wp:attachment":[{"href":"https:\/\/ortopediagorgo.com.ar\/index.php?rest_route=%2Fwp%2Fv2%2Fmedia&parent=2518"}],"wp:term":[{"taxonomy":"product_brand","embeddable":true,"href":"https:\/\/ortopediagorgo.com.ar\/index.php?rest_route=%2Fwp%2Fv2%2Fproduct_brand&post=2518"},{"taxonomy":"product_cat","embeddable":true,"href":"https:\/\/ortopediagorgo.com.ar\/index.php?rest_route=%2Fwp%2Fv2%2Fproduct_cat&post=2518"},{"taxonomy":"product_tag","embeddable":true,"href":"https:\/\/ortopediagorgo.com.ar\/index.php?rest_route=%2Fwp%2Fv2%2Fproduct_tag&post=2518"}],"curies":[{"name":"wp","href":"https:\/\/api.w.org\/{rel}","templated":true}]}}