{"id":2521,"date":"2021-01-11T18:25:32","date_gmt":"2021-01-11T21:25:32","guid":{"rendered":"http:\/\/ortopediagorgo.com.ar\/?post_type=product&#038;p=2521"},"modified":"2025-04-12T08:21:59","modified_gmt":"2025-04-12T11:21:59","slug":"protesis-mamaria-externa","status":"publish","type":"product","link":"https:\/\/ortopediagorgo.com.ar\/?product=protesis-mamaria-externa","title":{"rendered":"PROTESIS MAMARIA EXTERNA"},"content":{"rendered":"<p>Su f\u00f3rmula es ultra liviana, permitiendo compensar el peso real de la otra mama; esto es muy importante ya que se recomienda equilibrar el cuerpo para evitar lesiones en la columna y cervicales mejorando as\u00ed notablemente la postura.<br \/>\nCon las pr\u00f3tesis externas Gelform\u00ae se logra tambi\u00e9n restablecer el equilibrio emocional, ayudando a recuperar la confianza y la autoestima. S\u00f3lo es cuesti\u00f3n de elegir entre los diferentes modelos y talles, la que mejor se adapta a cada cuerpo o con la que se siente m\u00e1s c\u00f3moda.<\/p>\n<p><strong>Sugerencias de Gelform<\/strong>\u00ae\u00a0<strong>para lograr una buena recuperaci\u00f3n<\/strong><\/p>\n<p>Despu\u00e9s de la cirugi\u00eda se inicia un proceso de recuperaci\u00f3n biol\u00f3gica, emocional y est\u00e9tica para lograr una vida saludable y plena.<br \/>\nUna alimentaci\u00f3n adecuada y ejercicios apropiados siguiendo los consejos del m\u00e9dico pueden ayudar a recuperar la movilidad y la fuerza para volver gradualmente a la rutina de su vida diaria.<br \/>\nMantener una actitud positiva: &#8220;no es lo que a uno le pasa lo que verdaderamente le afecta, sino como lo procesa internamente&#8221;, lo que piensa dice y hace con la nueva situaci\u00f3n es importante.<br \/>\nCambiar los pensamientos negativos por positivos, aprovechando \u00e9sta oportunidad para plantearse disfrutar de cada momento que se pueda de la vida y de los seres queridos.<br \/>\nUnirse a grupos de soporte es importante para comprobar como reformularon con \u00e9xito otras mujeres la misma situaci\u00f3n, dialoga con ellas y compartir las experiencias d\u00e1ndose mutuo apoyo es una manera excelente de mantener su salud emocional.<br \/>\nLeer sobre el tema en libros o en sitios especializados en internet puede ser muy \u00fatil. Hay muchos testimonios y bibliografia de gran ayuda.<br \/>\nProveerse a si misma de todo lo necesario para lograr un equilibrio est\u00e9tico, elegir la pr\u00f3tesis adecuada y la ropa para cada situaci\u00f3n, le hara sentir que esta preparada para verse bella en ropa interior y en traje de ba\u00f1o, igual que siempre.<br \/>\nMimese mucho, permitase disfrutar de las cosas m\u00e1s peque\u00f1as, cuente lo que le pas\u00f3 a otros con naturalidad incorporando esto a su vida ya que el c\u00e1ncer de mama y la mastectomia es mas frecuente de lo que usted seguramente se imagina.<\/p>\n<p>PRESENTACION<\/p>\n<p>TALLES:<br \/>\nDEL 70 AL 120<\/p>\n","protected":false},"excerpt":{"rendered":"<p>Su f\u00f3rmula es ultra liviana, permitiendo compensar el peso real de la otra mama; esto es muy importante ya que se recomienda equilibrar el cuerpo para evitar lesiones en la columna y cervicales mejorando as\u00ed notablemente la postura. Con las pr\u00f3tesis externas Gelform\u00ae se logra tambi\u00e9n restablecer el equilibrio emocional, ayudando a recuperar la confianza &hellip;<\/p>\n<p class=\"read-more\"> <a class=\"\" href=\"https:\/\/ortopediagorgo.com.ar\/?product=protesis-mamaria-externa\"> <span class=\"screen-reader-text\">PROTESIS MAMARIA EXTERNA<\/span> Leer m\u00e1s &raquo;<\/a><\/p>\n","protected":false},"featured_media":2522,"comment_status":"open","ping_status":"closed","template":"","meta":{"_monsterinsights_skip_tracking":false,"_monsterinsights_sitenote_active":false,"_monsterinsights_sitenote_note":"","_monsterinsights_sitenote_category":0},"product_brand":[],"product_cat":[261],"product_tag":[260,257,258,259],"class_list":{"0":"post-2521","1":"product","2":"type-product","3":"status-publish","4":"has-post-thumbnail","6":"product_cat-mastectomia-protesis","7":"product_tag-gelpolimero","8":"product_tag-mamaria","9":"product_tag-mastectomia","10":"product_tag-protesis","12":"first","13":"instock","14":"shipping-taxable","15":"product-type-simple"},"_links":{"self":[{"href":"https:\/\/ortopediagorgo.com.ar\/index.php?rest_route=\/wp\/v2\/product\/2521","targetHints":{"allow":["GET"]}}],"collection":[{"href":"https:\/\/ortopediagorgo.com.ar\/index.php?rest_route=\/wp\/v2\/product"}],"about":[{"href":"https:\/\/ortopediagorgo.com.ar\/index.php?rest_route=\/wp\/v2\/types\/product"}],"replies":[{"embeddable":true,"href":"https:\/\/ortopediagorgo.com.ar\/index.php?rest_route=%2Fwp%2Fv2%2Fcomments&post=2521"}],"version-history":[{"count":1,"href":"https:\/\/ortopediagorgo.com.ar\/index.php?rest_route=\/wp\/v2\/product\/2521\/revisions"}],"predecessor-version":[{"id":2527,"href":"https:\/\/ortopediagorgo.com.ar\/index.php?rest_route=\/wp\/v2\/product\/2521\/revisions\/2527"}],"wp:featuredmedia":[{"embeddable":true,"href":"https:\/\/ortopediagorgo.com.ar\/index.php?rest_route=\/wp\/v2\/media\/2522"}],"wp:attachment":[{"href":"https:\/\/ortopediagorgo.com.ar\/index.php?rest_route=%2Fwp%2Fv2%2Fmedia&parent=2521"}],"wp:term":[{"taxonomy":"product_brand","embeddable":true,"href":"https:\/\/ortopediagorgo.com.ar\/index.php?rest_route=%2Fwp%2Fv2%2Fproduct_brand&post=2521"},{"taxonomy":"product_cat","embeddable":true,"href":"https:\/\/ortopediagorgo.com.ar\/index.php?rest_route=%2Fwp%2Fv2%2Fproduct_cat&post=2521"},{"taxonomy":"product_tag","embeddable":true,"href":"https:\/\/ortopediagorgo.com.ar\/index.php?rest_route=%2Fwp%2Fv2%2Fproduct_tag&post=2521"}],"curies":[{"name":"wp","href":"https:\/\/api.w.org\/{rel}","templated":true}]}}