{"id":2529,"date":"2021-01-11T18:29:51","date_gmt":"2021-01-11T21:29:51","guid":{"rendered":"http:\/\/ortopediagorgo.com.ar\/?post_type=product&#038;p=2529"},"modified":"2021-01-11T18:29:51","modified_gmt":"2021-01-11T21:29:51","slug":"sosten-mod-347","status":"publish","type":"product","link":"https:\/\/ortopediagorgo.com.ar\/?product=sosten-mod-347","title":{"rendered":"SOSTEN MOD.347"},"content":{"rendered":"<p>Escote bajo. Tirantes finos y desmontables<br \/>\nIdeal para prendas livianas y vestidos.<br \/>\nEspecialmente dise\u00f1ado para el uso con pr\u00f3tesis mamaria<br \/>\nCon bolsillos en ambos lados.<br \/>\n100% algod\u00f3n en el interior. Breteles anchos.<br \/>\nEscote y sisas altas. Sin aros met\u00e1licos.<\/p>\n","protected":false},"excerpt":{"rendered":"<p>Escote bajo. Tirantes finos y desmontables Ideal para prendas livianas y vestidos. Especialmente dise\u00f1ado para el uso con pr\u00f3tesis mamaria Con bolsillos en ambos lados. 100% algod\u00f3n en el interior. Breteles anchos. Escote y sisas altas. Sin aros met\u00e1licos.<\/p>\n","protected":false},"featured_media":2523,"comment_status":"open","ping_status":"closed","template":"","meta":{"_monsterinsights_skip_tracking":false,"_monsterinsights_sitenote_active":false,"_monsterinsights_sitenote_note":"","_monsterinsights_sitenote_category":0},"product_brand":[],"product_cat":[261],"product_tag":[258,259,118],"class_list":{"0":"post-2529","1":"product","2":"type-product","3":"status-publish","4":"has-post-thumbnail","6":"product_cat-mastectomia-protesis","7":"product_tag-mastectomia","8":"product_tag-protesis","9":"product_tag-sosten","11":"first","12":"instock","13":"shipping-taxable","14":"product-type-simple"},"_links":{"self":[{"href":"https:\/\/ortopediagorgo.com.ar\/index.php?rest_route=\/wp\/v2\/product\/2529","targetHints":{"allow":["GET"]}}],"collection":[{"href":"https:\/\/ortopediagorgo.com.ar\/index.php?rest_route=\/wp\/v2\/product"}],"about":[{"href":"https:\/\/ortopediagorgo.com.ar\/index.php?rest_route=\/wp\/v2\/types\/product"}],"replies":[{"embeddable":true,"href":"https:\/\/ortopediagorgo.com.ar\/index.php?rest_route=%2Fwp%2Fv2%2Fcomments&post=2529"}],"version-history":[{"count":1,"href":"https:\/\/ortopediagorgo.com.ar\/index.php?rest_route=\/wp\/v2\/product\/2529\/revisions"}],"predecessor-version":[{"id":2530,"href":"https:\/\/ortopediagorgo.com.ar\/index.php?rest_route=\/wp\/v2\/product\/2529\/revisions\/2530"}],"wp:featuredmedia":[{"embeddable":true,"href":"https:\/\/ortopediagorgo.com.ar\/index.php?rest_route=\/wp\/v2\/media\/2523"}],"wp:attachment":[{"href":"https:\/\/ortopediagorgo.com.ar\/index.php?rest_route=%2Fwp%2Fv2%2Fmedia&parent=2529"}],"wp:term":[{"taxonomy":"product_brand","embeddable":true,"href":"https:\/\/ortopediagorgo.com.ar\/index.php?rest_route=%2Fwp%2Fv2%2Fproduct_brand&post=2529"},{"taxonomy":"product_cat","embeddable":true,"href":"https:\/\/ortopediagorgo.com.ar\/index.php?rest_route=%2Fwp%2Fv2%2Fproduct_cat&post=2529"},{"taxonomy":"product_tag","embeddable":true,"href":"https:\/\/ortopediagorgo.com.ar\/index.php?rest_route=%2Fwp%2Fv2%2Fproduct_tag&post=2529"}],"curies":[{"name":"wp","href":"https:\/\/api.w.org\/{rel}","templated":true}]}}