{"id":2533,"date":"2021-01-11T18:32:58","date_gmt":"2021-01-11T21:32:58","guid":{"rendered":"http:\/\/ortopediagorgo.com.ar\/?post_type=product&#038;p=2533"},"modified":"2021-01-11T18:32:58","modified_gmt":"2021-01-11T21:32:58","slug":"sosten-mod-ce","status":"publish","type":"product","link":"https:\/\/ortopediagorgo.com.ar\/?product=sosten-mod-ce","title":{"rendered":"SOSTEN MOD.CE"},"content":{"rendered":"<p>Sost\u00e9n cl\u00e1sico, muy c\u00f3modo.<br \/>\nEscote intermedio. Ideal para todos los dias.<br \/>\nTazas de encaje, contorno de power.<br \/>\nBreteles anchos elastizados.<br \/>\nCon bolsillos en ambos lados.<br \/>\n100% algod\u00f3n en el interior.<br \/>\nSin aros met\u00e1licos.<\/p>\n","protected":false},"excerpt":{"rendered":"<p>Del talle 80 al 120<br \/>\nColores: Blanco, natural y negro<\/p>\n","protected":false},"featured_media":2525,"comment_status":"open","ping_status":"closed","template":"","meta":{"_monsterinsights_skip_tracking":false,"_monsterinsights_sitenote_active":false,"_monsterinsights_sitenote_note":"","_monsterinsights_sitenote_category":0},"product_brand":[],"product_cat":[261],"product_tag":[257,258,262,118],"class_list":{"0":"post-2533","1":"product","2":"type-product","3":"status-publish","4":"has-post-thumbnail","6":"product_cat-mastectomia-protesis","7":"product_tag-mamaria","8":"product_tag-mastectomia","9":"product_tag-postquirurgico","10":"product_tag-sosten","12":"first","13":"instock","14":"shipping-taxable","15":"product-type-simple"},"_links":{"self":[{"href":"https:\/\/ortopediagorgo.com.ar\/index.php?rest_route=\/wp\/v2\/product\/2533","targetHints":{"allow":["GET"]}}],"collection":[{"href":"https:\/\/ortopediagorgo.com.ar\/index.php?rest_route=\/wp\/v2\/product"}],"about":[{"href":"https:\/\/ortopediagorgo.com.ar\/index.php?rest_route=\/wp\/v2\/types\/product"}],"replies":[{"embeddable":true,"href":"https:\/\/ortopediagorgo.com.ar\/index.php?rest_route=%2Fwp%2Fv2%2Fcomments&post=2533"}],"version-history":[{"count":1,"href":"https:\/\/ortopediagorgo.com.ar\/index.php?rest_route=\/wp\/v2\/product\/2533\/revisions"}],"predecessor-version":[{"id":2534,"href":"https:\/\/ortopediagorgo.com.ar\/index.php?rest_route=\/wp\/v2\/product\/2533\/revisions\/2534"}],"wp:featuredmedia":[{"embeddable":true,"href":"https:\/\/ortopediagorgo.com.ar\/index.php?rest_route=\/wp\/v2\/media\/2525"}],"wp:attachment":[{"href":"https:\/\/ortopediagorgo.com.ar\/index.php?rest_route=%2Fwp%2Fv2%2Fmedia&parent=2533"}],"wp:term":[{"taxonomy":"product_brand","embeddable":true,"href":"https:\/\/ortopediagorgo.com.ar\/index.php?rest_route=%2Fwp%2Fv2%2Fproduct_brand&post=2533"},{"taxonomy":"product_cat","embeddable":true,"href":"https:\/\/ortopediagorgo.com.ar\/index.php?rest_route=%2Fwp%2Fv2%2Fproduct_cat&post=2533"},{"taxonomy":"product_tag","embeddable":true,"href":"https:\/\/ortopediagorgo.com.ar\/index.php?rest_route=%2Fwp%2Fv2%2Fproduct_tag&post=2533"}],"curies":[{"name":"wp","href":"https:\/\/api.w.org\/{rel}","templated":true}]}}