{"id":2551,"date":"2021-01-11T18:42:43","date_gmt":"2021-01-11T21:42:43","guid":{"rendered":"http:\/\/ortopediagorgo.com.ar\/?post_type=product&#038;p=2551"},"modified":"2021-01-11T18:53:47","modified_gmt":"2021-01-11T21:53:47","slug":"medias-3-4-con-puntera-compresion-leve-8-15-mmhg","status":"publish","type":"product","link":"https:\/\/ortopediagorgo.com.ar\/?product=medias-3-4-con-puntera-compresion-leve-8-15-mmhg","title":{"rendered":"Medias 3\/4 Compresi\u00f3n leve 8\/15 mmHG"},"content":{"rendered":"<p>Muy transparente. La compresi\u00f3n media graduada mejora el flujo sangu\u00edneo y asegura su contenci\u00f3n y confort todo el d\u00eda, dando alivio inmediato a las piernas cansadas y doloridas y previniendo la retenci\u00f3n de fluido que a menudo causa la hinchaz\u00f3n de los tobillos. Muy eficaz en el tratamiento contra la celulitis.<\/p>\n<p><strong>MARCAS:<\/strong><br \/>\nIBICI<br \/>\nGELFORM<\/p>\n","protected":false},"excerpt":{"rendered":"<p>Con o sin puntera<br \/>\nColores: Piel, tostado y negro<\/p>\n","protected":false},"featured_media":2542,"comment_status":"open","ping_status":"closed","template":"","meta":{"_monsterinsights_skip_tracking":false,"_monsterinsights_sitenote_active":false,"_monsterinsights_sitenote_note":"","_monsterinsights_sitenote_category":0},"product_brand":[],"product_cat":[202],"product_tag":[268,121,265,269],"class_list":{"0":"post-2551","1":"product","2":"type-product","3":"status-publish","4":"has-post-thumbnail","6":"product_cat-medias-terapeuticas-compresion","7":"product_tag-circulacion","8":"product_tag-compresion","9":"product_tag-medias","10":"product_tag-venas","12":"first","13":"instock","14":"shipping-taxable","15":"product-type-simple"},"_links":{"self":[{"href":"https:\/\/ortopediagorgo.com.ar\/index.php?rest_route=\/wp\/v2\/product\/2551","targetHints":{"allow":["GET"]}}],"collection":[{"href":"https:\/\/ortopediagorgo.com.ar\/index.php?rest_route=\/wp\/v2\/product"}],"about":[{"href":"https:\/\/ortopediagorgo.com.ar\/index.php?rest_route=\/wp\/v2\/types\/product"}],"replies":[{"embeddable":true,"href":"https:\/\/ortopediagorgo.com.ar\/index.php?rest_route=%2Fwp%2Fv2%2Fcomments&post=2551"}],"version-history":[{"count":5,"href":"https:\/\/ortopediagorgo.com.ar\/index.php?rest_route=\/wp\/v2\/product\/2551\/revisions"}],"predecessor-version":[{"id":2560,"href":"https:\/\/ortopediagorgo.com.ar\/index.php?rest_route=\/wp\/v2\/product\/2551\/revisions\/2560"}],"wp:featuredmedia":[{"embeddable":true,"href":"https:\/\/ortopediagorgo.com.ar\/index.php?rest_route=\/wp\/v2\/media\/2542"}],"wp:attachment":[{"href":"https:\/\/ortopediagorgo.com.ar\/index.php?rest_route=%2Fwp%2Fv2%2Fmedia&parent=2551"}],"wp:term":[{"taxonomy":"product_brand","embeddable":true,"href":"https:\/\/ortopediagorgo.com.ar\/index.php?rest_route=%2Fwp%2Fv2%2Fproduct_brand&post=2551"},{"taxonomy":"product_cat","embeddable":true,"href":"https:\/\/ortopediagorgo.com.ar\/index.php?rest_route=%2Fwp%2Fv2%2Fproduct_cat&post=2551"},{"taxonomy":"product_tag","embeddable":true,"href":"https:\/\/ortopediagorgo.com.ar\/index.php?rest_route=%2Fwp%2Fv2%2Fproduct_tag&post=2551"}],"curies":[{"name":"wp","href":"https:\/\/api.w.org\/{rel}","templated":true}]}}