{"id":2587,"date":"2021-01-11T20:06:43","date_gmt":"2021-01-11T23:06:43","guid":{"rendered":"http:\/\/ortopediagorgo.com.ar\/?post_type=product&#038;p=2587"},"modified":"2021-01-14T15:26:57","modified_gmt":"2021-01-14T18:26:57","slug":"gasa-esteril","status":"publish","type":"product","link":"https:\/\/ortopediagorgo.com.ar\/?product=gasa-esteril","title":{"rendered":"GASA ESTERIL"},"content":{"rendered":"<ul>\n<li><span class=\"negrita\">PH Neutro<\/span>: no altera la composici\u00f3n de los medicamentos.<\/li>\n<li><span class=\"negrita\">Sin apresto<\/span>: El apresto puede producir irritaciones y favorece la proliferaci\u00f3n de bacterias.<\/li>\n<li><span class=\"negrita\">Sin blanqueador \u00f3ptico<\/span>: El color blanco no es sin\u00f3nimo de pureza; por el contrario el blanqueador \u00f3ptico puede ser t\u00f3xico.<\/li>\n<li><span class=\"negrita\">Trama cerrada<\/span>: Rendimiento \u00f3ptimo al tener m\u00e1s cantidad de hilos por cm2.<\/li>\n<li><span class=\"negrita\">M\u00e9todo de esterilizaci\u00f3n<\/span>: Vapor de agua. Unico m\u00e9todo indicado por el Ministerio de Salud, ANMAT (Administraci\u00f3n Nacional de Medicamentos, Alimentos y Tecnolog\u00eda M\u00e9dica)\u00a0y CLADES (Club de Esterilizaci\u00f3n).<\/li>\n<\/ul>\n","protected":false},"excerpt":{"rendered":"<p>Est\u00e1n especialmente indicadas para\u00a0<a title=\"Curaci\u00f3n de las quemaduras\" href=\"http:\/\/www.laboratoriosceade.com.ar\/publicaciones\/gasa_gut_curacion_quemaduras.pdf\" target=\"_blank\" rel=\"noopener noreferrer\">quemaduras<\/a>, flebitis,\u00a0<a title=\"Acceda a los art\u00edculos publicados sobre dermatitis\" href=\"http:\/\/www.laboratoriosceade.com.ar\/paginas\/gasa_publicaciones.html\">dermatitis<\/a>, eccemas, \u00falceras varicosas,\u00a0<a title=\"Informaci\u00f3n sobre escaras\" href=\"http:\/\/www.laboratoriosceade.com.ar\/publicaciones\/gasa_gut_curacion_escaras.pdf\" target=\"_blank\" rel=\"noopener noreferrer\">escaras<\/a>\u00a0y post-operatorios. Se indica para tratamientos dermatol\u00f3gicos prolongados.<\/p>\n","protected":false},"featured_media":2583,"comment_status":"open","ping_status":"closed","template":"","meta":{"_monsterinsights_skip_tracking":false,"_monsterinsights_sitenote_active":false,"_monsterinsights_sitenote_note":"","_monsterinsights_sitenote_category":0},"product_brand":[],"product_cat":[306],"product_tag":[172,273,168,169],"class_list":{"0":"post-2587","1":"product","2":"type-product","3":"status-publish","4":"has-post-thumbnail","6":"product_cat-curacion-gasas-vendas-heridas","7":"product_tag-curacion","8":"product_tag-gasa","9":"product_tag-heridas","10":"product_tag-ulceras","12":"first","13":"instock","14":"shipping-taxable","15":"product-type-simple"},"_links":{"self":[{"href":"https:\/\/ortopediagorgo.com.ar\/index.php?rest_route=\/wp\/v2\/product\/2587","targetHints":{"allow":["GET"]}}],"collection":[{"href":"https:\/\/ortopediagorgo.com.ar\/index.php?rest_route=\/wp\/v2\/product"}],"about":[{"href":"https:\/\/ortopediagorgo.com.ar\/index.php?rest_route=\/wp\/v2\/types\/product"}],"replies":[{"embeddable":true,"href":"https:\/\/ortopediagorgo.com.ar\/index.php?rest_route=%2Fwp%2Fv2%2Fcomments&post=2587"}],"version-history":[{"count":1,"href":"https:\/\/ortopediagorgo.com.ar\/index.php?rest_route=\/wp\/v2\/product\/2587\/revisions"}],"predecessor-version":[{"id":2588,"href":"https:\/\/ortopediagorgo.com.ar\/index.php?rest_route=\/wp\/v2\/product\/2587\/revisions\/2588"}],"wp:featuredmedia":[{"embeddable":true,"href":"https:\/\/ortopediagorgo.com.ar\/index.php?rest_route=\/wp\/v2\/media\/2583"}],"wp:attachment":[{"href":"https:\/\/ortopediagorgo.com.ar\/index.php?rest_route=%2Fwp%2Fv2%2Fmedia&parent=2587"}],"wp:term":[{"taxonomy":"product_brand","embeddable":true,"href":"https:\/\/ortopediagorgo.com.ar\/index.php?rest_route=%2Fwp%2Fv2%2Fproduct_brand&post=2587"},{"taxonomy":"product_cat","embeddable":true,"href":"https:\/\/ortopediagorgo.com.ar\/index.php?rest_route=%2Fwp%2Fv2%2Fproduct_cat&post=2587"},{"taxonomy":"product_tag","embeddable":true,"href":"https:\/\/ortopediagorgo.com.ar\/index.php?rest_route=%2Fwp%2Fv2%2Fproduct_tag&post=2587"}],"curies":[{"name":"wp","href":"https:\/\/api.w.org\/{rel}","templated":true}]}}