{"id":2589,"date":"2021-01-11T20:08:42","date_gmt":"2021-01-11T23:08:42","guid":{"rendered":"http:\/\/ortopediagorgo.com.ar\/?post_type=product&#038;p=2589"},"modified":"2026-04-10T10:42:47","modified_gmt":"2026-04-10T13:42:47","slug":"tela-hipoalergenica-micropore-3m","status":"publish","type":"product","link":"https:\/\/ortopediagorgo.com.ar\/?product=tela-hipoalergenica-micropore-3m","title":{"rendered":"TELA HIPOALERGENICA MICROPORE 3M"},"content":{"rendered":"<p>Cinta adhesiva hipoalerg\u00e9nica y libre de l\u00e1tex. Es suave con la piel y reduce la posibilidad de irritaci\u00f3n de la misma.<br \/>\nSu respaldo microporoso permite el funcionamiento normal de la piel. Permite que la humedad se evapore y el intercambio gaseoso de la piel.<br \/>\nEl adhesivo acr\u00edlico es sensible a la presi\u00f3n, es decir su nivel de adherencia aumenta en el tiempo.<br \/>\nEvita la maceraci\u00f3n y el compromiso de la integridad de la piel. No es oclusivo.<br \/>\nMantiene su adherencia a\u00fan en ambientes h\u00famedos y\/o aplicaciones prolongadas (&gt;72 horas).<br \/>\nBuena adaptabilidad a sitios anat\u00f3micos complejos.<br \/>\nBaja transferencia del adhesivo a la piel en el momento de su remoci\u00f3n, lo que hace m\u00e1s f\u00e1cil y r\u00e1pida la limpieza del paciente.<br \/>\nExcelente apariencia que mimetiza el color de la piel.<br \/>\nCinta quir\u00fargica microporosa de color blanco hipoalerg\u00e9nica.<\/p>\n","protected":false},"excerpt":{"rendered":"<p>Cinta adhesiva hipoalerg\u00e9nica y libre de l\u00e1tex. Es suave con la piel y reduce la posibilidad de irritaci\u00f3n de la misma. Su respaldo microporoso permite el funcionamiento normal de la piel. Permite que la humedad se evapore y el intercambio gaseoso de la piel. El adhesivo acr\u00edlico es sensible a la presi\u00f3n, es decir su &hellip;<\/p>\n<p class=\"read-more\"> <a class=\"\" href=\"https:\/\/ortopediagorgo.com.ar\/?product=tela-hipoalergenica-micropore-3m\"> <span class=\"screen-reader-text\">TELA HIPOALERGENICA MICROPORE 3M<\/span> Leer m\u00e1s &raquo;<\/a><\/p>\n","protected":false},"featured_media":2581,"comment_status":"open","ping_status":"closed","template":"","meta":{"_monsterinsights_skip_tracking":false,"_monsterinsights_sitenote_active":false,"_monsterinsights_sitenote_note":"","_monsterinsights_sitenote_category":0},"product_brand":[],"product_cat":[306],"product_tag":[276,172,168,275,176,274],"class_list":{"0":"post-2589","1":"product","2":"type-product","3":"status-publish","4":"has-post-thumbnail","6":"product_cat-curacion-gasas-vendas-heridas","7":"product_tag-3m","8":"product_tag-curacion","9":"product_tag-heridas","10":"product_tag-micropore","11":"product_tag-piel","12":"product_tag-tela-adhesiva","14":"first","15":"instock","16":"shipping-taxable","17":"product-type-simple"},"_links":{"self":[{"href":"https:\/\/ortopediagorgo.com.ar\/index.php?rest_route=\/wp\/v2\/product\/2589","targetHints":{"allow":["GET"]}}],"collection":[{"href":"https:\/\/ortopediagorgo.com.ar\/index.php?rest_route=\/wp\/v2\/product"}],"about":[{"href":"https:\/\/ortopediagorgo.com.ar\/index.php?rest_route=\/wp\/v2\/types\/product"}],"replies":[{"embeddable":true,"href":"https:\/\/ortopediagorgo.com.ar\/index.php?rest_route=%2Fwp%2Fv2%2Fcomments&post=2589"}],"version-history":[{"count":1,"href":"https:\/\/ortopediagorgo.com.ar\/index.php?rest_route=\/wp\/v2\/product\/2589\/revisions"}],"predecessor-version":[{"id":2590,"href":"https:\/\/ortopediagorgo.com.ar\/index.php?rest_route=\/wp\/v2\/product\/2589\/revisions\/2590"}],"wp:featuredmedia":[{"embeddable":true,"href":"https:\/\/ortopediagorgo.com.ar\/index.php?rest_route=\/wp\/v2\/media\/2581"}],"wp:attachment":[{"href":"https:\/\/ortopediagorgo.com.ar\/index.php?rest_route=%2Fwp%2Fv2%2Fmedia&parent=2589"}],"wp:term":[{"taxonomy":"product_brand","embeddable":true,"href":"https:\/\/ortopediagorgo.com.ar\/index.php?rest_route=%2Fwp%2Fv2%2Fproduct_brand&post=2589"},{"taxonomy":"product_cat","embeddable":true,"href":"https:\/\/ortopediagorgo.com.ar\/index.php?rest_route=%2Fwp%2Fv2%2Fproduct_cat&post=2589"},{"taxonomy":"product_tag","embeddable":true,"href":"https:\/\/ortopediagorgo.com.ar\/index.php?rest_route=%2Fwp%2Fv2%2Fproduct_tag&post=2589"}],"curies":[{"name":"wp","href":"https:\/\/api.w.org\/{rel}","templated":true}]}}