{"id":2591,"date":"2021-01-11T20:10:05","date_gmt":"2021-01-11T23:10:05","guid":{"rendered":"http:\/\/ortopediagorgo.com.ar\/?post_type=product&#038;p=2591"},"modified":"2021-01-14T15:26:34","modified_gmt":"2021-01-14T18:26:34","slug":"tela-hipoalergenica-transpore-3m","status":"publish","type":"product","link":"https:\/\/ortopediagorgo.com.ar\/?product=tela-hipoalergenica-transpore-3m","title":{"rendered":"TELA HIPOALERGENICA TRANSPORE 3M"},"content":{"rendered":"<p>*Cinta Quir\u00fargica perforada de polietileno, no oclusiva y adhesivo hipoalerg\u00e9nico de acrilato. es sensible a la presi\u00f3n y con adherencia inicial alta.<br \/>\n*La cinta es libre de l\u00e1tex y resistente al agua.<br \/>\n*Es una cinta altamente vers\u00e1til, lo que facilita su uso en muchos procedimientos cl\u00ednico.<br \/>\n*Cinta pl\u00e1stica microporosa indicada para la fijaci\u00f3n de tubos y ap\u00f3sitos livianos de corta duraci\u00f3n.<\/p>\n","protected":false},"excerpt":{"rendered":"<p>*Cinta Quir\u00fargica perforada de polietileno, no oclusiva y adhesivo hipoalerg\u00e9nico de acrilato. es sensible a la presi\u00f3n y con adherencia inicial alta. *La cinta es libre de l\u00e1tex y resistente al agua. *Es una cinta altamente vers\u00e1til, lo que facilita su uso en muchos procedimientos cl\u00ednico. *Cinta pl\u00e1stica microporosa indicada para la fijaci\u00f3n de tubos &hellip;<\/p>\n<p class=\"read-more\"> <a class=\"\" href=\"https:\/\/ortopediagorgo.com.ar\/?product=tela-hipoalergenica-transpore-3m\"> <span class=\"screen-reader-text\">TELA HIPOALERGENICA TRANSPORE 3M<\/span> Leer m\u00e1s &raquo;<\/a><\/p>\n","protected":false},"featured_media":2582,"comment_status":"open","ping_status":"closed","template":"","meta":{"_monsterinsights_skip_tracking":false,"_monsterinsights_sitenote_active":false,"_monsterinsights_sitenote_note":"","_monsterinsights_sitenote_category":0},"product_brand":[],"product_cat":[306],"product_tag":[276,172,168,278,277],"class_list":{"0":"post-2591","1":"product","2":"type-product","3":"status-publish","4":"has-post-thumbnail","6":"product_cat-curacion-gasas-vendas-heridas","7":"product_tag-3m","8":"product_tag-curacion","9":"product_tag-heridas","10":"product_tag-hipoalergenica","11":"product_tag-telaadhesiva","13":"first","14":"instock","15":"shipping-taxable","16":"product-type-simple"},"_links":{"self":[{"href":"https:\/\/ortopediagorgo.com.ar\/index.php?rest_route=\/wp\/v2\/product\/2591","targetHints":{"allow":["GET"]}}],"collection":[{"href":"https:\/\/ortopediagorgo.com.ar\/index.php?rest_route=\/wp\/v2\/product"}],"about":[{"href":"https:\/\/ortopediagorgo.com.ar\/index.php?rest_route=\/wp\/v2\/types\/product"}],"replies":[{"embeddable":true,"href":"https:\/\/ortopediagorgo.com.ar\/index.php?rest_route=%2Fwp%2Fv2%2Fcomments&post=2591"}],"version-history":[{"count":2,"href":"https:\/\/ortopediagorgo.com.ar\/index.php?rest_route=\/wp\/v2\/product\/2591\/revisions"}],"predecessor-version":[{"id":2593,"href":"https:\/\/ortopediagorgo.com.ar\/index.php?rest_route=\/wp\/v2\/product\/2591\/revisions\/2593"}],"wp:featuredmedia":[{"embeddable":true,"href":"https:\/\/ortopediagorgo.com.ar\/index.php?rest_route=\/wp\/v2\/media\/2582"}],"wp:attachment":[{"href":"https:\/\/ortopediagorgo.com.ar\/index.php?rest_route=%2Fwp%2Fv2%2Fmedia&parent=2591"}],"wp:term":[{"taxonomy":"product_brand","embeddable":true,"href":"https:\/\/ortopediagorgo.com.ar\/index.php?rest_route=%2Fwp%2Fv2%2Fproduct_brand&post=2591"},{"taxonomy":"product_cat","embeddable":true,"href":"https:\/\/ortopediagorgo.com.ar\/index.php?rest_route=%2Fwp%2Fv2%2Fproduct_cat&post=2591"},{"taxonomy":"product_tag","embeddable":true,"href":"https:\/\/ortopediagorgo.com.ar\/index.php?rest_route=%2Fwp%2Fv2%2Fproduct_tag&post=2591"}],"curies":[{"name":"wp","href":"https:\/\/api.w.org\/{rel}","templated":true}]}}