{"id":2594,"date":"2021-01-11T20:14:42","date_gmt":"2021-01-11T23:14:42","guid":{"rendered":"http:\/\/ortopediagorgo.com.ar\/?post_type=product&#038;p=2594"},"modified":"2021-01-14T15:22:35","modified_gmt":"2021-01-14T18:22:35","slug":"tela-hipoalergenica-durapore-3m","status":"publish","type":"product","link":"https:\/\/ortopediagorgo.com.ar\/?product=tela-hipoalergenica-durapore-3m","title":{"rendered":"TELA HIPOALERGENICA DURAPORE 3M"},"content":{"rendered":"<p>De alta resistencia para una mayor durabilidad<br \/>\nBuena adherencia en piel seca<br \/>\nAdaptable<br \/>\nHipoalerg\u00e9nico y sin l\u00e1tex para pacientes sensibilizados<br \/>\nPr\u00e1ctico rasgado bidireccional para una f\u00e1cil adaptaci\u00f3n<br \/>\nEspecificaciones<br \/>\nAfecci\u00f3n Fijaci\u00f3n de dispositivos y ap\u00f3sitos<\/p>\n","protected":false},"excerpt":{"rendered":"<p>De alta resistencia para una mayor durabilidad Buena adherencia en piel seca Adaptable Hipoalerg\u00e9nico y sin l\u00e1tex para pacientes sensibilizados Pr\u00e1ctico rasgado bidireccional para una f\u00e1cil adaptaci\u00f3n Especificaciones Afecci\u00f3n Fijaci\u00f3n de dispositivos y ap\u00f3sitos<\/p>\n","protected":false},"featured_media":2580,"comment_status":"open","ping_status":"closed","template":"","meta":{"_monsterinsights_skip_tracking":false,"_monsterinsights_sitenote_active":false,"_monsterinsights_sitenote_note":"","_monsterinsights_sitenote_category":0},"product_brand":[],"product_cat":[306],"product_tag":[276,172,168,277],"class_list":{"0":"post-2594","1":"product","2":"type-product","3":"status-publish","4":"has-post-thumbnail","6":"product_cat-curacion-gasas-vendas-heridas","7":"product_tag-3m","8":"product_tag-curacion","9":"product_tag-heridas","10":"product_tag-telaadhesiva","12":"first","13":"instock","14":"shipping-taxable","15":"product-type-simple"},"_links":{"self":[{"href":"https:\/\/ortopediagorgo.com.ar\/index.php?rest_route=\/wp\/v2\/product\/2594","targetHints":{"allow":["GET"]}}],"collection":[{"href":"https:\/\/ortopediagorgo.com.ar\/index.php?rest_route=\/wp\/v2\/product"}],"about":[{"href":"https:\/\/ortopediagorgo.com.ar\/index.php?rest_route=\/wp\/v2\/types\/product"}],"replies":[{"embeddable":true,"href":"https:\/\/ortopediagorgo.com.ar\/index.php?rest_route=%2Fwp%2Fv2%2Fcomments&post=2594"}],"version-history":[{"count":1,"href":"https:\/\/ortopediagorgo.com.ar\/index.php?rest_route=\/wp\/v2\/product\/2594\/revisions"}],"predecessor-version":[{"id":2595,"href":"https:\/\/ortopediagorgo.com.ar\/index.php?rest_route=\/wp\/v2\/product\/2594\/revisions\/2595"}],"wp:featuredmedia":[{"embeddable":true,"href":"https:\/\/ortopediagorgo.com.ar\/index.php?rest_route=\/wp\/v2\/media\/2580"}],"wp:attachment":[{"href":"https:\/\/ortopediagorgo.com.ar\/index.php?rest_route=%2Fwp%2Fv2%2Fmedia&parent=2594"}],"wp:term":[{"taxonomy":"product_brand","embeddable":true,"href":"https:\/\/ortopediagorgo.com.ar\/index.php?rest_route=%2Fwp%2Fv2%2Fproduct_brand&post=2594"},{"taxonomy":"product_cat","embeddable":true,"href":"https:\/\/ortopediagorgo.com.ar\/index.php?rest_route=%2Fwp%2Fv2%2Fproduct_cat&post=2594"},{"taxonomy":"product_tag","embeddable":true,"href":"https:\/\/ortopediagorgo.com.ar\/index.php?rest_route=%2Fwp%2Fv2%2Fproduct_tag&post=2594"}],"curies":[{"name":"wp","href":"https:\/\/api.w.org\/{rel}","templated":true}]}}