{"id":2692,"date":"2021-01-12T16:40:23","date_gmt":"2021-01-12T19:40:23","guid":{"rendered":"http:\/\/ortopediagorgo.com.ar\/?post_type=product&#038;p=2692"},"modified":"2026-04-27T21:47:42","modified_gmt":"2026-04-28T00:47:42","slug":"silla-de-rueda-de-transporte-otto-bock","status":"publish","type":"product","link":"https:\/\/ortopediagorgo.com.ar\/?product=silla-de-rueda-de-transporte-otto-bock","title":{"rendered":"Silla de ruedas de trasporte OTTO BOCK"},"content":{"rendered":"<p>Construida en Acero. Cruceta reforzada. Robusta y duradera para el uso diario.<br \/>\nSOPORTA 100 Kg<br \/>\nPintura epoxy color gris mate. Duradera y resistente.<br \/>\nApoyabrazos tipo escritorio para c\u00f3moda proximidad a mesa. Rebatibles para c\u00f3moda transferencia de usuario.<br \/>\nApoyapies de extensi\u00f3n regulable para medida \u00f3ptima. Rebatibles y extra\u00edbles permiten c\u00f3modo acceso.<br \/>\nAsiento de alta resistencia, de tela ign\u00edfuga con velcro para fijar el coj\u00edn de posicionamiento y bolsillo en la parte posterior del respaldo.<br \/>\nRuedas traseras de 30 cm de PU semineum\u00e1ticas con dibujo para una mejor tracci\u00f3n. Suavidad de marcha sin necesidad de inflado ni peligro de pinchaduras.<br \/>\nRuedas delanteras de 20 cm de PU semineum\u00e1ticas. Suavidad de marcha sin necesidad de inflado ni peligro de pinchaduras.<\/p>\n<p>MEDIDAS DISPONIBLES<\/p>\n<p>&#8212; Asiento de 38 cm \u2013 Ancho total de silla 57,5 cm.<br \/>\n\u2013 Asiento de 40,5 cm \u2013 Ancho total de silla 60 cm.<br \/>\n\u2013 Asiento de 43 cm \u2013 Ancho total de silla 62,5 cm.<br \/>\n\u2013 Asiento de 45,5 cm \u2013 Ancho total de silla 65 cm.<\/p>\n","protected":false},"excerpt":{"rendered":"<p>Construida en Acero. Cruceta reforzada. Robusta y duradera para el uso diario.<\/p>\n","protected":false},"featured_media":4021,"comment_status":"open","ping_status":"closed","template":"","meta":{"_monsterinsights_skip_tracking":false,"_monsterinsights_sitenote_active":false,"_monsterinsights_sitenote_note":"","_monsterinsights_sitenote_category":0},"product_brand":[],"product_cat":[279],"product_tag":[282,281,280],"class_list":{"0":"post-2692","1":"product","2":"type-product","3":"status-publish","4":"has-post-thumbnail","6":"product_cat-sillas-de-ruedas","7":"product_tag-acero","8":"product_tag-discapacidad","9":"product_tag-silladeruedas","11":"first","12":"instock","13":"shipping-taxable","14":"product-type-simple"},"_links":{"self":[{"href":"https:\/\/ortopediagorgo.com.ar\/index.php?rest_route=\/wp\/v2\/product\/2692","targetHints":{"allow":["GET"]}}],"collection":[{"href":"https:\/\/ortopediagorgo.com.ar\/index.php?rest_route=\/wp\/v2\/product"}],"about":[{"href":"https:\/\/ortopediagorgo.com.ar\/index.php?rest_route=\/wp\/v2\/types\/product"}],"replies":[{"embeddable":true,"href":"https:\/\/ortopediagorgo.com.ar\/index.php?rest_route=%2Fwp%2Fv2%2Fcomments&post=2692"}],"version-history":[{"count":4,"href":"https:\/\/ortopediagorgo.com.ar\/index.php?rest_route=\/wp\/v2\/product\/2692\/revisions"}],"predecessor-version":[{"id":3197,"href":"https:\/\/ortopediagorgo.com.ar\/index.php?rest_route=\/wp\/v2\/product\/2692\/revisions\/3197"}],"wp:featuredmedia":[{"embeddable":true,"href":"https:\/\/ortopediagorgo.com.ar\/index.php?rest_route=\/wp\/v2\/media\/4021"}],"wp:attachment":[{"href":"https:\/\/ortopediagorgo.com.ar\/index.php?rest_route=%2Fwp%2Fv2%2Fmedia&parent=2692"}],"wp:term":[{"taxonomy":"product_brand","embeddable":true,"href":"https:\/\/ortopediagorgo.com.ar\/index.php?rest_route=%2Fwp%2Fv2%2Fproduct_brand&post=2692"},{"taxonomy":"product_cat","embeddable":true,"href":"https:\/\/ortopediagorgo.com.ar\/index.php?rest_route=%2Fwp%2Fv2%2Fproduct_cat&post=2692"},{"taxonomy":"product_tag","embeddable":true,"href":"https:\/\/ortopediagorgo.com.ar\/index.php?rest_route=%2Fwp%2Fv2%2Fproduct_tag&post=2692"}],"curies":[{"name":"wp","href":"https:\/\/api.w.org\/{rel}","templated":true}]}}