{"id":2731,"date":"2021-01-12T19:18:10","date_gmt":"2021-01-12T22:18:10","guid":{"rendered":"http:\/\/ortopediagorgo.com.ar\/?post_type=product&#038;p=2731"},"modified":"2021-01-12T19:18:10","modified_gmt":"2021-01-12T22:18:10","slug":"otoscopio-led-welch-allyn-2-5v-fibra-optica-pocket-led","status":"publish","type":"product","link":"https:\/\/ortopediagorgo.com.ar\/?product=otoscopio-led-welch-allyn-2-5v-fibra-optica-pocket-led","title":{"rendered":"Otoscopio Led Welch Allyn 2.5v Fibra Optica Pocket Led"},"content":{"rendered":"<p>CARACTER\u00cdSTICAS:<\/p>\n<p>-El otoscopio Pocket Junior de Welch Allyn es una herramienta de diagn\u00f3stico valiosa en cualquier consultorio.<br \/>\nConstruido con la misma tecnolog\u00eda que el resto de productos de alta calidad de Welch Allyn, proporciona la iluminaci\u00f3n necesaria para ayudarle a hacer diagn\u00f3sticos efectivos.<br \/>\nY con su atractivo dise\u00f1o y su pr\u00e1ctico tama\u00f1o, se convertir\u00e1 r\u00e1pidamente en una parte importante de su consulta<\/p>\n<p>-Otoscopio de bolsillo a fibra \u00f3ptica<\/p>\n<p>&#8211; Compacto y de luz intensa<\/p>\n<p>&#8211; El otoscopio de bolsillo m\u00e1s duradero del mercado actual.<\/p>\n<p>&#8211; L\u00e1mpara LED de 3 l\u00famenes de salida, con tecnolog\u00eda patentada SURE COLOR de Welch Ally<br \/>\nLas l\u00e1mparas LED de Welch Allyn tienen una vida \u00fatil nominal de hasta 20.000 horas de uso<br \/>\nPermiten visualizar el color real del tejido del canal auditivo, con claridad y definici\u00f3n<br \/>\nNo requiere reemplazo del bombillo<\/p>\n<p>ESPECIFICACIONES T\u00c9CNICAS:<\/p>\n<p>&#8211; Mango de material pl\u00e1stico resistente y a prueba de golpes, con clip de sujeci\u00f3n tipo lapicera, con tecla integrada de encendido\/apagado. Garant\u00eda de 20.000 ciclos interruptores<br \/>\n&#8211; Mango y cabezal en dos piezas<br \/>\n&#8211; Iluminaci\u00f3n distal por fibra \u00f3ptica<br \/>\n&#8211; Lupa integrada pivotante de 2.5x<br \/>\n&#8211; Luz distal fr\u00eda, sin reflejos<br \/>\n&#8211; Canal libre para realizar procedimientos, sin obstrucciones<br \/>\n&#8211; Puerto de conexi\u00f3n para pera insufladora para otoscop\u00edas neum\u00e1ticas para la comprobaci\u00f3n del t\u00edmpano (No incluida)<br \/>\n&#8211; Funcionamiento mediante 2 (dos) pilas alcalinas tama\u00f1o AA. (No incluidas)<br \/>\n&#8211; Provisto con 4 (cuatro) esp\u00e9culos reusables de polipropileno de 2 \u2013 3 \u2013 4 y 5 mm de di\u00e1metro distal.<\/p>\n<p>Marca WELCH ALLYN. Imp. USA. Origen USA. C\u00f3digo 22870.<\/p>\n","protected":false},"excerpt":{"rendered":"<p>Otoscopio Welch Allyn Pocket LED a Fibra Optica<br \/>\nOtoscopio de bolsillo<\/p>\n","protected":false},"featured_media":2736,"comment_status":"open","ping_status":"closed","template":"","meta":{"_monsterinsights_skip_tracking":false,"_monsterinsights_sitenote_active":false,"_monsterinsights_sitenote_note":"","_monsterinsights_sitenote_category":0},"product_brand":[],"product_cat":[294],"product_tag":[296,295,297,57,298],"class_list":{"0":"post-2731","1":"product","2":"type-product","3":"status-publish","4":"has-post-thumbnail","6":"product_cat-otoscopio-salud","7":"product_tag-medicos","8":"product_tag-otoscopio","9":"product_tag-profecional","10":"product_tag-salud","11":"product_tag-welchallyn","13":"first","14":"instock","15":"shipping-taxable","16":"product-type-simple"},"_links":{"self":[{"href":"https:\/\/ortopediagorgo.com.ar\/index.php?rest_route=\/wp\/v2\/product\/2731","targetHints":{"allow":["GET"]}}],"collection":[{"href":"https:\/\/ortopediagorgo.com.ar\/index.php?rest_route=\/wp\/v2\/product"}],"about":[{"href":"https:\/\/ortopediagorgo.com.ar\/index.php?rest_route=\/wp\/v2\/types\/product"}],"replies":[{"embeddable":true,"href":"https:\/\/ortopediagorgo.com.ar\/index.php?rest_route=%2Fwp%2Fv2%2Fcomments&post=2731"}],"version-history":[{"count":1,"href":"https:\/\/ortopediagorgo.com.ar\/index.php?rest_route=\/wp\/v2\/product\/2731\/revisions"}],"predecessor-version":[{"id":2737,"href":"https:\/\/ortopediagorgo.com.ar\/index.php?rest_route=\/wp\/v2\/product\/2731\/revisions\/2737"}],"wp:featuredmedia":[{"embeddable":true,"href":"https:\/\/ortopediagorgo.com.ar\/index.php?rest_route=\/wp\/v2\/media\/2736"}],"wp:attachment":[{"href":"https:\/\/ortopediagorgo.com.ar\/index.php?rest_route=%2Fwp%2Fv2%2Fmedia&parent=2731"}],"wp:term":[{"taxonomy":"product_brand","embeddable":true,"href":"https:\/\/ortopediagorgo.com.ar\/index.php?rest_route=%2Fwp%2Fv2%2Fproduct_brand&post=2731"},{"taxonomy":"product_cat","embeddable":true,"href":"https:\/\/ortopediagorgo.com.ar\/index.php?rest_route=%2Fwp%2Fv2%2Fproduct_cat&post=2731"},{"taxonomy":"product_tag","embeddable":true,"href":"https:\/\/ortopediagorgo.com.ar\/index.php?rest_route=%2Fwp%2Fv2%2Fproduct_tag&post=2731"}],"curies":[{"name":"wp","href":"https:\/\/api.w.org\/{rel}","templated":true}]}}