{"id":2770,"date":"2021-01-12T19:51:41","date_gmt":"2021-01-12T22:51:41","guid":{"rendered":"http:\/\/ortopediagorgo.com.ar\/?post_type=product&#038;p=2770"},"modified":"2021-01-12T19:51:41","modified_gmt":"2021-01-12T22:51:41","slug":"estetoscopio-tipo-rapparport","status":"publish","type":"product","link":"https:\/\/ortopediagorgo.com.ar\/?product=estetoscopio-tipo-rapparport","title":{"rendered":"Estetoscopio Tipo Rapparport"},"content":{"rendered":"<p>ESTETOSCOPIO RAPPAPORT DOBLE CAMPANA DOBLE TUBULADURA | CORONET HS-30C4<\/p>\n<p>SELECCIONAR COLOR | VALANTO STORE<\/p>\n<p>USO ADULTO, NEONATAL Y PEDIATRICO<br \/>\nGARANTIA 1 A\u00d1O<\/p>\n<p>MODOS (5 en 1):<br \/>\n1. DIAFRAGMA ADULTOS<br \/>\n2. DIAFRAGMA PEDIATRICO &#8211; NEONATAL<br \/>\n3. CAMPANA ADULTO<br \/>\n4. CAMANA PEDIATRICA<br \/>\n5. CAMPANA NEONATAL<\/p>\n<p>Pieza giratoria con diafragma adulto y pedi\u00e1trico-neonatal.<br \/>\nBinaurales cromados con olivas blandas de 3 medidas intercambiables<br \/>\nDoble tubo con paredes gruesas de goma con clip met\u00e1lico<br \/>\nEstuche pl\u00e1stico para accesorios<br \/>\nManual en castellano<br \/>\nAprobado por ANMAT PM 236-83<\/p>\n<p>COLORES:, azul, beige, naranja, negro, rojo, rosa, verde y violeta.<\/p>\n","protected":false},"excerpt":{"rendered":"<p>Campana de 45.5 mm de di\u00e1metro. Doble tubo de PVC. Campana aleaci\u00f3n de zinc y doble anillo antifr\u00edo.<\/p>\n","protected":false},"featured_media":2763,"comment_status":"open","ping_status":"closed","template":"","meta":{"_monsterinsights_skip_tracking":false,"_monsterinsights_sitenote_active":false,"_monsterinsights_sitenote_note":"","_monsterinsights_sitenote_category":0},"product_brand":[],"product_cat":[300],"product_tag":[299,296,57],"class_list":{"0":"post-2770","1":"product","2":"type-product","3":"status-publish","4":"has-post-thumbnail","6":"product_cat-estetoscopio-salud-medico-esteto","7":"product_tag-estetoscopio","8":"product_tag-medicos","9":"product_tag-salud","11":"first","12":"instock","13":"shipping-taxable","14":"product-type-simple"},"_links":{"self":[{"href":"https:\/\/ortopediagorgo.com.ar\/index.php?rest_route=\/wp\/v2\/product\/2770","targetHints":{"allow":["GET"]}}],"collection":[{"href":"https:\/\/ortopediagorgo.com.ar\/index.php?rest_route=\/wp\/v2\/product"}],"about":[{"href":"https:\/\/ortopediagorgo.com.ar\/index.php?rest_route=\/wp\/v2\/types\/product"}],"replies":[{"embeddable":true,"href":"https:\/\/ortopediagorgo.com.ar\/index.php?rest_route=%2Fwp%2Fv2%2Fcomments&post=2770"}],"version-history":[{"count":1,"href":"https:\/\/ortopediagorgo.com.ar\/index.php?rest_route=\/wp\/v2\/product\/2770\/revisions"}],"predecessor-version":[{"id":2771,"href":"https:\/\/ortopediagorgo.com.ar\/index.php?rest_route=\/wp\/v2\/product\/2770\/revisions\/2771"}],"wp:featuredmedia":[{"embeddable":true,"href":"https:\/\/ortopediagorgo.com.ar\/index.php?rest_route=\/wp\/v2\/media\/2763"}],"wp:attachment":[{"href":"https:\/\/ortopediagorgo.com.ar\/index.php?rest_route=%2Fwp%2Fv2%2Fmedia&parent=2770"}],"wp:term":[{"taxonomy":"product_brand","embeddable":true,"href":"https:\/\/ortopediagorgo.com.ar\/index.php?rest_route=%2Fwp%2Fv2%2Fproduct_brand&post=2770"},{"taxonomy":"product_cat","embeddable":true,"href":"https:\/\/ortopediagorgo.com.ar\/index.php?rest_route=%2Fwp%2Fv2%2Fproduct_cat&post=2770"},{"taxonomy":"product_tag","embeddable":true,"href":"https:\/\/ortopediagorgo.com.ar\/index.php?rest_route=%2Fwp%2Fv2%2Fproduct_tag&post=2770"}],"curies":[{"name":"wp","href":"https:\/\/api.w.org\/{rel}","templated":true}]}}