{"id":2777,"date":"2021-01-12T20:00:56","date_gmt":"2021-01-12T23:00:56","guid":{"rendered":"http:\/\/ortopediagorgo.com.ar\/?post_type=product&#038;p=2777"},"modified":"2021-01-12T20:20:39","modified_gmt":"2021-01-12T23:20:39","slug":"tensiometro-aneroide-superior-con-estetoscopio","status":"publish","type":"product","link":"https:\/\/ortopediagorgo.com.ar\/?product=tensiometro-aneroide-superior-con-estetoscopio","title":{"rendered":"Tensi\u00f3metro Aneroide Superior con Estetoscopio"},"content":{"rendered":"<p>Tensi\u00f3metro aneroide con estetoscopio Coronet: fabricado con materiales de primer nivel y avalado por la experiencia y calidad de la marca Coronet, este es un pr\u00e1ctico set para el control y medici\u00f3n de la presi\u00f3n arterial.<\/p>\n<p>Indicado tanto para su uso profesional como para uso dom\u00e9stico\/familiar.<br \/>\nInstrumental aprobado y autorizado por anmat (pm 236-73 y pm 236-83)<\/p>\n<p>Garant\u00eda de f\u00e1brica: 1 a\u00f1o<\/p>\n<p>Especificaciones:<br \/>\n-L\u00ednea profesional adultos<br \/>\n-Zonas de aplicaci\u00f3n: brazo<br \/>\n-Circunferencia m\u00ednima del brazalete: 22 cm<br \/>\n-Circunferencia m\u00e1xima del brazalete: 32 cm<br \/>\n-Escala hasta 300 mmhg<\/p>\n<p>\u00bfQu\u00e9 incluye?<br \/>\n-Man\u00f3metro reloj 65mm. Grande. F\u00e1cil lectura.<br \/>\n-Estetoscopio campana plana anonizada en aluminio con tubo de pvc.<br \/>\n-Manga brazalete de nylon con anillo. C\u00e1mara de 2 tubos de l\u00e1tex.<br \/>\n-Robinete con v\u00e1lvula de salida.<br \/>\n-Pera de goma.<br \/>\n-Estuche nylon tama\u00f1o grande. F\u00e1cil guardado y transporte.<br \/>\n-Manual de instrucciones.<br \/>\n-Tabla de registros.<\/p>\n","protected":false},"excerpt":{"rendered":"<p>Man\u00f3metro de 65 mm de di\u00e1metro con robinete con bot\u00f3n de salida de aire. Manga de nylon con anillo. Pera de l\u00e1tex y c\u00e1mara. Estuche extra grande y estetoscopio simple.<\/p>\n","protected":false},"featured_media":2751,"comment_status":"open","ping_status":"closed","template":"","meta":{"_monsterinsights_skip_tracking":false,"_monsterinsights_sitenote_active":false,"_monsterinsights_sitenote_note":"","_monsterinsights_sitenote_category":0},"product_brand":[],"product_cat":[39],"product_tag":[252,299,296,304,57],"class_list":{"0":"post-2777","1":"product","2":"type-product","3":"status-publish","4":"has-post-thumbnail","6":"product_cat-tensiometro-digital-automatico-aneroide","7":"product_tag-cuidados","8":"product_tag-estetoscopio","9":"product_tag-medicos","10":"product_tag-profesional","11":"product_tag-salud","13":"first","14":"instock","15":"shipping-taxable","16":"product-type-simple"},"_links":{"self":[{"href":"https:\/\/ortopediagorgo.com.ar\/index.php?rest_route=\/wp\/v2\/product\/2777","targetHints":{"allow":["GET"]}}],"collection":[{"href":"https:\/\/ortopediagorgo.com.ar\/index.php?rest_route=\/wp\/v2\/product"}],"about":[{"href":"https:\/\/ortopediagorgo.com.ar\/index.php?rest_route=\/wp\/v2\/types\/product"}],"replies":[{"embeddable":true,"href":"https:\/\/ortopediagorgo.com.ar\/index.php?rest_route=%2Fwp%2Fv2%2Fcomments&post=2777"}],"version-history":[{"count":1,"href":"https:\/\/ortopediagorgo.com.ar\/index.php?rest_route=\/wp\/v2\/product\/2777\/revisions"}],"predecessor-version":[{"id":2778,"href":"https:\/\/ortopediagorgo.com.ar\/index.php?rest_route=\/wp\/v2\/product\/2777\/revisions\/2778"}],"wp:featuredmedia":[{"embeddable":true,"href":"https:\/\/ortopediagorgo.com.ar\/index.php?rest_route=\/wp\/v2\/media\/2751"}],"wp:attachment":[{"href":"https:\/\/ortopediagorgo.com.ar\/index.php?rest_route=%2Fwp%2Fv2%2Fmedia&parent=2777"}],"wp:term":[{"taxonomy":"product_brand","embeddable":true,"href":"https:\/\/ortopediagorgo.com.ar\/index.php?rest_route=%2Fwp%2Fv2%2Fproduct_brand&post=2777"},{"taxonomy":"product_cat","embeddable":true,"href":"https:\/\/ortopediagorgo.com.ar\/index.php?rest_route=%2Fwp%2Fv2%2Fproduct_cat&post=2777"},{"taxonomy":"product_tag","embeddable":true,"href":"https:\/\/ortopediagorgo.com.ar\/index.php?rest_route=%2Fwp%2Fv2%2Fproduct_tag&post=2777"}],"curies":[{"name":"wp","href":"https:\/\/api.w.org\/{rel}","templated":true}]}}