{"id":2792,"date":"2021-01-14T15:32:11","date_gmt":"2021-01-14T18:32:11","guid":{"rendered":"http:\/\/ortopediagorgo.com.ar\/?post_type=product&#038;p=2792"},"modified":"2021-01-14T15:32:11","modified_gmt":"2021-01-14T18:32:11","slug":"faja-ballenada-lumbar-resistente-20-cm","status":"publish","type":"product","link":"https:\/\/ortopediagorgo.com.ar\/?product=faja-ballenada-lumbar-resistente-20-cm","title":{"rendered":"FAJA BALLENADA LUMBAR RESISTENTE &#8211; 20 CM"},"content":{"rendered":"<p>-Confeccionada en el\u00e1stico resistente: nivel de contenci\u00f3n III: poli\u00e9ster 52% \u2013 goma 29% \u2013 nylon 19%.<br \/>\n-Incluye 5 varillas posteriores y 2 laterales.<br \/>\n-Ajuste perfecto. Cierre regulable en abrojo<br \/>\n-Posee una sobrebanda de contenci\u00f3n lumbar.<\/p>\n<p>\u00bfQu\u00e9 usos se le da?<\/p>\n<p>-Estabilizador de la regi\u00f3n lumbar.<br \/>\n-Ideal para lumbalgias, hernias, artrosis, malestares posturales, contracturas, lesiones musculares y post operatorio.<br \/>\n-Acompa\u00f1a tus actividades diarias, para per\u00edodos de recuperaci\u00f3n y rehabilitaci\u00f3n.<\/p>\n<p><strong>\u00bfQU\u00c9 MEDIDAS TIENE?<\/strong><\/p>\n<p><span class=\"comment\">Seg\u00fan la circunferencia de la cintura.<br \/>\n_Talle 1: circunferencia de cintura desde 66 cm hasta 82 cm.<br \/>\n_Talle 2: circunferencia de cintura desde 80 cm hasta 100 cm.<br \/>\n_Talle 3: circunferencia de cintura desde 95 cm hasta 115 cm.<br \/>\n_Talle 4: circunferencia de cintura desde 100 cm hasta 130 cm.<br \/>\nAltura de 20 cm.<\/span><\/p>\n","protected":false},"excerpt":{"rendered":"<p><span class=\"comment\">Talles: 1-2-3-4<br \/>\nAltura de 20 cm.<\/span><\/p>\n","protected":false},"featured_media":2794,"comment_status":"open","ping_status":"closed","template":"","meta":{"_monsterinsights_skip_tracking":false,"_monsterinsights_sitenote_active":false,"_monsterinsights_sitenote_note":"","_monsterinsights_sitenote_category":0},"product_brand":[],"product_cat":[115],"product_tag":[],"class_list":{"0":"post-2792","1":"product","2":"type-product","3":"status-publish","4":"has-post-thumbnail","6":"product_cat-espalda-cuello-hombros","8":"first","9":"instock","10":"shipping-taxable","11":"product-type-simple"},"_links":{"self":[{"href":"https:\/\/ortopediagorgo.com.ar\/index.php?rest_route=\/wp\/v2\/product\/2792","targetHints":{"allow":["GET"]}}],"collection":[{"href":"https:\/\/ortopediagorgo.com.ar\/index.php?rest_route=\/wp\/v2\/product"}],"about":[{"href":"https:\/\/ortopediagorgo.com.ar\/index.php?rest_route=\/wp\/v2\/types\/product"}],"replies":[{"embeddable":true,"href":"https:\/\/ortopediagorgo.com.ar\/index.php?rest_route=%2Fwp%2Fv2%2Fcomments&post=2792"}],"version-history":[{"count":1,"href":"https:\/\/ortopediagorgo.com.ar\/index.php?rest_route=\/wp\/v2\/product\/2792\/revisions"}],"predecessor-version":[{"id":2795,"href":"https:\/\/ortopediagorgo.com.ar\/index.php?rest_route=\/wp\/v2\/product\/2792\/revisions\/2795"}],"wp:featuredmedia":[{"embeddable":true,"href":"https:\/\/ortopediagorgo.com.ar\/index.php?rest_route=\/wp\/v2\/media\/2794"}],"wp:attachment":[{"href":"https:\/\/ortopediagorgo.com.ar\/index.php?rest_route=%2Fwp%2Fv2%2Fmedia&parent=2792"}],"wp:term":[{"taxonomy":"product_brand","embeddable":true,"href":"https:\/\/ortopediagorgo.com.ar\/index.php?rest_route=%2Fwp%2Fv2%2Fproduct_brand&post=2792"},{"taxonomy":"product_cat","embeddable":true,"href":"https:\/\/ortopediagorgo.com.ar\/index.php?rest_route=%2Fwp%2Fv2%2Fproduct_cat&post=2792"},{"taxonomy":"product_tag","embeddable":true,"href":"https:\/\/ortopediagorgo.com.ar\/index.php?rest_route=%2Fwp%2Fv2%2Fproduct_tag&post=2792"}],"curies":[{"name":"wp","href":"https:\/\/api.w.org\/{rel}","templated":true}]}}