{"id":2813,"date":"2021-01-14T16:04:27","date_gmt":"2021-01-14T19:04:27","guid":{"rendered":"http:\/\/ortopediagorgo.com.ar\/?post_type=product&#038;p=2813"},"modified":"2021-01-14T16:04:27","modified_gmt":"2021-01-14T19:04:27","slug":"inmovilizador-de-dedo-pulgar","status":"publish","type":"product","link":"https:\/\/ortopediagorgo.com.ar\/?product=inmovilizador-de-dedo-pulgar","title":{"rendered":"INMOVILIZADOR DE DEDO PULGAR"},"content":{"rendered":"<p>-F\u00e9rula inmovilizadora de dedos confeccionada en tela de velour acolchado.<br \/>\n-Incluye una varilla met\u00e1lica maleable seg\u00fan la necesidad de recuperaci\u00f3n.<br \/>\n-Cierre regulable en abrojo.<br \/>\n-Adaptable a ambas manos.<\/p>\n<p>\u00bfQu\u00e9 usos se le da?<\/p>\n<p>-Inmovilizador de dedos. Ofrece liberaci\u00f3n al resto de la mano.<br \/>\n-Ideal para la recuperaci\u00f3n de esguinces, torceduras, traumatismos, tendinitis y lesiones.<br \/>\n-Uso en el d\u00eda a d\u00eda.<\/p>\n","protected":false},"excerpt":{"rendered":"<p>-F\u00e9rula inmovilizadora de dedos confeccionada en tela de velour acolchado. -Incluye una varilla met\u00e1lica maleable seg\u00fan la necesidad de recuperaci\u00f3n. -Cierre regulable en abrojo. -Adaptable a ambas manos. \u00bfQu\u00e9 usos se le da? -Inmovilizador de dedos. Ofrece liberaci\u00f3n al resto de la mano. -Ideal para la recuperaci\u00f3n de esguinces, torceduras, traumatismos, tendinitis y lesiones. -Uso &hellip;<\/p>\n<p class=\"read-more\"> <a class=\"\" href=\"https:\/\/ortopediagorgo.com.ar\/?product=inmovilizador-de-dedo-pulgar\"> <span class=\"screen-reader-text\">INMOVILIZADOR DE DEDO PULGAR<\/span> Leer m\u00e1s &raquo;<\/a><\/p>\n","protected":false},"featured_media":2815,"comment_status":"open","ping_status":"closed","template":"","meta":{"_monsterinsights_skip_tracking":false,"_monsterinsights_sitenote_active":false,"_monsterinsights_sitenote_note":"","_monsterinsights_sitenote_category":0},"product_brand":[],"product_cat":[107],"product_tag":[],"class_list":{"0":"post-2813","1":"product","2":"type-product","3":"status-publish","4":"has-post-thumbnail","6":"product_cat-brazo-codo-muneca-miembre-superio","8":"first","9":"instock","10":"shipping-taxable","11":"product-type-simple"},"_links":{"self":[{"href":"https:\/\/ortopediagorgo.com.ar\/index.php?rest_route=\/wp\/v2\/product\/2813","targetHints":{"allow":["GET"]}}],"collection":[{"href":"https:\/\/ortopediagorgo.com.ar\/index.php?rest_route=\/wp\/v2\/product"}],"about":[{"href":"https:\/\/ortopediagorgo.com.ar\/index.php?rest_route=\/wp\/v2\/types\/product"}],"replies":[{"embeddable":true,"href":"https:\/\/ortopediagorgo.com.ar\/index.php?rest_route=%2Fwp%2Fv2%2Fcomments&post=2813"}],"version-history":[{"count":1,"href":"https:\/\/ortopediagorgo.com.ar\/index.php?rest_route=\/wp\/v2\/product\/2813\/revisions"}],"predecessor-version":[{"id":2816,"href":"https:\/\/ortopediagorgo.com.ar\/index.php?rest_route=\/wp\/v2\/product\/2813\/revisions\/2816"}],"wp:featuredmedia":[{"embeddable":true,"href":"https:\/\/ortopediagorgo.com.ar\/index.php?rest_route=\/wp\/v2\/media\/2815"}],"wp:attachment":[{"href":"https:\/\/ortopediagorgo.com.ar\/index.php?rest_route=%2Fwp%2Fv2%2Fmedia&parent=2813"}],"wp:term":[{"taxonomy":"product_brand","embeddable":true,"href":"https:\/\/ortopediagorgo.com.ar\/index.php?rest_route=%2Fwp%2Fv2%2Fproduct_brand&post=2813"},{"taxonomy":"product_cat","embeddable":true,"href":"https:\/\/ortopediagorgo.com.ar\/index.php?rest_route=%2Fwp%2Fv2%2Fproduct_cat&post=2813"},{"taxonomy":"product_tag","embeddable":true,"href":"https:\/\/ortopediagorgo.com.ar\/index.php?rest_route=%2Fwp%2Fv2%2Fproduct_tag&post=2813"}],"curies":[{"name":"wp","href":"https:\/\/api.w.org\/{rel}","templated":true}]}}