{"id":2817,"date":"2021-01-14T16:05:37","date_gmt":"2021-01-14T19:05:37","guid":{"rendered":"http:\/\/ortopediagorgo.com.ar\/?post_type=product&#038;p=2817"},"modified":"2021-01-14T16:07:55","modified_gmt":"2021-01-14T19:07:55","slug":"abductor-de-dedo-pulgar-couk-up","status":"publish","type":"product","link":"https:\/\/ortopediagorgo.com.ar\/?product=abductor-de-dedo-pulgar-couk-up","title":{"rendered":"ABDUCTOR DE DEDO PULGAR \u2013 COUK-UP"},"content":{"rendered":"<p>-Confeccionado en neopreno de 4 mil\u00edmetros de espesor.<br \/>\n-Incluye dos varillas r\u00edgidas de aluminio.<br \/>\n-Cierre en abrojo. Adaptable a ambas manos con solo intercambiar la varilla curva de bolsillo.<\/p>\n<p>\u00bfQu\u00e9 usos se le da?<\/p>\n<p>-Su dise\u00f1o abduce el pulgar, restringiendo su movilidad.<br \/>\n-Recuperaci\u00f3n y rehabilitaci\u00f3n de lesiones metacarpianas y carpianas.<\/p>\n","protected":false},"excerpt":{"rendered":"<p>-Confeccionado en neopreno de 4 mil\u00edmetros de espesor. -Incluye dos varillas r\u00edgidas de aluminio. -Cierre en abrojo. Adaptable a ambas manos con solo intercambiar la varilla curva de bolsillo. \u00bfQu\u00e9 usos se le da? -Su dise\u00f1o abduce el pulgar, restringiendo su movilidad. -Recuperaci\u00f3n y rehabilitaci\u00f3n de lesiones metacarpianas y carpianas.<\/p>\n","protected":false},"featured_media":2814,"comment_status":"open","ping_status":"closed","template":"","meta":{"_monsterinsights_skip_tracking":false,"_monsterinsights_sitenote_active":false,"_monsterinsights_sitenote_note":"","_monsterinsights_sitenote_category":0},"product_brand":[],"product_cat":[107],"product_tag":[],"class_list":{"0":"post-2817","1":"product","2":"type-product","3":"status-publish","4":"has-post-thumbnail","6":"product_cat-brazo-codo-muneca-miembre-superio","8":"first","9":"instock","10":"shipping-taxable","11":"product-type-simple"},"_links":{"self":[{"href":"https:\/\/ortopediagorgo.com.ar\/index.php?rest_route=\/wp\/v2\/product\/2817","targetHints":{"allow":["GET"]}}],"collection":[{"href":"https:\/\/ortopediagorgo.com.ar\/index.php?rest_route=\/wp\/v2\/product"}],"about":[{"href":"https:\/\/ortopediagorgo.com.ar\/index.php?rest_route=\/wp\/v2\/types\/product"}],"replies":[{"embeddable":true,"href":"https:\/\/ortopediagorgo.com.ar\/index.php?rest_route=%2Fwp%2Fv2%2Fcomments&post=2817"}],"version-history":[{"count":1,"href":"https:\/\/ortopediagorgo.com.ar\/index.php?rest_route=\/wp\/v2\/product\/2817\/revisions"}],"predecessor-version":[{"id":2818,"href":"https:\/\/ortopediagorgo.com.ar\/index.php?rest_route=\/wp\/v2\/product\/2817\/revisions\/2818"}],"wp:featuredmedia":[{"embeddable":true,"href":"https:\/\/ortopediagorgo.com.ar\/index.php?rest_route=\/wp\/v2\/media\/2814"}],"wp:attachment":[{"href":"https:\/\/ortopediagorgo.com.ar\/index.php?rest_route=%2Fwp%2Fv2%2Fmedia&parent=2817"}],"wp:term":[{"taxonomy":"product_brand","embeddable":true,"href":"https:\/\/ortopediagorgo.com.ar\/index.php?rest_route=%2Fwp%2Fv2%2Fproduct_brand&post=2817"},{"taxonomy":"product_cat","embeddable":true,"href":"https:\/\/ortopediagorgo.com.ar\/index.php?rest_route=%2Fwp%2Fv2%2Fproduct_cat&post=2817"},{"taxonomy":"product_tag","embeddable":true,"href":"https:\/\/ortopediagorgo.com.ar\/index.php?rest_route=%2Fwp%2Fv2%2Fproduct_tag&post=2817"}],"curies":[{"name":"wp","href":"https:\/\/api.w.org\/{rel}","templated":true}]}}